{"id":3284,"date":"2023-11-02T13:35:01","date_gmt":"2023-11-02T12:35:01","guid":{"rendered":"https:\/\/www.cottagesdeperpignan.com\/evenement-for-privatpersonen\/"},"modified":"2023-12-04T11:36:51","modified_gmt":"2023-12-04T10:36:51","slug":"evenement-for-privatpersonen","status":"publish","type":"page","link":"https:\/\/www.cottagesdeperpignan.com\/de\/evenement-for-privatpersonen\/","title":{"rendered":"Besondere Anl\u00e4sse"},"content":{"rendered":"<section id=\"ls-section-block_e24e3a6c4e8676f846b9f6f01d1b5a1f\" class=\"ls-section  page-intro\" >\r\n        <div class=\"container \">\r\n        \n\n<div class=\"wp-block-columns is-layout-flex wp-container-core-columns-is-layout-9d6595d7 wp-block-columns-is-layout-flex\">\n<div class=\"wp-block-column is-layout-flow wp-block-column-is-layout-flow\">\n<h1 class=\"ls__heading wp-block-heading has-text-align-center\">Organisieren Sie Ihre Familienfeiern <strong>auf unserem Campingplatz<\/strong><\/h1>\n<\/div>\n<\/div>\n\n\r\n    <\/div>\r\n<\/section><section id=\"ls-section-block_d15172c0c2936e87fe1965eea6ea34fb\" class=\"ls-section  page-one has-p-t p-t-0\" >\r\n        <div class=\"container container--wide\">\r\n        \n\n<div class=\"wp-block-columns is-layout-flex wp-container-core-columns-is-layout-9d6595d7 wp-block-columns-is-layout-flex\">\n<div class=\"wp-block-column first is-layout-flow wp-block-column-is-layout-flow\" style=\"flex-basis:66.66%\">\n<figure class=\"wp-block-gallery has-nested-images columns-default is-cropped gallery-slider wp-block-gallery-1 is-layout-flex wp-block-gallery-is-layout-flex\">\n<figure class=\"wp-block-image size-full\"><a href=\"https:\/\/www.cottagesdeperpignan.com\/wp-content\/uploads\/2023\/11\/louer-salle-mariage-pyrenees-orientales.webp\"><img decoding=\"async\" width=\"900\" height=\"1348\" data-id=\"4812\" src=\"https:\/\/www.cottagesdeperpignan.com\/wp-content\/uploads\/2023\/11\/louer-salle-mariage-pyrenees-orientales.webp\" alt=\"mieten hochzeitssaal pyrenees orientales\" class=\"wp-image-4812\" srcset=\"https:\/\/www.cottagesdeperpignan.com\/wp-content\/uploads\/2023\/11\/louer-salle-mariage-pyrenees-orientales.webp 900w, https:\/\/www.cottagesdeperpignan.com\/wp-content\/uploads\/2023\/11\/louer-salle-mariage-pyrenees-orientales-200x300.webp 200w, https:\/\/www.cottagesdeperpignan.com\/wp-content\/uploads\/2023\/11\/louer-salle-mariage-pyrenees-orientales-684x1024.webp 684w, https:\/\/www.cottagesdeperpignan.com\/wp-content\/uploads\/2023\/11\/louer-salle-mariage-pyrenees-orientales-768x1150.webp 768w\" sizes=\"(max-width: 900px) 100vw, 900px\" \/><\/a><\/figure>\n\n\n\n<figure class=\"wp-block-image size-full\"><a href=\"https:\/\/www.cottagesdeperpignan.com\/wp-content\/uploads\/2023\/11\/location-salle-mariage-perpignan.webp\"><img decoding=\"async\" width=\"900\" height=\"1269\" data-id=\"4807\" src=\"https:\/\/www.cottagesdeperpignan.com\/wp-content\/uploads\/2023\/11\/location-salle-mariage-perpignan.webp\" alt=\"vermietung hochzeitssaal perpignan\" class=\"wp-image-4807\" srcset=\"https:\/\/www.cottagesdeperpignan.com\/wp-content\/uploads\/2023\/11\/location-salle-mariage-perpignan.webp 900w, https:\/\/www.cottagesdeperpignan.com\/wp-content\/uploads\/2023\/11\/location-salle-mariage-perpignan-213x300.webp 213w, https:\/\/www.cottagesdeperpignan.com\/wp-content\/uploads\/2023\/11\/location-salle-mariage-perpignan-726x1024.webp 726w, https:\/\/www.cottagesdeperpignan.com\/wp-content\/uploads\/2023\/11\/location-salle-mariage-perpignan-768x1083.webp 768w\" sizes=\"(max-width: 900px) 100vw, 900px\" \/><\/a><\/figure>\n\n\n\n<figure class=\"wp-block-image size-full\"><a href=\"https:\/\/www.cottagesdeperpignan.com\/wp-content\/uploads\/2023\/11\/location-lieu-mariage-perpignan.webp\"><img decoding=\"async\" width=\"900\" height=\"1186\" data-id=\"4832\" src=\"https:\/\/www.cottagesdeperpignan.com\/wp-content\/uploads\/2023\/11\/location-lieu-mariage-perpignan.webp\" alt=\"vermietung hochzeitslocation perpignan\" class=\"wp-image-4832\" srcset=\"https:\/\/www.cottagesdeperpignan.com\/wp-content\/uploads\/2023\/11\/location-lieu-mariage-perpignan.webp 900w, https:\/\/www.cottagesdeperpignan.com\/wp-content\/uploads\/2023\/11\/location-lieu-mariage-perpignan-228x300.webp 228w, https:\/\/www.cottagesdeperpignan.com\/wp-content\/uploads\/2023\/11\/location-lieu-mariage-perpignan-777x1024.webp 777w, https:\/\/www.cottagesdeperpignan.com\/wp-content\/uploads\/2023\/11\/location-lieu-mariage-perpignan-768x1012.webp 768w\" sizes=\"(max-width: 900px) 100vw, 900px\" \/><\/a><\/figure>\n\n\n\n<figure class=\"wp-block-image size-full\"><a href=\"https:\/\/www.cottagesdeperpignan.com\/wp-content\/uploads\/2023\/11\/lieu-mariage-perpignan.webp\"><img decoding=\"async\" width=\"900\" height=\"1349\" data-id=\"4837\" src=\"https:\/\/www.cottagesdeperpignan.com\/wp-content\/uploads\/2023\/11\/lieu-mariage-perpignan.webp\" alt=\"Hochzeitsort Perpignan\" class=\"wp-image-4837\" srcset=\"https:\/\/www.cottagesdeperpignan.com\/wp-content\/uploads\/2023\/11\/lieu-mariage-perpignan.webp 900w, https:\/\/www.cottagesdeperpignan.com\/wp-content\/uploads\/2023\/11\/lieu-mariage-perpignan-200x300.webp 200w, https:\/\/www.cottagesdeperpignan.com\/wp-content\/uploads\/2023\/11\/lieu-mariage-perpignan-683x1024.webp 683w, https:\/\/www.cottagesdeperpignan.com\/wp-content\/uploads\/2023\/11\/lieu-mariage-perpignan-768x1151.webp 768w\" sizes=\"(max-width: 900px) 100vw, 900px\" \/><\/a><\/figure>\n\n\n\n<figure class=\"wp-block-image size-large\"><a href=\"https:\/\/www.cottagesdeperpignan.com\/wp-content\/uploads\/2023\/11\/reception-mariage-perpignan.webp\"><img decoding=\"async\" width=\"683\" height=\"1024\" data-id=\"4822\" src=\"https:\/\/www.cottagesdeperpignan.com\/wp-content\/uploads\/2023\/11\/reception-mariage-perpignan-683x1024.webp\" alt=\"reception mariage perpignan\" class=\"wp-image-4822\" srcset=\"https:\/\/www.cottagesdeperpignan.com\/wp-content\/uploads\/2023\/11\/reception-mariage-perpignan-683x1024.webp 683w, https:\/\/www.cottagesdeperpignan.com\/wp-content\/uploads\/2023\/11\/reception-mariage-perpignan-200x300.webp 200w, https:\/\/www.cottagesdeperpignan.com\/wp-content\/uploads\/2023\/11\/reception-mariage-perpignan-768x1151.webp 768w, https:\/\/www.cottagesdeperpignan.com\/wp-content\/uploads\/2023\/11\/reception-mariage-perpignan.webp 900w\" sizes=\"(max-width: 683px) 100vw, 683px\" \/><\/a><\/figure>\n<\/figure>\n<\/div>\n\n\n\n<div class=\"wp-block-column is-vertically-aligned-center second is-layout-flow wp-block-column-is-layout-flow\" style=\"flex-basis:33.33%\">\n<p class=\"ls-paragraph\">Gibt es eine <strong>Taufe<\/strong> zu feiern? Eine <strong>Hochzeit<\/strong> zu organisieren? Gibt es einen <strong>Geburtstag<\/strong> zu feiern? Keine Sorge, der <a href=\"https:\/\/www.cottagesdeperpignan.com\/de\/\">Campingplatz &#8222;Les Cottage de Perpignan&#8220;<\/a> verf\u00fcgt \u00fcber alle Einrichtungen, um <strong>festliche Veranstaltungen<\/strong> mit einer gro\u00dfen Anzahl von Personen zu organisieren!<\/p>\n\n\n\n<p class=\"ls-paragraph\">Unser <strong>Speisesaal<\/strong> mit <strong>Terrasse <\/strong>und<strong> Pool<\/strong> ist der ideale Ort, um gro\u00dfe Feste zu feiern. Der klimatisierte Saal bietet Platz f\u00fcr bis zu 120 G\u00e4ste in einem hellen und gem\u00fctlichen Rahmen! Am Eingang des <a href=\"https:\/\/www.cottagesdeperpignan.com\/de\/camping-schwimmbad-perpignan\/\">Campingplatzes mit Schwimmbad in Perpignan<\/a> steht ein gro\u00dfer, <strong>kostenloser Parkplatz<\/strong> zur Verf\u00fcgung, auf dem die G\u00e4ste Platz finden.<\/p>\n\n\n\n<p class=\"ls-paragraph\">Dann gibt es kein Z\u00f6gern mehr! Kontaktieren Sie uns, um sicherzugehen, dass Ihre Bankette, <strong>Hochzeits<\/strong>, Verlobungs-, Tauf- und Junggesellenabschiede oder andere <strong>Familienfeiern <\/strong>ein voller Erfolg werden!<\/p>\n<\/div>\n<\/div>\n\n\r\n    <\/div>\r\n<\/section><section id=\"ls-section-block_7c80e3643c00de9e5b936c6f61842236\" class=\"ls-section  page-one has-background has-color-6-background-color has-p-t p-t-14 has-p-b p-b-14\" >\r\n        <div class=\"container container--wide\">\r\n        \n\n<h2 class=\"ls__heading wp-block-heading has-text-align-center deco-top-center\">Ein erfahrenes Team f\u00fcr eine <strong>erfolgreiche festliche Veranstaltung<\/strong><\/h2>\n\n\n\n<div class=\"wp-block-columns is-layout-flex wp-container-core-columns-is-layout-9d6595d7 wp-block-columns-is-layout-flex\">\n<div class=\"wp-block-column is-vertically-aligned-center is-layout-flow wp-block-column-is-layout-flow\" style=\"flex-basis:33.33%\">\n<p class=\"ls-paragraph\">Diese Art von Veranstaltung erfordert eine <strong>straffe Organisation<\/strong> und gute F\u00e4higkeiten. <strong>Die Erfahrung<\/strong> und <strong>Professionalit\u00e4t<\/strong> unserer Teams sind ein echter Vorteil. Unsere Mitarbeiter sind organisiert, verf\u00fcgbar, dynamisch und enthusiastisch!<\/p>\n\n\n\n<p class=\"ls-paragraph\">Am Tag X wird er alles daran setzen, dass Ihr Empfang unter den besten Bedingungen stattfindet. Unsere K\u00f6che werden Ihnen mit Sorgfalt die von Ihnen gew\u00e4hlten Gerichte zubereiten. Sie werden ihre <strong>kulinarischen F\u00e4higkeiten<\/strong> zu sch\u00e4tzen wissen. <\/p>\n\n\n\n<p class=\"ls-paragraph\">Papillen und Pupillen werden in Feststimmung sein!<\/p>\n<\/div>\n\n\n\n<div class=\"wp-block-column is-layout-flow wp-block-column-is-layout-flow\" style=\"flex-basis:66.66%\">\n<figure class=\"wp-block-image size-full\"><img decoding=\"async\" width=\"900\" height=\"675\" src=\"https:\/\/www.cottagesdeperpignan.com\/wp-content\/uploads\/2023\/12\/louer-domaine-mariage-perpignan-edited.webp\" alt=\"mieten domain wedding perpignan\" class=\"wp-image-4850\" srcset=\"https:\/\/www.cottagesdeperpignan.com\/wp-content\/uploads\/2023\/12\/louer-domaine-mariage-perpignan-edited.webp 900w, https:\/\/www.cottagesdeperpignan.com\/wp-content\/uploads\/2023\/12\/louer-domaine-mariage-perpignan-edited-300x225.webp 300w, https:\/\/www.cottagesdeperpignan.com\/wp-content\/uploads\/2023\/12\/louer-domaine-mariage-perpignan-edited-768x576.webp 768w\" sizes=\"(max-width: 900px) 100vw, 900px\" \/><\/figure>\n<\/div>\n<\/div>\n\n\r\n    <\/div>\r\n<\/section><section id=\"ls-section-block_adf017005d26f8939f28b0e2efdbe56d\" class=\"ls-section  page-one has-p-t p-t-14 has-p-b p-b-14\" >\r\n        <div class=\"container container--wide\">\r\n        \n\n<div class=\"wp-block-columns is-layout-flex wp-container-core-columns-is-layout-9d6595d7 wp-block-columns-is-layout-flex\">\n<div class=\"wp-block-column first is-layout-flow wp-block-column-is-layout-flow\" style=\"flex-basis:66.66%\">\n<figure class=\"wp-block-gallery has-nested-images columns-default is-cropped gallery-slider wp-block-gallery-2 is-layout-flex wp-block-gallery-is-layout-flex\">\n<figure class=\"wp-block-image size-full\"><a href=\"https:\/\/www.cottagesdeperpignan.com\/wp-content\/uploads\/2023\/11\/organisation-mariage-perpignan.webp\"><img decoding=\"async\" width=\"900\" height=\"1211\" data-id=\"4817\" src=\"https:\/\/www.cottagesdeperpignan.com\/wp-content\/uploads\/2023\/11\/organisation-mariage-perpignan.webp\" alt=\"hochzeitsorganisation perpignan\" class=\"wp-image-4817\" srcset=\"https:\/\/www.cottagesdeperpignan.com\/wp-content\/uploads\/2023\/11\/organisation-mariage-perpignan.webp 900w, https:\/\/www.cottagesdeperpignan.com\/wp-content\/uploads\/2023\/11\/organisation-mariage-perpignan-223x300.webp 223w, https:\/\/www.cottagesdeperpignan.com\/wp-content\/uploads\/2023\/11\/organisation-mariage-perpignan-761x1024.webp 761w, https:\/\/www.cottagesdeperpignan.com\/wp-content\/uploads\/2023\/11\/organisation-mariage-perpignan-768x1033.webp 768w\" sizes=\"(max-width: 900px) 100vw, 900px\" \/><\/a><\/figure>\n\n\n\n<figure class=\"wp-block-image size-full\"><a href=\"https:\/\/www.cottagesdeperpignan.com\/wp-content\/uploads\/2023\/11\/cocktail.webp\"><img decoding=\"async\" width=\"900\" height=\"1165\" data-id=\"4827\" src=\"https:\/\/www.cottagesdeperpignan.com\/wp-content\/uploads\/2023\/11\/cocktail.webp\" alt=\"Cocktail\" class=\"wp-image-4827\" srcset=\"https:\/\/www.cottagesdeperpignan.com\/wp-content\/uploads\/2023\/11\/cocktail.webp 900w, https:\/\/www.cottagesdeperpignan.com\/wp-content\/uploads\/2023\/11\/cocktail-232x300.webp 232w, https:\/\/www.cottagesdeperpignan.com\/wp-content\/uploads\/2023\/11\/cocktail-791x1024.webp 791w, https:\/\/www.cottagesdeperpignan.com\/wp-content\/uploads\/2023\/11\/cocktail-768x994.webp 768w\" sizes=\"(max-width: 900px) 100vw, 900px\" \/><\/a><\/figure>\n<\/figure>\n<\/div>\n\n\n\n<div class=\"wp-block-column is-vertically-aligned-center second is-layout-flow wp-block-column-is-layout-flow\" style=\"flex-basis:33.33%\">\n<h2 class=\"ls__heading wp-block-heading deco\">Ma\u00dfgeschneiderte und <strong>qualitativ hochwertige<\/strong> Leistungen<\/h2>\n\n\n\n<p class=\"ls-paragraph\">Sobald Sie den Termin f\u00fcr Ihre Veranstaltung festgelegt haben, stehen wir Ihnen zur Verf\u00fcgung, um gemeinsam die organisatorischen Modalit\u00e4ten zu besprechen. Men\u00fcauswahl, Dekoration, musikalische Untermalung &#8211; alles wird genau studiert und durchdacht. Einige Details sind n\u00e4mlich wichtig, um eine <strong>gute Atmosph\u00e4re<\/strong> zu schaffen und daf\u00fcr zu sorgen, dass alle Spa\u00df haben.<\/p>\n\n\n\n<p class=\"ls-paragraph\">Wir legen gemeinsam <strong>das Budget<\/strong> fest, das f\u00fcr die Organisation des Essens, der Dekoration und der musikalischen Untermalung ben\u00f6tigt wird. Alles wird genau so sein, wie Sie es sich w\u00fcnschen! Unser Ziel ist es, dass Ihre festliche Veranstaltung ein Erfolg wird und f\u00fcr Sie und Ihre G\u00e4ste ein <strong>unvergessliches<\/strong> Erlebnis bleibt.<\/p>\n\n\n\n<p class=\"ls-paragraph\">Einer der gr\u00f6\u00dften Vorteile, Ihre Veranstaltung mit uns zu organisieren, ist, dass Sie Ihre Unterk\u00fcnfte direkt vor Ort haben werden, mit unserer Auswahl an <a href=\"https:\/\/www.cottagesdeperpignan.com\/de\/unsere-unterkuenfte\/\">Mobilheimen in Perpignan<\/a>! Um Ihre festlichen Veranstaltungen zu organisieren, stehen wir Ihnen gerne zur Verf\u00fcgung. Z\u00f6gern Sie nicht, <strong>Frau BENADDA Dalila<\/strong> unter <strong>+33 6.02.06.83.85<\/strong> zu kontaktieren, um den Raum zu reservieren und gemeinsam \u00fcber Ihr Projekt zu sprechen.<\/p>\n<\/div>\n<\/div>\n\n\r\n    <\/div>\r\n<\/section><section id=\"ls-section-block_e277d77fdac42789c241ce4e0b80d8ca\" class=\"ls-section  page-maillage has-p-b p-b-14\" >\r\n        <div class=\"container container--wide\">\r\n        \n\n<div id=\"ls-heading ls-titre-div-block_f583337a41e458e19006ee641ee7109e\" class=\"ls-titre-div deco h2-like\" >\n    <strong>Organisieren Sie eine professionelle Veranstaltung <\/strong> <\/br> und entdecken Sie die Animationen, die Unterk\u00fcnfte!<\/div>\n\n\n<div id=\"ls-maillage-block_218681b47618eb113279323eace8f297\" class=\"ls-maillage cta-style-normal\" data-rows=\"3\">\n    <div class=\"wp-block-columns\"><div class=\"wp-block-column\"><div class=\"ls-cta \">\n\n<a href=\"https:\/\/www.cottagesdeperpignan.com\/de\/aktivitaeten-und-ausstattungen\/\" target=\"\" rel=\"noopener\" class=\"ls-cta__link\">\n\n\t<div class=\"ls-cta__image\"><img decoding=\"async\" src=\"https:\/\/www.cottagesdeperpignan.com\/wp-content\/uploads\/2023\/11\/camping-cottage-2023_les-cottages-de-perpignan_animations_42_0.webp\" alt=\"die cottages von perpignan volleyball\"><\/div>\n\t<div class=\"ls-cta__title\">\n\t\tAnimationen\t<\/div>\n\n\t<div class=\"ls-button ls-button--cta\"><span>Entdecken Sie<\/span><i class='lagon-fleche-vers-le-haut'><\/i><\/div>\n\n\t<pre>NULL\n<\/pre>\n\t\t\n<\/a>\n\n\n<\/div><\/div><div class=\"wp-block-column\"><div class=\"ls-cta \">\n\n<a href=\"https:\/\/www.cottagesdeperpignan.com\/de\/berufliche-veranstaltungen-perpignan\/\" target=\"\" rel=\"noopener\" class=\"ls-cta__link\">\n\n\t<div class=\"ls-cta__image\"><img decoding=\"async\" src=\"https:\/\/www.cottagesdeperpignan.com\/wp-content\/uploads\/2023\/11\/degustation-camping-vin.webp\" alt=\"degustation camping wein\"><\/div>\n\t<div class=\"ls-cta__title\">\n\t\tPro-Events\t<\/div>\n\n\t<div class=\"ls-button ls-button--cta\"><span>Entdecken Sie<\/span><i class='lagon-fleche-vers-le-haut'><\/i><\/div>\n\n\t<pre>NULL\n<\/pre>\n\t\t\n<\/a>\n\n\n<\/div><\/div><div class=\"wp-block-column\"><div class=\"ls-cta \">\n\n<a href=\"https:\/\/www.cottagesdeperpignan.com\/de\/unsere-unterkuenfte\/\" target=\"\" rel=\"noopener\" class=\"ls-cta__link\">\n\n\t<div class=\"ls-cta__image\"><img decoding=\"async\" src=\"https:\/\/www.cottagesdeperpignan.com\/wp-content\/uploads\/2023\/11\/location-mobil-home-perpignan.webp\" alt=\"vermietung mobilheim perpignan\"><\/div>\n\t<div class=\"ls-cta__title\">\n\t\tMobilheime\t<\/div>\n\n\t<div class=\"ls-button ls-button--cta\"><span>Entdecken Sie<\/span><i class='lagon-fleche-vers-le-haut'><\/i><\/div>\n\n\t<pre>NULL\n<\/pre>\n\t\t\n<\/a>\n\n\n<\/div><\/div><\/div><\/div>\n\r\n    <\/div>\r\n<\/section>","protected":false},"excerpt":{"rendered":"","protected":false},"author":1,"featured_media":4863,"parent":0,"menu_order":0,"comment_status":"closed","ping_status":"closed","template":"","meta":{"_acf_changed":false,"inline_featured_image":false,"footnotes":""},"sujet":[],"class_list":["post-3284","page","type-page","status-publish","has-post-thumbnail","hentry"],"acf":[],"yoast_head":"<!-- This site is optimized with the Yoast SEO plugin v23.4 - https:\/\/yoast.com\/wordpress\/plugins\/seo\/ -->\n<title>Besondere Ereignisse Perpignan: Organisieren Sie Ihre Hochzeiten, Cousinaden oder andere Veranstaltungen in Perpignan.<\/title>\n<meta name=\"robots\" content=\"index, follow, max-snippet:-1, max-image-preview:large, max-video-preview:-1\" \/>\n<link rel=\"canonical\" href=\"https:\/\/www.cottagesdeperpignan.com\/de\/evenement-for-privatpersonen\/\" \/>\n<meta property=\"og:locale\" content=\"de_DE\" \/>\n<meta property=\"og:type\" content=\"article\" \/>\n<meta property=\"og:title\" content=\"Besondere Ereignisse Perpignan: Organisieren Sie Ihre Hochzeiten, Cousinaden oder andere Veranstaltungen in Perpignan.\" \/>\n<meta property=\"og:url\" content=\"https:\/\/www.cottagesdeperpignan.com\/de\/evenement-for-privatpersonen\/\" \/>\n<meta property=\"og:site_name\" content=\"Les Cottages de Perpignan\" \/>\n<meta property=\"article:modified_time\" content=\"2023-12-04T10:36:51+00:00\" \/>\n<meta property=\"og:image\" content=\"https:\/\/www.cottagesdeperpignan.com\/wp-content\/uploads\/2023\/12\/louer-salle-mariage-perpignan.webp\" \/>\n\t<meta property=\"og:image:width\" content=\"2000\" \/>\n\t<meta property=\"og:image:height\" content=\"1224\" \/>\n\t<meta property=\"og:image:type\" content=\"image\/webp\" \/>\n<meta name=\"twitter:card\" content=\"summary_large_image\" \/>\n<meta name=\"twitter:label1\" content=\"Gesch\u00e4tzte Lesezeit\" \/>\n\t<meta name=\"twitter:data1\" content=\"2\u00a0Minuten\" \/>\n<script type=\"application\/ld+json\" class=\"yoast-schema-graph\">{\"@context\":\"https:\/\/schema.org\",\"@graph\":[{\"@type\":\"WebPage\",\"@id\":\"https:\/\/www.cottagesdeperpignan.com\/de\/evenement-for-privatpersonen\/\",\"url\":\"https:\/\/www.cottagesdeperpignan.com\/de\/evenement-for-privatpersonen\/\",\"name\":\"Besondere Ereignisse Perpignan: Organisieren Sie Ihre Hochzeiten, Cousinaden oder andere Veranstaltungen in Perpignan.\",\"isPartOf\":{\"@id\":\"https:\/\/www.cottagesdeperpignan.com\/de\/#website\"},\"primaryImageOfPage\":{\"@id\":\"https:\/\/www.cottagesdeperpignan.com\/de\/evenement-for-privatpersonen\/#primaryimage\"},\"image\":{\"@id\":\"https:\/\/www.cottagesdeperpignan.com\/de\/evenement-for-privatpersonen\/#primaryimage\"},\"thumbnailUrl\":\"https:\/\/www.cottagesdeperpignan.com\/wp-content\/uploads\/2023\/12\/louer-salle-mariage-perpignan.webp\",\"datePublished\":\"2023-11-02T12:35:01+00:00\",\"dateModified\":\"2023-12-04T10:36:51+00:00\",\"breadcrumb\":{\"@id\":\"https:\/\/www.cottagesdeperpignan.com\/de\/evenement-for-privatpersonen\/#breadcrumb\"},\"inLanguage\":\"de\",\"potentialAction\":[{\"@type\":\"ReadAction\",\"target\":[\"https:\/\/www.cottagesdeperpignan.com\/de\/evenement-for-privatpersonen\/\"]}]},{\"@type\":\"ImageObject\",\"inLanguage\":\"de\",\"@id\":\"https:\/\/www.cottagesdeperpignan.com\/de\/evenement-for-privatpersonen\/#primaryimage\",\"url\":\"https:\/\/www.cottagesdeperpignan.com\/wp-content\/uploads\/2023\/12\/louer-salle-mariage-perpignan.webp\",\"contentUrl\":\"https:\/\/www.cottagesdeperpignan.com\/wp-content\/uploads\/2023\/12\/louer-salle-mariage-perpignan.webp\",\"width\":2000,\"height\":1224,\"caption\":\"mieten hochzeitssaal perpignan\"},{\"@type\":\"BreadcrumbList\",\"@id\":\"https:\/\/www.cottagesdeperpignan.com\/de\/evenement-for-privatpersonen\/#breadcrumb\",\"itemListElement\":[{\"@type\":\"ListItem\",\"position\":1,\"name\":\"Camping Perpignan\",\"item\":\"https:\/\/www.cottagesdeperpignan.com\/de\/\"},{\"@type\":\"ListItem\",\"position\":2,\"name\":\"Besonderes Ereignis Perpignan\"}]},{\"@type\":\"WebSite\",\"@id\":\"https:\/\/www.cottagesdeperpignan.com\/de\/#website\",\"url\":\"https:\/\/www.cottagesdeperpignan.com\/de\/\",\"name\":\"Les Cottages de Perpignan\",\"description\":\"\",\"publisher\":{\"@id\":\"https:\/\/www.cottagesdeperpignan.com\/de\/#organization\"},\"potentialAction\":[{\"@type\":\"SearchAction\",\"target\":{\"@type\":\"EntryPoint\",\"urlTemplate\":\"https:\/\/www.cottagesdeperpignan.com\/de\/?s={search_term_string}\"},\"query-input\":{\"@type\":\"PropertyValueSpecification\",\"valueRequired\":true,\"valueName\":\"search_term_string\"}}],\"inLanguage\":\"de\"},{\"@type\":\"Organization\",\"@id\":\"https:\/\/www.cottagesdeperpignan.com\/de\/#organization\",\"name\":\"Les Cottages de Perpignan\",\"url\":\"https:\/\/www.cottagesdeperpignan.com\/de\/\",\"logo\":{\"@type\":\"ImageObject\",\"inLanguage\":\"de\",\"@id\":\"https:\/\/www.cottagesdeperpignan.com\/de\/#\/schema\/logo\/image\/\",\"url\":\"https:\/\/www.cottagesdeperpignan.com\/wp-content\/uploads\/2023\/11\/logo-cottages-perpignan.png\",\"contentUrl\":\"https:\/\/www.cottagesdeperpignan.com\/wp-content\/uploads\/2023\/11\/logo-cottages-perpignan.png\",\"width\":2560,\"height\":1418,\"caption\":\"Les Cottages de Perpignan\"},\"image\":{\"@id\":\"https:\/\/www.cottagesdeperpignan.com\/de\/#\/schema\/logo\/image\/\"}}]}<\/script>\n<!-- \/ Yoast SEO plugin. -->","yoast_head_json":{"title":"Besondere Ereignisse Perpignan: Organisieren Sie Ihre Hochzeiten, Cousinaden oder andere Veranstaltungen in Perpignan.","robots":{"index":"index","follow":"follow","max-snippet":"max-snippet:-1","max-image-preview":"max-image-preview:large","max-video-preview":"max-video-preview:-1"},"canonical":"https:\/\/www.cottagesdeperpignan.com\/de\/evenement-for-privatpersonen\/","og_locale":"de_DE","og_type":"article","og_title":"Besondere Ereignisse Perpignan: Organisieren Sie Ihre Hochzeiten, Cousinaden oder andere Veranstaltungen in Perpignan.","og_url":"https:\/\/www.cottagesdeperpignan.com\/de\/evenement-for-privatpersonen\/","og_site_name":"Les Cottages de Perpignan","article_modified_time":"2023-12-04T10:36:51+00:00","og_image":[{"width":2000,"height":1224,"url":"https:\/\/www.cottagesdeperpignan.com\/wp-content\/uploads\/2023\/12\/louer-salle-mariage-perpignan.webp","type":"image\/webp"}],"twitter_card":"summary_large_image","twitter_misc":{"Gesch\u00e4tzte Lesezeit":"2\u00a0Minuten"},"schema":{"@context":"https:\/\/schema.org","@graph":[{"@type":"WebPage","@id":"https:\/\/www.cottagesdeperpignan.com\/de\/evenement-for-privatpersonen\/","url":"https:\/\/www.cottagesdeperpignan.com\/de\/evenement-for-privatpersonen\/","name":"Besondere Ereignisse Perpignan: Organisieren Sie Ihre Hochzeiten, Cousinaden oder andere Veranstaltungen in Perpignan.","isPartOf":{"@id":"https:\/\/www.cottagesdeperpignan.com\/de\/#website"},"primaryImageOfPage":{"@id":"https:\/\/www.cottagesdeperpignan.com\/de\/evenement-for-privatpersonen\/#primaryimage"},"image":{"@id":"https:\/\/www.cottagesdeperpignan.com\/de\/evenement-for-privatpersonen\/#primaryimage"},"thumbnailUrl":"https:\/\/www.cottagesdeperpignan.com\/wp-content\/uploads\/2023\/12\/louer-salle-mariage-perpignan.webp","datePublished":"2023-11-02T12:35:01+00:00","dateModified":"2023-12-04T10:36:51+00:00","breadcrumb":{"@id":"https:\/\/www.cottagesdeperpignan.com\/de\/evenement-for-privatpersonen\/#breadcrumb"},"inLanguage":"de","potentialAction":[{"@type":"ReadAction","target":["https:\/\/www.cottagesdeperpignan.com\/de\/evenement-for-privatpersonen\/"]}]},{"@type":"ImageObject","inLanguage":"de","@id":"https:\/\/www.cottagesdeperpignan.com\/de\/evenement-for-privatpersonen\/#primaryimage","url":"https:\/\/www.cottagesdeperpignan.com\/wp-content\/uploads\/2023\/12\/louer-salle-mariage-perpignan.webp","contentUrl":"https:\/\/www.cottagesdeperpignan.com\/wp-content\/uploads\/2023\/12\/louer-salle-mariage-perpignan.webp","width":2000,"height":1224,"caption":"mieten hochzeitssaal perpignan"},{"@type":"BreadcrumbList","@id":"https:\/\/www.cottagesdeperpignan.com\/de\/evenement-for-privatpersonen\/#breadcrumb","itemListElement":[{"@type":"ListItem","position":1,"name":"Camping Perpignan","item":"https:\/\/www.cottagesdeperpignan.com\/de\/"},{"@type":"ListItem","position":2,"name":"Besonderes Ereignis Perpignan"}]},{"@type":"WebSite","@id":"https:\/\/www.cottagesdeperpignan.com\/de\/#website","url":"https:\/\/www.cottagesdeperpignan.com\/de\/","name":"Les Cottages de Perpignan","description":"","publisher":{"@id":"https:\/\/www.cottagesdeperpignan.com\/de\/#organization"},"potentialAction":[{"@type":"SearchAction","target":{"@type":"EntryPoint","urlTemplate":"https:\/\/www.cottagesdeperpignan.com\/de\/?s={search_term_string}"},"query-input":{"@type":"PropertyValueSpecification","valueRequired":true,"valueName":"search_term_string"}}],"inLanguage":"de"},{"@type":"Organization","@id":"https:\/\/www.cottagesdeperpignan.com\/de\/#organization","name":"Les Cottages de Perpignan","url":"https:\/\/www.cottagesdeperpignan.com\/de\/","logo":{"@type":"ImageObject","inLanguage":"de","@id":"https:\/\/www.cottagesdeperpignan.com\/de\/#\/schema\/logo\/image\/","url":"https:\/\/www.cottagesdeperpignan.com\/wp-content\/uploads\/2023\/11\/logo-cottages-perpignan.png","contentUrl":"https:\/\/www.cottagesdeperpignan.com\/wp-content\/uploads\/2023\/11\/logo-cottages-perpignan.png","width":2560,"height":1418,"caption":"Les Cottages de Perpignan"},"image":{"@id":"https:\/\/www.cottagesdeperpignan.com\/de\/#\/schema\/logo\/image\/"}}]}},"_links":{"self":[{"href":"https:\/\/www.cottagesdeperpignan.com\/de\/wp-json\/wp\/v2\/pages\/3284","targetHints":{"allow":["GET"]}}],"collection":[{"href":"https:\/\/www.cottagesdeperpignan.com\/de\/wp-json\/wp\/v2\/pages"}],"about":[{"href":"https:\/\/www.cottagesdeperpignan.com\/de\/wp-json\/wp\/v2\/types\/page"}],"author":[{"embeddable":true,"href":"https:\/\/www.cottagesdeperpignan.com\/de\/wp-json\/wp\/v2\/users\/1"}],"replies":[{"embeddable":true,"href":"https:\/\/www.cottagesdeperpignan.com\/de\/wp-json\/wp\/v2\/comments?post=3284"}],"version-history":[{"count":3,"href":"https:\/\/www.cottagesdeperpignan.com\/de\/wp-json\/wp\/v2\/pages\/3284\/revisions"}],"predecessor-version":[{"id":4870,"href":"https:\/\/www.cottagesdeperpignan.com\/de\/wp-json\/wp\/v2\/pages\/3284\/revisions\/4870"}],"wp:featuredmedia":[{"embeddable":true,"href":"https:\/\/www.cottagesdeperpignan.com\/de\/wp-json\/wp\/v2\/media\/4863"}],"wp:attachment":[{"href":"https:\/\/www.cottagesdeperpignan.com\/de\/wp-json\/wp\/v2\/media?parent=3284"}],"wp:term":[{"taxonomy":"sujet","embeddable":true,"href":"https:\/\/www.cottagesdeperpignan.com\/de\/wp-json\/wp\/v2\/sujet?post=3284"}],"curies":[{"name":"wp","href":"https:\/\/api.w.org\/{rel}","templated":true}]}}