{"id":3621,"date":"2023-11-06T15:59:53","date_gmt":"2023-11-06T14:59:53","guid":{"rendered":"https:\/\/www.cottagesdeperpignan.com\/perpignan-entdecken\/"},"modified":"2023-12-04T09:56:39","modified_gmt":"2023-12-04T08:56:39","slug":"perpignan-entdecken","status":"publish","type":"page","link":"https:\/\/www.cottagesdeperpignan.com\/de\/perpignan-entdecken\/","title":{"rendered":"Perpignan"},"content":{"rendered":"<section id=\"ls-section-block_32d54cc75c809cef7d3c7fd537d796e2\" class=\"ls-section  has-p-t p-t-8\" >\r\n        <div class=\"container \">\r\n        \n\n<div class=\"wp-block-columns is-layout-flex wp-container-core-columns-is-layout-9d6595d7 wp-block-columns-is-layout-flex\">\n<div class=\"wp-block-column is-layout-flow wp-block-column-is-layout-flow\">\n<h1 class=\"ls__heading wp-block-heading has-text-align-center\"><strong>Perpignan<\/strong> entdecken<\/h1>\n<\/div>\n<\/div>\n\n\n\n<div id=\"ls-heading ls-titre-div-block_171aa585a3ffaab41647dae8f16fce6e\" class=\"ls-titre-div aligncenter h2-like\" >\n    \u00ab <strong>Fidelissima<\/strong> \u00bb, die sch\u00f6ne Katalanin<\/div>\n\n\r\n    <\/div>\r\n<\/section><section id=\"ls-section-block_a552b9dbbdc5492ee10234d7918050c8\" class=\"ls-section  page-one has-p-t p-t-0\" >\r\n        <div class=\"container container--wide\">\r\n        \n\n<div class=\"wp-block-columns is-layout-flex wp-container-core-columns-is-layout-9d6595d7 wp-block-columns-is-layout-flex\">\n<div class=\"wp-block-column first is-layout-flow wp-block-column-is-layout-flow\" style=\"flex-basis:66.66%\">\n<figure class=\"wp-block-gallery has-nested-images columns-default is-cropped gallery-slider wp-block-gallery-1 is-layout-flex wp-block-gallery-is-layout-flex\">\n<figure class=\"wp-block-image size-full\"><a href=\"https:\/\/www.cottagesdeperpignan.com\/wp-content\/uploads\/2023\/11\/tourisme-perpignan.webp\"><img decoding=\"async\" width=\"1600\" height=\"1066\" data-id=\"2106\" src=\"https:\/\/www.cottagesdeperpignan.com\/wp-content\/uploads\/2023\/11\/tourisme-perpignan.webp\" alt=\"tourismus perpignan\" class=\"wp-image-2106\" srcset=\"https:\/\/www.cottagesdeperpignan.com\/wp-content\/uploads\/2023\/11\/tourisme-perpignan.webp 1600w, https:\/\/www.cottagesdeperpignan.com\/wp-content\/uploads\/2023\/11\/tourisme-perpignan-300x200.webp 300w, https:\/\/www.cottagesdeperpignan.com\/wp-content\/uploads\/2023\/11\/tourisme-perpignan-1024x682.webp 1024w, https:\/\/www.cottagesdeperpignan.com\/wp-content\/uploads\/2023\/11\/tourisme-perpignan-768x512.webp 768w, https:\/\/www.cottagesdeperpignan.com\/wp-content\/uploads\/2023\/11\/tourisme-perpignan-1536x1023.webp 1536w\" sizes=\"(max-width: 1600px) 100vw, 1600px\" \/><\/a><\/figure>\n\n\n\n<figure class=\"wp-block-image size-full\"><a href=\"https:\/\/www.cottagesdeperpignan.com\/wp-content\/uploads\/2023\/11\/visite-perpignan-scaled.webp\"><img decoding=\"async\" width=\"2560\" height=\"1706\" data-id=\"2111\" src=\"https:\/\/www.cottagesdeperpignan.com\/wp-content\/uploads\/2023\/11\/visite-perpignan-scaled.webp\" alt=\"besuch perpignan\" class=\"wp-image-2111\" srcset=\"https:\/\/www.cottagesdeperpignan.com\/wp-content\/uploads\/2023\/11\/visite-perpignan-scaled.webp 2560w, https:\/\/www.cottagesdeperpignan.com\/wp-content\/uploads\/2023\/11\/visite-perpignan-300x200.webp 300w, https:\/\/www.cottagesdeperpignan.com\/wp-content\/uploads\/2023\/11\/visite-perpignan-1024x682.webp 1024w, https:\/\/www.cottagesdeperpignan.com\/wp-content\/uploads\/2023\/11\/visite-perpignan-768x512.webp 768w, https:\/\/www.cottagesdeperpignan.com\/wp-content\/uploads\/2023\/11\/visite-perpignan-1536x1024.webp 1536w, https:\/\/www.cottagesdeperpignan.com\/wp-content\/uploads\/2023\/11\/visite-perpignan-2048x1365.webp 2048w\" sizes=\"(max-width: 2560px) 100vw, 2560px\" \/><\/a><\/figure>\n\n\n\n<figure class=\"wp-block-image size-full\"><a href=\"https:\/\/www.cottagesdeperpignan.com\/wp-content\/uploads\/2023\/11\/sejour-perpignan.webp\"><img decoding=\"async\" width=\"1920\" height=\"1280\" data-id=\"2103\" src=\"https:\/\/www.cottagesdeperpignan.com\/wp-content\/uploads\/2023\/11\/sejour-perpignan.webp\" alt=\"Aufenthalt perpignan\" class=\"wp-image-2103\" srcset=\"https:\/\/www.cottagesdeperpignan.com\/wp-content\/uploads\/2023\/11\/sejour-perpignan.webp 1920w, https:\/\/www.cottagesdeperpignan.com\/wp-content\/uploads\/2023\/11\/sejour-perpignan-300x200.webp 300w, https:\/\/www.cottagesdeperpignan.com\/wp-content\/uploads\/2023\/11\/sejour-perpignan-1024x683.webp 1024w, https:\/\/www.cottagesdeperpignan.com\/wp-content\/uploads\/2023\/11\/sejour-perpignan-768x512.webp 768w, https:\/\/www.cottagesdeperpignan.com\/wp-content\/uploads\/2023\/11\/sejour-perpignan-1536x1024.webp 1536w\" sizes=\"(max-width: 1920px) 100vw, 1920px\" \/><\/a><\/figure>\n\n\n\n<figure class=\"wp-block-image size-full\"><a href=\"https:\/\/www.cottagesdeperpignan.com\/wp-content\/uploads\/2023\/11\/chateau-perpignan-scaled.webp\"><img decoding=\"async\" width=\"2560\" height=\"1706\" data-id=\"2119\" src=\"https:\/\/www.cottagesdeperpignan.com\/wp-content\/uploads\/2023\/11\/chateau-perpignan-scaled.webp\" alt=\"schloss perpignan\" class=\"wp-image-2119\" srcset=\"https:\/\/www.cottagesdeperpignan.com\/wp-content\/uploads\/2023\/11\/chateau-perpignan-scaled.webp 2560w, https:\/\/www.cottagesdeperpignan.com\/wp-content\/uploads\/2023\/11\/chateau-perpignan-300x200.webp 300w, https:\/\/www.cottagesdeperpignan.com\/wp-content\/uploads\/2023\/11\/chateau-perpignan-1024x682.webp 1024w, https:\/\/www.cottagesdeperpignan.com\/wp-content\/uploads\/2023\/11\/chateau-perpignan-768x512.webp 768w, https:\/\/www.cottagesdeperpignan.com\/wp-content\/uploads\/2023\/11\/chateau-perpignan-1536x1024.webp 1536w, https:\/\/www.cottagesdeperpignan.com\/wp-content\/uploads\/2023\/11\/chateau-perpignan-2048x1365.webp 2048w\" sizes=\"(max-width: 2560px) 100vw, 2560px\" \/><\/a><\/figure>\n<\/figure>\n<\/div>\n\n\n\n<div class=\"wp-block-column is-vertically-aligned-center second is-layout-flow wp-block-column-is-layout-flow\" style=\"flex-basis:33.33%\">\n<h2 class=\"ls__heading wp-block-heading deco\">Entdecken Sie die Reicht\u00fcmer von Perpignan und <strong>der Pyr\u00e9n\u00e9es-Orientales!<\/strong><\/h2>\n\n\n\n<p class=\"ls-paragraph\">Der <a href=\"https:\/\/www.cottagesdeperpignan.com\/de\/affiliate-maeva\/\">Campingplatz Maeva Escapades<\/a> &#8222;Les cottages de Perpignan&#8220; liegt am Rande des Stadtzentrums von Perpignan und ist ein perfekter Ort, um die Region zu erkunden. Tats\u00e4chlich befindet sich unser <a href=\"https:\/\/www.cottagesdeperpignan.com\/de\/\">4-Sterne-Campingplatz in Perpignan<\/a> in der N\u00e4he der wichtigsten Sehensw\u00fcrdigkeiten der Stadt und ihrer Umgebung.<\/p>\n\n\n\n<p class=\"ls-paragraph\">Tats\u00e4chlich bietet die Region Perpignanais ebenso zahlreiche wie vielf\u00e4ltige touristische und kulturelle Reicht\u00fcmer, die wahrscheinlich erkl\u00e4ren, warum <strong>Salvador Dal\u00ed<\/strong> seinen Bahnhof als &#8220; <strong>Zentrum der Welt<\/strong> &#8220; bezeichnete. Perpignan, &#8222;die sch\u00f6ne Katalanin&#8220;, befindet sich zweifellos an der Schnittstelle zwischen mediterranen, pyren\u00e4ischen, katalanischen und okzitanischen Einfl\u00fcssen &#8211; und noch viel mehr!<\/p>\n<\/div>\n<\/div>\n\n\r\n    <\/div>\r\n<\/section><section id=\"ls-section-block_2c657ba8246dfa320834e93c630472dc\" class=\"ls-section  page-one has-background has-color-6-background-color has-p-t p-t-14 has-p-b p-b-14\" >\r\n        <div class=\"container container--wide\">\r\n        \n\n<div class=\"wp-block-columns is-layout-flex wp-container-core-columns-is-layout-9d6595d7 wp-block-columns-is-layout-flex\">\n<div class=\"wp-block-column is-vertically-aligned-center is-layout-flow wp-block-column-is-layout-flow\" style=\"flex-basis:33.33%\">\n<h2 class=\"ls__heading wp-block-heading has-text-align-left deco\">Kathedrale <strong>St. Johannes der T\u00e4ufer<\/strong><\/h2>\n\n\n\n<p class=\"ls-paragraph\">Das Anwesen besteht eigentlich aus zwei verschiedenen Geb\u00e4uden, die f\u00fcr die \u00d6ffentlichkeit zug\u00e4nglich sind: die wundersch\u00f6ne romanische Kirche St. Johannes der Alte und die nicht weniger pr\u00e4chtige gotische Kathedrale St. Johannes der T\u00e4ufer.<\/p>\n\n\n\n<h2 class=\"ls__heading wp-block-heading deco m-t-4\">Villa des Tilleuls &#8211; <strong>Garten Puig<\/strong><\/h2>\n\n\n\n<p class=\"ls-paragraph\">Die Villa des Tilleuls wurde von dem d\u00e4nischen Architekten Viggo Dorph-Petersen w\u00e4hrend der Belle \u00c9poque entworfen und befindet sich im Stadtzentrum von Perpignan.<\/p>\n\n\n\n<p class=\"ls-paragraph\">Sein charmanter romantischer Garten beherbergt das Joseph-Puig-Museum sowie die Bernard-Nicolau-Bibliothek.<\/p>\n<\/div>\n\n\n\n<div class=\"wp-block-column is-layout-flow wp-block-column-is-layout-flow\" style=\"flex-basis:66.66%\">\n<figure class=\"wp-block-image size-full\"><img decoding=\"async\" width=\"2560\" height=\"1706\" src=\"https:\/\/www.cottagesdeperpignan.com\/wp-content\/uploads\/2023\/11\/cathedrale-saint-jean-baptiste-perpignan-scaled.webp\" alt=\"kathedrale saint jean baptiste perpignan\" class=\"wp-image-1955\" srcset=\"https:\/\/www.cottagesdeperpignan.com\/wp-content\/uploads\/2023\/11\/cathedrale-saint-jean-baptiste-perpignan-scaled.webp 2560w, https:\/\/www.cottagesdeperpignan.com\/wp-content\/uploads\/2023\/11\/cathedrale-saint-jean-baptiste-perpignan-300x200.webp 300w, https:\/\/www.cottagesdeperpignan.com\/wp-content\/uploads\/2023\/11\/cathedrale-saint-jean-baptiste-perpignan-1024x682.webp 1024w, https:\/\/www.cottagesdeperpignan.com\/wp-content\/uploads\/2023\/11\/cathedrale-saint-jean-baptiste-perpignan-768x512.webp 768w, https:\/\/www.cottagesdeperpignan.com\/wp-content\/uploads\/2023\/11\/cathedrale-saint-jean-baptiste-perpignan-1536x1024.webp 1536w, https:\/\/www.cottagesdeperpignan.com\/wp-content\/uploads\/2023\/11\/cathedrale-saint-jean-baptiste-perpignan-2048x1365.webp 2048w\" sizes=\"(max-width: 2560px) 100vw, 2560px\" \/><\/figure>\n<\/div>\n<\/div>\n\n\r\n    <\/div>\r\n<\/section><section id=\"ls-section-block_2c657ba8246dfa320834e93c630472dc\" class=\"ls-section  page-one has-background has-color-6-background-color has-p-t p-t-14 has-p-b p-b-14\" >\r\n        <div class=\"container container--wide\">\r\n        \n\n<div class=\"wp-block-columns is-layout-flex wp-container-core-columns-is-layout-9d6595d7 wp-block-columns-is-layout-flex\">\n<div class=\"wp-block-column is-layout-flow wp-block-column-is-layout-flow\" style=\"flex-basis:66.66%\">\n<figure class=\"wp-block-image size-full\"><img decoding=\"async\" width=\"2560\" height=\"1706\" src=\"https:\/\/www.cottagesdeperpignan.com\/wp-content\/uploads\/2023\/11\/visiter-palais-des-rois-de-majorque-scaled.webp\" alt=\"besichtigen palast der k&#xF6;nige von mallorca\" class=\"wp-image-1915\" srcset=\"https:\/\/www.cottagesdeperpignan.com\/wp-content\/uploads\/2023\/11\/visiter-palais-des-rois-de-majorque-scaled.webp 2560w, https:\/\/www.cottagesdeperpignan.com\/wp-content\/uploads\/2023\/11\/visiter-palais-des-rois-de-majorque-300x200.webp 300w, https:\/\/www.cottagesdeperpignan.com\/wp-content\/uploads\/2023\/11\/visiter-palais-des-rois-de-majorque-1024x682.webp 1024w, https:\/\/www.cottagesdeperpignan.com\/wp-content\/uploads\/2023\/11\/visiter-palais-des-rois-de-majorque-768x512.webp 768w, https:\/\/www.cottagesdeperpignan.com\/wp-content\/uploads\/2023\/11\/visiter-palais-des-rois-de-majorque-1536x1024.webp 1536w, https:\/\/www.cottagesdeperpignan.com\/wp-content\/uploads\/2023\/11\/visiter-palais-des-rois-de-majorque-2048x1365.webp 2048w\" sizes=\"(max-width: 2560px) 100vw, 2560px\" \/><\/figure>\n<\/div>\n\n\n\n<div class=\"wp-block-column is-vertically-aligned-center is-layout-flow wp-block-column-is-layout-flow\" style=\"flex-basis:33.33%\">\n<h2 class=\"ls__heading wp-block-heading deco\">Palast der K\u00f6nige <strong>von Mallorca<\/strong><\/h2>\n\n\n\n<p class=\"ls-paragraph\">Dieser im Stadtkern von Perpignan gelegene befestigte Palast im gotischen Stil wurde im 13. Jahrhundert erbaut und war mehrere Jahrzehnte lang das Symbol der Macht von Jakob II. und seines fl\u00fcchtigen K\u00f6nigreichs Mallorca.<\/p>\n\n\n\n<h2 class=\"ls__heading wp-block-heading deco m-t-4\">Museum f\u00fcr<strong>Naturgeschichte<\/strong><\/h2>\n\n\n\n<p class=\"ls-paragraph\">Das Mus\u00e9um d&#8217;Histoire Naturelle befindet sich in der N\u00e4he des Viertels Saint-Jacques und bietet eine Dauerausstellung, in der verschiedene Aspekte der &#8211; manchmal sogar ausgestorbenen &#8211; Fauna und Flora der <a href=\"https:\/\/www.cottagesdeperpignan.com\/de\/die-region-entdecken\/\">\u00f6stlichen Pyren\u00e4en<\/a> vorgestellt werden.<\/p>\n\n\n\n<p class=\"ls-paragraph\">Ungew\u00f6hnlicherweise befindet sich in der Ausstellung auch eine \u00e4gyptische Mumie aus der XXIII\u1d49 Dynastie, die 1847 von Generalissimus Ibrahim Pascha nach einer Thermalkur in Vernet-les-Bains geschenkt wurde.<\/p>\n<\/div>\n<\/div>\n\n\r\n    <\/div>\r\n<\/section><section id=\"ls-section-block_0bfc3c2e4930324055d31c559cc0359a\" class=\"ls-section  page-maillage has-p-b p-b-14\" >\r\n        <div class=\"container container--wide\">\r\n        \n\n<div id=\"ls-heading ls-titre-div-block_32c23884fbd3b4dab5378015d85dda82\" class=\"ls-titre-div deco h2-like\" >\n    <strong>Entdecken Sie Okzitanien, <\/strong> <\/br>unsere Unterk\u00fcnfte und den Wasserbereich!<\/div>\n\n\n<div id=\"ls-maillage-block_992b84d0f5e446e4048159c8f6416d57\" class=\"ls-maillage cta-style-normal\" data-rows=\"3\">\n    <div class=\"wp-block-columns\"><div class=\"wp-block-column\"><div class=\"ls-cta \">\n\n<a href=\"https:\/\/www.cottagesdeperpignan.com\/de\/unsere-unterkuenfte\/\" target=\"\" rel=\"noopener\" class=\"ls-cta__link\">\n\n\t<div class=\"ls-cta__image\"><img decoding=\"async\" src=\"https:\/\/www.cottagesdeperpignan.com\/wp-content\/uploads\/2023\/11\/location-mobil-home-perpignan.webp\" alt=\"vermietung mobilheim perpignan\"><\/div>\n\t<div class=\"ls-cta__title\">\n\t\tMobilheime\t<\/div>\n\n\t<div class=\"ls-button ls-button--cta\"><span>Entdecken Sie<\/span><i class='lagon-fleche-vers-le-haut'><\/i><\/div>\n\n\t<pre>NULL\n<\/pre>\n\t\t\n<\/a>\n\n\n<\/div><\/div><div class=\"wp-block-column\"><div class=\"ls-cta \">\n\n<a href=\"https:\/\/www.cottagesdeperpignan.com\/de\/die-region-entdecken\/\" target=\"\" rel=\"noopener\" class=\"ls-cta__link\">\n\n\t<div class=\"ls-cta__image\"><img decoding=\"async\" src=\"https:\/\/www.cottagesdeperpignan.com\/wp-content\/uploads\/2023\/11\/visiter-argeles-sur-mer.webp\" alt=\"argeles sur mer besuchen\"><\/div>\n\t<div class=\"ls-cta__title\">\n\t\tOkzitanien\t<\/div>\n\n\t<div class=\"ls-button ls-button--cta\"><span>Entdecken Sie<\/span><i class='lagon-fleche-vers-le-haut'><\/i><\/div>\n\n\t<pre>NULL\n<\/pre>\n\t\t\n<\/a>\n\n\n<\/div><\/div><div class=\"wp-block-column\"><div class=\"ls-cta \">\n\n<a href=\"https:\/\/www.cottagesdeperpignan.com\/de\/camping-schwimmbad-perpignan\/\" target=\"\" rel=\"noopener\" class=\"ls-cta__link\">\n\n\t<div class=\"ls-cta__image\"><img decoding=\"async\" src=\"https:\/\/www.cottagesdeperpignan.com\/wp-content\/uploads\/2023\/11\/camping-cottage-piscine-pyrenees-orientales.webp\" alt=\"camping cottage schwimmbad pyrenees orientales\"><\/div>\n\t<div class=\"ls-cta__title\">\n\t\tDer Pool\t<\/div>\n\n\t<div class=\"ls-button ls-button--cta\"><span>Entdecken Sie<\/span><i class='lagon-fleche-vers-le-haut'><\/i><\/div>\n\n\t<pre>NULL\n<\/pre>\n\t\t\n<\/a>\n\n\n<\/div><\/div><\/div><\/div>\n\r\n    <\/div>\r\n<\/section>","protected":false},"excerpt":{"rendered":"","protected":false},"author":1,"featured_media":3624,"parent":0,"menu_order":0,"comment_status":"closed","ping_status":"closed","template":"","meta":{"_acf_changed":false,"inline_featured_image":false,"footnotes":""},"sujet":[],"class_list":["post-3621","page","type-page","status-publish","has-post-thumbnail","hentry"],"acf":[],"yoast_head":"<!-- This site is optimized with the Yoast SEO plugin v23.4 - https:\/\/yoast.com\/wordpress\/plugins\/seo\/ -->\n<title>Perpignan entdecken : 4 Orte in Perpignan, die Sie in Ihrem Urlaub nicht verpassen sollten<\/title>\n<meta name=\"description\" content=\"Entdecken Sie vier Orte, die Sie unbedingt besuchen sollten, wenn Sie durch Perpignan reisen.\" \/>\n<meta name=\"robots\" content=\"index, follow, max-snippet:-1, max-image-preview:large, max-video-preview:-1\" \/>\n<link rel=\"canonical\" href=\"https:\/\/www.cottagesdeperpignan.com\/de\/perpignan-entdecken\/\" \/>\n<meta property=\"og:locale\" content=\"de_DE\" \/>\n<meta property=\"og:type\" content=\"article\" \/>\n<meta property=\"og:title\" content=\"Perpignan entdecken : 4 Orte in Perpignan, die Sie in Ihrem Urlaub nicht verpassen sollten\" \/>\n<meta property=\"og:description\" content=\"Entdecken Sie vier Orte, die Sie unbedingt besuchen sollten, wenn Sie durch Perpignan reisen.\" \/>\n<meta property=\"og:url\" content=\"https:\/\/www.cottagesdeperpignan.com\/de\/perpignan-entdecken\/\" \/>\n<meta property=\"og:site_name\" content=\"Les Cottages de Perpignan\" \/>\n<meta property=\"article:modified_time\" content=\"2023-12-04T08:56:39+00:00\" \/>\n<meta property=\"og:image\" content=\"https:\/\/www.cottagesdeperpignan.com\/wp-content\/uploads\/2023\/11\/vacances-perpignan.webp\" \/>\n\t<meta property=\"og:image:width\" content=\"1920\" \/>\n\t<meta property=\"og:image:height\" content=\"1280\" \/>\n\t<meta property=\"og:image:type\" content=\"image\/webp\" \/>\n<meta name=\"twitter:card\" content=\"summary_large_image\" \/>\n<meta name=\"twitter:label1\" content=\"Gesch\u00e4tzte Lesezeit\" \/>\n\t<meta name=\"twitter:data1\" content=\"2\u00a0Minuten\" \/>\n<script type=\"application\/ld+json\" class=\"yoast-schema-graph\">{\"@context\":\"https:\/\/schema.org\",\"@graph\":[{\"@type\":\"WebPage\",\"@id\":\"https:\/\/www.cottagesdeperpignan.com\/de\/perpignan-entdecken\/\",\"url\":\"https:\/\/www.cottagesdeperpignan.com\/de\/perpignan-entdecken\/\",\"name\":\"Perpignan entdecken : 4 Orte in Perpignan, die Sie in Ihrem Urlaub nicht verpassen sollten\",\"isPartOf\":{\"@id\":\"https:\/\/www.cottagesdeperpignan.com\/de\/#website\"},\"primaryImageOfPage\":{\"@id\":\"https:\/\/www.cottagesdeperpignan.com\/de\/perpignan-entdecken\/#primaryimage\"},\"image\":{\"@id\":\"https:\/\/www.cottagesdeperpignan.com\/de\/perpignan-entdecken\/#primaryimage\"},\"thumbnailUrl\":\"https:\/\/www.cottagesdeperpignan.com\/wp-content\/uploads\/2023\/11\/vacances-perpignan.webp\",\"datePublished\":\"2023-11-06T14:59:53+00:00\",\"dateModified\":\"2023-12-04T08:56:39+00:00\",\"description\":\"Entdecken Sie vier Orte, die Sie unbedingt besuchen sollten, wenn Sie durch Perpignan reisen.\",\"breadcrumb\":{\"@id\":\"https:\/\/www.cottagesdeperpignan.com\/de\/perpignan-entdecken\/#breadcrumb\"},\"inLanguage\":\"de\",\"potentialAction\":[{\"@type\":\"ReadAction\",\"target\":[\"https:\/\/www.cottagesdeperpignan.com\/de\/perpignan-entdecken\/\"]}]},{\"@type\":\"ImageObject\",\"inLanguage\":\"de\",\"@id\":\"https:\/\/www.cottagesdeperpignan.com\/de\/perpignan-entdecken\/#primaryimage\",\"url\":\"https:\/\/www.cottagesdeperpignan.com\/wp-content\/uploads\/2023\/11\/vacances-perpignan.webp\",\"contentUrl\":\"https:\/\/www.cottagesdeperpignan.com\/wp-content\/uploads\/2023\/11\/vacances-perpignan.webp\",\"width\":1920,\"height\":1280,\"caption\":\"Urlaub perpignan\"},{\"@type\":\"BreadcrumbList\",\"@id\":\"https:\/\/www.cottagesdeperpignan.com\/de\/perpignan-entdecken\/#breadcrumb\",\"itemListElement\":[{\"@type\":\"ListItem\",\"position\":1,\"name\":\"Camping Perpignan\",\"item\":\"https:\/\/www.cottagesdeperpignan.com\/de\/\"},{\"@type\":\"ListItem\",\"position\":2,\"name\":\"Perpignan besuchen\"}]},{\"@type\":\"WebSite\",\"@id\":\"https:\/\/www.cottagesdeperpignan.com\/de\/#website\",\"url\":\"https:\/\/www.cottagesdeperpignan.com\/de\/\",\"name\":\"Les Cottages de Perpignan\",\"description\":\"\",\"publisher\":{\"@id\":\"https:\/\/www.cottagesdeperpignan.com\/de\/#organization\"},\"potentialAction\":[{\"@type\":\"SearchAction\",\"target\":{\"@type\":\"EntryPoint\",\"urlTemplate\":\"https:\/\/www.cottagesdeperpignan.com\/de\/?s={search_term_string}\"},\"query-input\":{\"@type\":\"PropertyValueSpecification\",\"valueRequired\":true,\"valueName\":\"search_term_string\"}}],\"inLanguage\":\"de\"},{\"@type\":\"Organization\",\"@id\":\"https:\/\/www.cottagesdeperpignan.com\/de\/#organization\",\"name\":\"Les Cottages de Perpignan\",\"url\":\"https:\/\/www.cottagesdeperpignan.com\/de\/\",\"logo\":{\"@type\":\"ImageObject\",\"inLanguage\":\"de\",\"@id\":\"https:\/\/www.cottagesdeperpignan.com\/de\/#\/schema\/logo\/image\/\",\"url\":\"https:\/\/www.cottagesdeperpignan.com\/wp-content\/uploads\/2023\/11\/logo-cottages-perpignan.png\",\"contentUrl\":\"https:\/\/www.cottagesdeperpignan.com\/wp-content\/uploads\/2023\/11\/logo-cottages-perpignan.png\",\"width\":2560,\"height\":1418,\"caption\":\"Les Cottages de Perpignan\"},\"image\":{\"@id\":\"https:\/\/www.cottagesdeperpignan.com\/de\/#\/schema\/logo\/image\/\"}}]}<\/script>\n<!-- \/ Yoast SEO plugin. -->","yoast_head_json":{"title":"Perpignan entdecken : 4 Orte in Perpignan, die Sie in Ihrem Urlaub nicht verpassen sollten","description":"Entdecken Sie vier Orte, die Sie unbedingt besuchen sollten, wenn Sie durch Perpignan reisen.","robots":{"index":"index","follow":"follow","max-snippet":"max-snippet:-1","max-image-preview":"max-image-preview:large","max-video-preview":"max-video-preview:-1"},"canonical":"https:\/\/www.cottagesdeperpignan.com\/de\/perpignan-entdecken\/","og_locale":"de_DE","og_type":"article","og_title":"Perpignan entdecken : 4 Orte in Perpignan, die Sie in Ihrem Urlaub nicht verpassen sollten","og_description":"Entdecken Sie vier Orte, die Sie unbedingt besuchen sollten, wenn Sie durch Perpignan reisen.","og_url":"https:\/\/www.cottagesdeperpignan.com\/de\/perpignan-entdecken\/","og_site_name":"Les Cottages de Perpignan","article_modified_time":"2023-12-04T08:56:39+00:00","og_image":[{"width":1920,"height":1280,"url":"https:\/\/www.cottagesdeperpignan.com\/wp-content\/uploads\/2023\/11\/vacances-perpignan.webp","type":"image\/webp"}],"twitter_card":"summary_large_image","twitter_misc":{"Gesch\u00e4tzte Lesezeit":"2\u00a0Minuten"},"schema":{"@context":"https:\/\/schema.org","@graph":[{"@type":"WebPage","@id":"https:\/\/www.cottagesdeperpignan.com\/de\/perpignan-entdecken\/","url":"https:\/\/www.cottagesdeperpignan.com\/de\/perpignan-entdecken\/","name":"Perpignan entdecken : 4 Orte in Perpignan, die Sie in Ihrem Urlaub nicht verpassen sollten","isPartOf":{"@id":"https:\/\/www.cottagesdeperpignan.com\/de\/#website"},"primaryImageOfPage":{"@id":"https:\/\/www.cottagesdeperpignan.com\/de\/perpignan-entdecken\/#primaryimage"},"image":{"@id":"https:\/\/www.cottagesdeperpignan.com\/de\/perpignan-entdecken\/#primaryimage"},"thumbnailUrl":"https:\/\/www.cottagesdeperpignan.com\/wp-content\/uploads\/2023\/11\/vacances-perpignan.webp","datePublished":"2023-11-06T14:59:53+00:00","dateModified":"2023-12-04T08:56:39+00:00","description":"Entdecken Sie vier Orte, die Sie unbedingt besuchen sollten, wenn Sie durch Perpignan reisen.","breadcrumb":{"@id":"https:\/\/www.cottagesdeperpignan.com\/de\/perpignan-entdecken\/#breadcrumb"},"inLanguage":"de","potentialAction":[{"@type":"ReadAction","target":["https:\/\/www.cottagesdeperpignan.com\/de\/perpignan-entdecken\/"]}]},{"@type":"ImageObject","inLanguage":"de","@id":"https:\/\/www.cottagesdeperpignan.com\/de\/perpignan-entdecken\/#primaryimage","url":"https:\/\/www.cottagesdeperpignan.com\/wp-content\/uploads\/2023\/11\/vacances-perpignan.webp","contentUrl":"https:\/\/www.cottagesdeperpignan.com\/wp-content\/uploads\/2023\/11\/vacances-perpignan.webp","width":1920,"height":1280,"caption":"Urlaub perpignan"},{"@type":"BreadcrumbList","@id":"https:\/\/www.cottagesdeperpignan.com\/de\/perpignan-entdecken\/#breadcrumb","itemListElement":[{"@type":"ListItem","position":1,"name":"Camping Perpignan","item":"https:\/\/www.cottagesdeperpignan.com\/de\/"},{"@type":"ListItem","position":2,"name":"Perpignan besuchen"}]},{"@type":"WebSite","@id":"https:\/\/www.cottagesdeperpignan.com\/de\/#website","url":"https:\/\/www.cottagesdeperpignan.com\/de\/","name":"Les Cottages de Perpignan","description":"","publisher":{"@id":"https:\/\/www.cottagesdeperpignan.com\/de\/#organization"},"potentialAction":[{"@type":"SearchAction","target":{"@type":"EntryPoint","urlTemplate":"https:\/\/www.cottagesdeperpignan.com\/de\/?s={search_term_string}"},"query-input":{"@type":"PropertyValueSpecification","valueRequired":true,"valueName":"search_term_string"}}],"inLanguage":"de"},{"@type":"Organization","@id":"https:\/\/www.cottagesdeperpignan.com\/de\/#organization","name":"Les Cottages de Perpignan","url":"https:\/\/www.cottagesdeperpignan.com\/de\/","logo":{"@type":"ImageObject","inLanguage":"de","@id":"https:\/\/www.cottagesdeperpignan.com\/de\/#\/schema\/logo\/image\/","url":"https:\/\/www.cottagesdeperpignan.com\/wp-content\/uploads\/2023\/11\/logo-cottages-perpignan.png","contentUrl":"https:\/\/www.cottagesdeperpignan.com\/wp-content\/uploads\/2023\/11\/logo-cottages-perpignan.png","width":2560,"height":1418,"caption":"Les Cottages de Perpignan"},"image":{"@id":"https:\/\/www.cottagesdeperpignan.com\/de\/#\/schema\/logo\/image\/"}}]}},"_links":{"self":[{"href":"https:\/\/www.cottagesdeperpignan.com\/de\/wp-json\/wp\/v2\/pages\/3621","targetHints":{"allow":["GET"]}}],"collection":[{"href":"https:\/\/www.cottagesdeperpignan.com\/de\/wp-json\/wp\/v2\/pages"}],"about":[{"href":"https:\/\/www.cottagesdeperpignan.com\/de\/wp-json\/wp\/v2\/types\/page"}],"author":[{"embeddable":true,"href":"https:\/\/www.cottagesdeperpignan.com\/de\/wp-json\/wp\/v2\/users\/1"}],"replies":[{"embeddable":true,"href":"https:\/\/www.cottagesdeperpignan.com\/de\/wp-json\/wp\/v2\/comments?post=3621"}],"version-history":[{"count":8,"href":"https:\/\/www.cottagesdeperpignan.com\/de\/wp-json\/wp\/v2\/pages\/3621\/revisions"}],"predecessor-version":[{"id":4394,"href":"https:\/\/www.cottagesdeperpignan.com\/de\/wp-json\/wp\/v2\/pages\/3621\/revisions\/4394"}],"wp:featuredmedia":[{"embeddable":true,"href":"https:\/\/www.cottagesdeperpignan.com\/de\/wp-json\/wp\/v2\/media\/3624"}],"wp:attachment":[{"href":"https:\/\/www.cottagesdeperpignan.com\/de\/wp-json\/wp\/v2\/media?parent=3621"}],"wp:term":[{"taxonomy":"sujet","embeddable":true,"href":"https:\/\/www.cottagesdeperpignan.com\/de\/wp-json\/wp\/v2\/sujet?post=3621"}],"curies":[{"name":"wp","href":"https:\/\/api.w.org\/{rel}","templated":true}]}}