{"id":3672,"date":"2023-11-02T13:35:55","date_gmt":"2023-11-02T12:35:55","guid":{"rendered":"https:\/\/www.cottagesdeperpignan.com\/die-region-entdecken\/"},"modified":"2023-12-04T09:56:39","modified_gmt":"2023-12-04T08:56:39","slug":"die-region-entdecken","status":"publish","type":"page","link":"https:\/\/www.cottagesdeperpignan.com\/de\/die-region-entdecken\/","title":{"rendered":"Okzitanien"},"content":{"rendered":"<section id=\"ls-section-block_d523480391fbe53aa12153f1819557ca\" class=\"ls-section  page-intro has-p-b p-b-0\" >\r\n        <div class=\"container \">\r\n        \n\n<div class=\"wp-block-columns is-layout-flex wp-container-core-columns-is-layout-9d6595d7 wp-block-columns-is-layout-flex\">\n<div class=\"wp-block-column is-layout-flow wp-block-column-is-layout-flow\">\n<h1 class=\"ls__heading wp-block-heading has-text-align-center\">In der Region<\/h1>\n<\/div>\n<\/div>\n\n\r\n    <\/div>\r\n<\/section><section id=\"ls-section-block_e599c1488c7d7c659b6c9e107384c5ec\" class=\"ls-section  page-one\" >\r\n        <div class=\"container container--wide\">\r\n        \n\n<div class=\"wp-block-columns is-layout-flex wp-container-core-columns-is-layout-9d6595d7 wp-block-columns-is-layout-flex\">\n<div class=\"wp-block-column first is-layout-flow wp-block-column-is-layout-flow\" style=\"flex-basis:66.66%\">\n<figure class=\"wp-block-gallery has-nested-images columns-default is-cropped gallery-slider wp-block-gallery-1 is-layout-flex wp-block-gallery-is-layout-flex\">\n<figure class=\"wp-block-image size-full\"><a href=\"https:\/\/www.cottagesdeperpignan.com\/wp-content\/uploads\/2023\/11\/collioure.webp\"><img decoding=\"async\" width=\"2000\" height=\"1126\" data-id=\"1931\" src=\"https:\/\/www.cottagesdeperpignan.com\/wp-content\/uploads\/2023\/11\/collioure.webp\" alt=\"collioure\" class=\"wp-image-1931\" srcset=\"https:\/\/www.cottagesdeperpignan.com\/wp-content\/uploads\/2023\/11\/collioure.webp 2000w, https:\/\/www.cottagesdeperpignan.com\/wp-content\/uploads\/2023\/11\/collioure-300x169.webp 300w, https:\/\/www.cottagesdeperpignan.com\/wp-content\/uploads\/2023\/11\/collioure-1024x577.webp 1024w, https:\/\/www.cottagesdeperpignan.com\/wp-content\/uploads\/2023\/11\/collioure-768x432.webp 768w, https:\/\/www.cottagesdeperpignan.com\/wp-content\/uploads\/2023\/11\/collioure-1536x865.webp 1536w\" sizes=\"(max-width: 2000px) 100vw, 2000px\" \/><\/a><\/figure>\n\n\n\n<figure class=\"wp-block-image size-full\"><a href=\"https:\/\/www.cottagesdeperpignan.com\/wp-content\/uploads\/2023\/11\/collioure-mer.webp\"><img decoding=\"async\" width=\"1600\" height=\"1066\" data-id=\"1935\" src=\"https:\/\/www.cottagesdeperpignan.com\/wp-content\/uploads\/2023\/11\/collioure-mer.webp\" alt=\"collioure mer\" class=\"wp-image-1935\" srcset=\"https:\/\/www.cottagesdeperpignan.com\/wp-content\/uploads\/2023\/11\/collioure-mer.webp 1600w, https:\/\/www.cottagesdeperpignan.com\/wp-content\/uploads\/2023\/11\/collioure-mer-300x200.webp 300w, https:\/\/www.cottagesdeperpignan.com\/wp-content\/uploads\/2023\/11\/collioure-mer-1024x682.webp 1024w, https:\/\/www.cottagesdeperpignan.com\/wp-content\/uploads\/2023\/11\/collioure-mer-768x512.webp 768w, https:\/\/www.cottagesdeperpignan.com\/wp-content\/uploads\/2023\/11\/collioure-mer-1536x1023.webp 1536w\" sizes=\"(max-width: 1600px) 100vw, 1600px\" \/><\/a><\/figure>\n\n\n\n<figure class=\"wp-block-image size-full\"><a href=\"https:\/\/www.cottagesdeperpignan.com\/wp-content\/uploads\/2023\/11\/St-Martin-Canigou.webp\"><img decoding=\"async\" width=\"1700\" height=\"1133\" data-id=\"1938\" src=\"https:\/\/www.cottagesdeperpignan.com\/wp-content\/uploads\/2023\/11\/St-Martin-Canigou.webp\" alt=\"St Martin Canigou\" class=\"wp-image-1938\" srcset=\"https:\/\/www.cottagesdeperpignan.com\/wp-content\/uploads\/2023\/11\/St-Martin-Canigou.webp 1700w, https:\/\/www.cottagesdeperpignan.com\/wp-content\/uploads\/2023\/11\/St-Martin-Canigou-300x200.webp 300w, https:\/\/www.cottagesdeperpignan.com\/wp-content\/uploads\/2023\/11\/St-Martin-Canigou-1024x682.webp 1024w, https:\/\/www.cottagesdeperpignan.com\/wp-content\/uploads\/2023\/11\/St-Martin-Canigou-768x512.webp 768w, https:\/\/www.cottagesdeperpignan.com\/wp-content\/uploads\/2023\/11\/St-Martin-Canigou-1536x1024.webp 1536w\" sizes=\"(max-width: 1700px) 100vw, 1700px\" \/><\/a><\/figure>\n\n\n\n<figure class=\"wp-block-image size-full\"><a href=\"https:\/\/www.cottagesdeperpignan.com\/wp-content\/uploads\/2023\/11\/abbaye-canigou-3.webp\"><img decoding=\"async\" width=\"2048\" height=\"1365\" data-id=\"1941\" src=\"https:\/\/www.cottagesdeperpignan.com\/wp-content\/uploads\/2023\/11\/abbaye-canigou-3.webp\" alt=\"abbaye canigou 3\" class=\"wp-image-1941\" srcset=\"https:\/\/www.cottagesdeperpignan.com\/wp-content\/uploads\/2023\/11\/abbaye-canigou-3.webp 2048w, https:\/\/www.cottagesdeperpignan.com\/wp-content\/uploads\/2023\/11\/abbaye-canigou-3-300x200.webp 300w, https:\/\/www.cottagesdeperpignan.com\/wp-content\/uploads\/2023\/11\/abbaye-canigou-3-1024x683.webp 1024w, https:\/\/www.cottagesdeperpignan.com\/wp-content\/uploads\/2023\/11\/abbaye-canigou-3-768x512.webp 768w, https:\/\/www.cottagesdeperpignan.com\/wp-content\/uploads\/2023\/11\/abbaye-canigou-3-1536x1024.webp 1536w\" sizes=\"(max-width: 2048px) 100vw, 2048px\" \/><\/a><\/figure>\n<\/figure>\n<\/div>\n\n\n\n<div class=\"wp-block-column is-vertically-aligned-center second is-layout-flow wp-block-column-is-layout-flow\" style=\"flex-basis:33.33%\">\n<h2 class=\"ls__heading wp-block-heading deco\">Collioure<\/h2>\n\n\n\n<p class=\"ls-paragraph\">Eingebettet im Herzen der C\u00f4te Vermeille, nur wenige Kilometer von unserem <a href=\"https:\/\/www.cottagesdeperpignan.com\/de\/\">Campingplatz in Perpignan<\/a> entfernt, bietet Collioure seinen Einwohnern und Besuchern ein au\u00dfergew\u00f6hnliches Panorama und Kulturerbe.  <\/p>\n\n\n\n<p class=\"ls-paragraph\">Sehr stark von der katalanischen Kultur gepr\u00e4gt, begeistern die bunten Fassaden, die bl\u00fchenden Balkone und der Jachthafen Spazierg\u00e4nger und Urlauber.<\/p>\n\n\n\n<h2 class=\"ls__heading wp-block-heading deco\">Abtei Saint-Martin du <strong>Canigou<\/strong><\/h2>\n\n\n\n<p class=\"ls-paragraph\">Dieses religi\u00f6se Geb\u00e4ude ist seit langem ein heiliger Ort, da die urspr\u00fcngliche Abtei bereits im XI\u1d49 Jahrhundert auf Befehl des Grafen Guifred II. von Cerdanya erbaut wurde.  <\/p>\n\n\n\n<p class=\"ls-paragraph\">Als Benediktinerkloster bestand die ehemalige Abtei Saint-Martin du Canigou bis zu ihrer Aufgabe im Jahr 1783. W\u00e4hrend der Revolution beschlagnahmt und sp\u00e4ter privatisiert, wurde sie im XX\u1d49 Jahrhundert vom katalanischen Volk in einem f\u00fcr die Region typischen romanischen Stil wieder aufgebaut.<\/p>\n<\/div>\n<\/div>\n\n\r\n    <\/div>\r\n<\/section><section id=\"mizzy\" class=\"ls-section  page-one has-background has-color-6-background-color\" >\r\n        <div class=\"container container--wide\">\r\n        \n\n<div class=\"wp-block-columns is-layout-flex wp-container-core-columns-is-layout-9d6595d7 wp-block-columns-is-layout-flex\">\n<div class=\"wp-block-column is-vertically-aligned-center second is-layout-flow wp-block-column-is-layout-flow\" style=\"flex-basis:33.33%\">\n<h2 class=\"ls__heading wp-block-heading deco\">Festung von <strong>Salses<\/strong><\/h2>\n\n\n\n<p class=\"ls-paragraph\">Die 1497 begonnene und 1504 fertiggestellte Festung von Salses ist eine milit\u00e4rische Bastion, deren Bau von den katholischen spanischen Herrschern Ferdinand II. von Aragon und Isabella von Kastilien angeordnet wurde, um die spanischen K\u00f6nigreiche vor den franz\u00f6sischen Truppen zu sch\u00fctzen.  <\/p>\n\n\n\n<p class=\"ls-paragraph\">Das vom Architekten und Ingenieur Francisco Ramiro Lopez entworfene Fort besiegelt den Zugang zur ehemaligen franz\u00f6sisch-spanischen Grenze.<\/p>\n\n\n\n<div style=\"height:50px\" aria-hidden=\"true\" class=\"wp-block-spacer\"><\/div>\n\n\n\n<h2 class=\"ls__heading wp-block-heading deco\">Orgeln von<strong>Ille-sur-T\u00eat<\/strong><\/h2>\n\n\n\n<p class=\"ls-paragraph\">Diese erstaunlichen nat\u00fcrlichen Felss\u00e4ulen (oft auch Feenkamine genannt) sind das Ergebnis der Erosion von Sand, Lehm und Sedimentgestein, die \u00fcber vier Millionen Jahre alt sind.  <\/p>\n\n\n\n<p class=\"ls-paragraph\">Diese geologischen Rarit\u00e4ten sind \u00fcbrigens Teil eines Ortes, der aufgrund seiner Natur, in der sich Vegetation und Berge vermischen, bemerkenswert ist. An klaren Tagen kann man dort n\u00e4mlich im Hintergrund das Canigou-Massiv sehen.<\/p>\n<\/div>\n\n\n\n<div class=\"wp-block-column first is-layout-flow wp-block-column-is-layout-flow\" style=\"flex-basis:66.66%\">\n<figure class=\"wp-block-gallery has-nested-images columns-default is-cropped gallery-slider wp-block-gallery-2 is-layout-flex wp-block-gallery-is-layout-flex\">\n<figure class=\"wp-block-image size-full\"><a href=\"https:\/\/www.cottagesdeperpignan.com\/wp-content\/uploads\/2023\/11\/Forteresse_de_Salses-2.webp\"><img decoding=\"async\" width=\"2048\" height=\"1365\" data-id=\"1944\" src=\"https:\/\/www.cottagesdeperpignan.com\/wp-content\/uploads\/2023\/11\/Forteresse_de_Salses-2.webp\" alt=\"Festung von Salses  \" class=\"wp-image-1944\" srcset=\"https:\/\/www.cottagesdeperpignan.com\/wp-content\/uploads\/2023\/11\/Forteresse_de_Salses-2.webp 2048w, https:\/\/www.cottagesdeperpignan.com\/wp-content\/uploads\/2023\/11\/Forteresse_de_Salses-2-300x200.webp 300w, https:\/\/www.cottagesdeperpignan.com\/wp-content\/uploads\/2023\/11\/Forteresse_de_Salses-2-1024x683.webp 1024w, https:\/\/www.cottagesdeperpignan.com\/wp-content\/uploads\/2023\/11\/Forteresse_de_Salses-2-768x512.webp 768w, https:\/\/www.cottagesdeperpignan.com\/wp-content\/uploads\/2023\/11\/Forteresse_de_Salses-2-1536x1024.webp 1536w\" sizes=\"(max-width: 2048px) 100vw, 2048px\" \/><\/a><\/figure>\n\n\n\n<figure class=\"wp-block-image size-full\"><a href=\"https:\/\/www.cottagesdeperpignan.com\/wp-content\/uploads\/2023\/11\/Ille-sur-Tet_Orgues.webp\"><img decoding=\"async\" width=\"2048\" height=\"1356\" data-id=\"1947\" src=\"https:\/\/www.cottagesdeperpignan.com\/wp-content\/uploads\/2023\/11\/Ille-sur-Tet_Orgues.webp\" alt=\"Ille sur Tet Orgues\" class=\"wp-image-1947\" srcset=\"https:\/\/www.cottagesdeperpignan.com\/wp-content\/uploads\/2023\/11\/Ille-sur-Tet_Orgues.webp 2048w, https:\/\/www.cottagesdeperpignan.com\/wp-content\/uploads\/2023\/11\/Ille-sur-Tet_Orgues-300x199.webp 300w, https:\/\/www.cottagesdeperpignan.com\/wp-content\/uploads\/2023\/11\/Ille-sur-Tet_Orgues-1024x678.webp 1024w, https:\/\/www.cottagesdeperpignan.com\/wp-content\/uploads\/2023\/11\/Ille-sur-Tet_Orgues-768x509.webp 768w, https:\/\/www.cottagesdeperpignan.com\/wp-content\/uploads\/2023\/11\/Ille-sur-Tet_Orgues-1536x1017.webp 1536w\" sizes=\"(max-width: 2048px) 100vw, 2048px\" \/><\/a><\/figure>\n<\/figure>\n<\/div>\n<\/div>\n\n\r\n    <\/div>\r\n<\/section><section id=\"ls-section-block_0bc2a24202829a361b639015fabc56a9\" class=\"ls-section  page-two has-background-image has-background has-color-5-background-color has-text-color has-color-white-color has-p-t p-t-12 has-p-b p-b-12\" >\r\n    <div class=\"ls-section__background-image opacity-35\"><img decoding=\"async\" src=\"https:\/\/www.cottagesdeperpignan.com\/wp-content\/uploads\/2023\/11\/lac-bouillousse.webp\" alt=\"Bouillousse-See\"><\/div>    <div class=\"container container--wide\">\r\n        \n\n<div class=\"wp-block-columns page-two is-layout-flex wp-container-core-columns-is-layout-9d6595d7 wp-block-columns-is-layout-flex\">\n<div class=\"wp-block-column is-layout-flow wp-block-column-is-layout-flow\">\n<h2 class=\"ls__heading wp-block-heading has-text-align-center deco-top-center has-color-white-color has-text-color\"><strong>Bouillouses-See<\/strong><\/h2>\n\n\n\n<p class=\"ls-paragraph has-text-align-center\">Der am Fu\u00dfe des Carlit-Massivs gelegene Lac des Bouillouses ist nicht nur ein au\u00dfergew\u00f6hnliches Naturschutzgebiet, sondern auch einer der gr\u00f6\u00dften Seen in den franz\u00f6sischen Pyren\u00e4en.  <\/p>\n\n\n\n<p class=\"ls-paragraph has-text-align-center\">Um ihn zu erkunden, wurde seine Umgebung auf fast 60 km markierten Wanderwegen erschlossen, auf denen man die au\u00dfergew\u00f6hnliche Landschaft genie\u00dfen kann, in der sich das Hochgebirge mit den Fl\u00fcssen und Zufl\u00fcssen des Sees vermischt.<\/p>\n<\/div>\n<\/div>\n\n\r\n    <\/div>\r\n<\/section><section id=\"ls-section-block_108692093abedf980d9e67b1762783fb\" class=\"ls-section  page-maillage\" >\r\n        <div class=\"container container--wide\">\r\n        \n\n<div id=\"ls-heading ls-titre-div-block_b093d43255990f5d0726ab87b5a5b637\" class=\"ls-titre-div deco h2-like\" >\n    <strong>Entdecken Sie Perpignan, <\/strong> <\/br>das Restaurant und unsere Unterk\u00fcnfte!<\/div>\n\n\n<div id=\"ls-maillage-block_edb11cd9265dda86e7db3ee2a3119697\" class=\"ls-maillage cta-style-normal\" data-rows=\"3\">\n    <div class=\"wp-block-columns\"><div class=\"wp-block-column\"><div class=\"ls-cta \">\n\n<a href=\"https:\/\/www.cottagesdeperpignan.com\/de\/unsere-unterkuenfte\/\" target=\"\" rel=\"noopener\" class=\"ls-cta__link\">\n\n\t<div class=\"ls-cta__image\"><img decoding=\"async\" src=\"https:\/\/www.cottagesdeperpignan.com\/wp-content\/uploads\/2023\/11\/location-mobil-home-perpignan.webp\" alt=\"vermietung mobilheim perpignan\"><\/div>\n\t<div class=\"ls-cta__title\">\n\t\tMobilheime\t<\/div>\n\n\t<div class=\"ls-button ls-button--cta\"><span>Entdecken Sie<\/span><i class='lagon-fleche-vers-le-haut'><\/i><\/div>\n\n\t<pre>NULL\n<\/pre>\n\t\t\n<\/a>\n\n\n<\/div><\/div><div class=\"wp-block-column\"><div class=\"ls-cta \">\n\n<a href=\"https:\/\/www.cottagesdeperpignan.com\/de\/perpignan-entdecken\/\" target=\"\" rel=\"noopener\" class=\"ls-cta__link\">\n\n\t<div class=\"ls-cta__image\"><img decoding=\"async\" src=\"https:\/\/www.cottagesdeperpignan.com\/wp-content\/uploads\/2023\/11\/perpignan-chateau.webp\" alt=\"perpignan chateau\"><\/div>\n\t<div class=\"ls-cta__title\">\n\t\tPerpignan\t<\/div>\n\n\t<div class=\"ls-button ls-button--cta\"><span>Entdecken Sie<\/span><i class='lagon-fleche-vers-le-haut'><\/i><\/div>\n\n\t<pre>NULL\n<\/pre>\n\t\t\n<\/a>\n\n\n<\/div><\/div><div class=\"wp-block-column\"><div class=\"ls-cta \">\n\n<a href=\"https:\/\/www.cottagesdeperpignan.com\/de\/dienstleistungen-gastronomie\/\" target=\"\" rel=\"noopener\" class=\"ls-cta__link\">\n\n\t<div class=\"ls-cta__image\"><img decoding=\"async\" src=\"https:\/\/www.cottagesdeperpignan.com\/wp-content\/uploads\/2023\/11\/camping-cottage-2023_les-cottages-de-perpignan_restaurant-bar_29_0.webp\" alt=\"Aperitif Restaurant Les Cottages\"><\/div>\n\t<div class=\"ls-cta__title\">\n\t\tVerpflegung\t<\/div>\n\n\t<div class=\"ls-button ls-button--cta\"><span>Entdecken Sie<\/span><i class='lagon-fleche-vers-le-haut'><\/i><\/div>\n\n\t<pre>NULL\n<\/pre>\n\t\t\n<\/a>\n\n\n<\/div><\/div><\/div><\/div>\n\r\n    <\/div>\r\n<\/section>","protected":false},"excerpt":{"rendered":"","protected":false},"author":1,"featured_media":3680,"parent":0,"menu_order":0,"comment_status":"closed","ping_status":"closed","template":"","meta":{"_acf_changed":false,"inline_featured_image":false,"footnotes":""},"sujet":[],"class_list":["post-3672","page","type-page","status-publish","has-post-thumbnail","hentry"],"acf":[],"yoast_head":"<!-- This site is optimized with the Yoast SEO plugin v23.4 - https:\/\/yoast.com\/wordpress\/plugins\/seo\/ -->\n<title>Tourismus Pyr\u00e9n\u00e9es Orientales: Die wichtigsten Sehensw\u00fcrdigkeiten w\u00e4hrend Ihres Urlaubs in den Pyr\u00e9n\u00e9es Orientales<\/title>\n<meta name=\"robots\" content=\"index, follow, max-snippet:-1, max-image-preview:large, max-video-preview:-1\" \/>\n<link rel=\"canonical\" href=\"https:\/\/www.cottagesdeperpignan.com\/de\/die-region-entdecken\/\" \/>\n<meta property=\"og:locale\" content=\"de_DE\" \/>\n<meta property=\"og:type\" content=\"article\" \/>\n<meta property=\"og:title\" content=\"Tourismus Pyr\u00e9n\u00e9es Orientales: Die wichtigsten Sehensw\u00fcrdigkeiten w\u00e4hrend Ihres Urlaubs in den Pyr\u00e9n\u00e9es Orientales\" \/>\n<meta property=\"og:url\" content=\"https:\/\/www.cottagesdeperpignan.com\/de\/die-region-entdecken\/\" \/>\n<meta property=\"og:site_name\" content=\"Les Cottages de Perpignan\" \/>\n<meta property=\"article:modified_time\" content=\"2023-12-04T08:56:39+00:00\" \/>\n<meta property=\"og:image\" content=\"https:\/\/www.cottagesdeperpignan.com\/wp-content\/uploads\/2023\/11\/visiter-argeles-sur-mer.webp\" \/>\n\t<meta property=\"og:image:width\" content=\"2000\" \/>\n\t<meta property=\"og:image:height\" content=\"1333\" \/>\n\t<meta property=\"og:image:type\" content=\"image\/webp\" \/>\n<meta name=\"twitter:card\" content=\"summary_large_image\" \/>\n<meta name=\"twitter:label1\" content=\"Gesch\u00e4tzte Lesezeit\" \/>\n\t<meta name=\"twitter:data1\" content=\"2\u00a0Minuten\" \/>\n<script type=\"application\/ld+json\" class=\"yoast-schema-graph\">{\"@context\":\"https:\/\/schema.org\",\"@graph\":[{\"@type\":\"WebPage\",\"@id\":\"https:\/\/www.cottagesdeperpignan.com\/de\/die-region-entdecken\/\",\"url\":\"https:\/\/www.cottagesdeperpignan.com\/de\/die-region-entdecken\/\",\"name\":\"Tourismus Pyr\u00e9n\u00e9es Orientales: Die wichtigsten Sehensw\u00fcrdigkeiten w\u00e4hrend Ihres Urlaubs in den Pyr\u00e9n\u00e9es Orientales\",\"isPartOf\":{\"@id\":\"https:\/\/www.cottagesdeperpignan.com\/de\/#website\"},\"primaryImageOfPage\":{\"@id\":\"https:\/\/www.cottagesdeperpignan.com\/de\/die-region-entdecken\/#primaryimage\"},\"image\":{\"@id\":\"https:\/\/www.cottagesdeperpignan.com\/de\/die-region-entdecken\/#primaryimage\"},\"thumbnailUrl\":\"https:\/\/www.cottagesdeperpignan.com\/wp-content\/uploads\/2023\/11\/visiter-argeles-sur-mer.webp\",\"datePublished\":\"2023-11-02T12:35:55+00:00\",\"dateModified\":\"2023-12-04T08:56:39+00:00\",\"breadcrumb\":{\"@id\":\"https:\/\/www.cottagesdeperpignan.com\/de\/die-region-entdecken\/#breadcrumb\"},\"inLanguage\":\"de\",\"potentialAction\":[{\"@type\":\"ReadAction\",\"target\":[\"https:\/\/www.cottagesdeperpignan.com\/de\/die-region-entdecken\/\"]}]},{\"@type\":\"ImageObject\",\"inLanguage\":\"de\",\"@id\":\"https:\/\/www.cottagesdeperpignan.com\/de\/die-region-entdecken\/#primaryimage\",\"url\":\"https:\/\/www.cottagesdeperpignan.com\/wp-content\/uploads\/2023\/11\/visiter-argeles-sur-mer.webp\",\"contentUrl\":\"https:\/\/www.cottagesdeperpignan.com\/wp-content\/uploads\/2023\/11\/visiter-argeles-sur-mer.webp\",\"width\":2000,\"height\":1333,\"caption\":\"argeles sur mer besuchen\"},{\"@type\":\"BreadcrumbList\",\"@id\":\"https:\/\/www.cottagesdeperpignan.com\/de\/die-region-entdecken\/#breadcrumb\",\"itemListElement\":[{\"@type\":\"ListItem\",\"position\":1,\"name\":\"Camping Perpignan\",\"item\":\"https:\/\/www.cottagesdeperpignan.com\/de\/\"},{\"@type\":\"ListItem\",\"position\":2,\"name\":\"Die Pyr\u00e9n\u00e9es-Orientales besuchen\"}]},{\"@type\":\"WebSite\",\"@id\":\"https:\/\/www.cottagesdeperpignan.com\/de\/#website\",\"url\":\"https:\/\/www.cottagesdeperpignan.com\/de\/\",\"name\":\"Les Cottages de Perpignan\",\"description\":\"\",\"publisher\":{\"@id\":\"https:\/\/www.cottagesdeperpignan.com\/de\/#organization\"},\"potentialAction\":[{\"@type\":\"SearchAction\",\"target\":{\"@type\":\"EntryPoint\",\"urlTemplate\":\"https:\/\/www.cottagesdeperpignan.com\/de\/?s={search_term_string}\"},\"query-input\":{\"@type\":\"PropertyValueSpecification\",\"valueRequired\":true,\"valueName\":\"search_term_string\"}}],\"inLanguage\":\"de\"},{\"@type\":\"Organization\",\"@id\":\"https:\/\/www.cottagesdeperpignan.com\/de\/#organization\",\"name\":\"Les Cottages de Perpignan\",\"url\":\"https:\/\/www.cottagesdeperpignan.com\/de\/\",\"logo\":{\"@type\":\"ImageObject\",\"inLanguage\":\"de\",\"@id\":\"https:\/\/www.cottagesdeperpignan.com\/de\/#\/schema\/logo\/image\/\",\"url\":\"https:\/\/www.cottagesdeperpignan.com\/wp-content\/uploads\/2023\/11\/logo-cottages-perpignan.png\",\"contentUrl\":\"https:\/\/www.cottagesdeperpignan.com\/wp-content\/uploads\/2023\/11\/logo-cottages-perpignan.png\",\"width\":2560,\"height\":1418,\"caption\":\"Les Cottages de Perpignan\"},\"image\":{\"@id\":\"https:\/\/www.cottagesdeperpignan.com\/de\/#\/schema\/logo\/image\/\"}}]}<\/script>\n<!-- \/ Yoast SEO plugin. -->","yoast_head_json":{"title":"Tourismus Pyr\u00e9n\u00e9es Orientales: Die wichtigsten Sehensw\u00fcrdigkeiten w\u00e4hrend Ihres Urlaubs in den Pyr\u00e9n\u00e9es Orientales","robots":{"index":"index","follow":"follow","max-snippet":"max-snippet:-1","max-image-preview":"max-image-preview:large","max-video-preview":"max-video-preview:-1"},"canonical":"https:\/\/www.cottagesdeperpignan.com\/de\/die-region-entdecken\/","og_locale":"de_DE","og_type":"article","og_title":"Tourismus Pyr\u00e9n\u00e9es Orientales: Die wichtigsten Sehensw\u00fcrdigkeiten w\u00e4hrend Ihres Urlaubs in den Pyr\u00e9n\u00e9es Orientales","og_url":"https:\/\/www.cottagesdeperpignan.com\/de\/die-region-entdecken\/","og_site_name":"Les Cottages de Perpignan","article_modified_time":"2023-12-04T08:56:39+00:00","og_image":[{"width":2000,"height":1333,"url":"https:\/\/www.cottagesdeperpignan.com\/wp-content\/uploads\/2023\/11\/visiter-argeles-sur-mer.webp","type":"image\/webp"}],"twitter_card":"summary_large_image","twitter_misc":{"Gesch\u00e4tzte Lesezeit":"2\u00a0Minuten"},"schema":{"@context":"https:\/\/schema.org","@graph":[{"@type":"WebPage","@id":"https:\/\/www.cottagesdeperpignan.com\/de\/die-region-entdecken\/","url":"https:\/\/www.cottagesdeperpignan.com\/de\/die-region-entdecken\/","name":"Tourismus Pyr\u00e9n\u00e9es Orientales: Die wichtigsten Sehensw\u00fcrdigkeiten w\u00e4hrend Ihres Urlaubs in den Pyr\u00e9n\u00e9es Orientales","isPartOf":{"@id":"https:\/\/www.cottagesdeperpignan.com\/de\/#website"},"primaryImageOfPage":{"@id":"https:\/\/www.cottagesdeperpignan.com\/de\/die-region-entdecken\/#primaryimage"},"image":{"@id":"https:\/\/www.cottagesdeperpignan.com\/de\/die-region-entdecken\/#primaryimage"},"thumbnailUrl":"https:\/\/www.cottagesdeperpignan.com\/wp-content\/uploads\/2023\/11\/visiter-argeles-sur-mer.webp","datePublished":"2023-11-02T12:35:55+00:00","dateModified":"2023-12-04T08:56:39+00:00","breadcrumb":{"@id":"https:\/\/www.cottagesdeperpignan.com\/de\/die-region-entdecken\/#breadcrumb"},"inLanguage":"de","potentialAction":[{"@type":"ReadAction","target":["https:\/\/www.cottagesdeperpignan.com\/de\/die-region-entdecken\/"]}]},{"@type":"ImageObject","inLanguage":"de","@id":"https:\/\/www.cottagesdeperpignan.com\/de\/die-region-entdecken\/#primaryimage","url":"https:\/\/www.cottagesdeperpignan.com\/wp-content\/uploads\/2023\/11\/visiter-argeles-sur-mer.webp","contentUrl":"https:\/\/www.cottagesdeperpignan.com\/wp-content\/uploads\/2023\/11\/visiter-argeles-sur-mer.webp","width":2000,"height":1333,"caption":"argeles sur mer besuchen"},{"@type":"BreadcrumbList","@id":"https:\/\/www.cottagesdeperpignan.com\/de\/die-region-entdecken\/#breadcrumb","itemListElement":[{"@type":"ListItem","position":1,"name":"Camping Perpignan","item":"https:\/\/www.cottagesdeperpignan.com\/de\/"},{"@type":"ListItem","position":2,"name":"Die Pyr\u00e9n\u00e9es-Orientales besuchen"}]},{"@type":"WebSite","@id":"https:\/\/www.cottagesdeperpignan.com\/de\/#website","url":"https:\/\/www.cottagesdeperpignan.com\/de\/","name":"Les Cottages de Perpignan","description":"","publisher":{"@id":"https:\/\/www.cottagesdeperpignan.com\/de\/#organization"},"potentialAction":[{"@type":"SearchAction","target":{"@type":"EntryPoint","urlTemplate":"https:\/\/www.cottagesdeperpignan.com\/de\/?s={search_term_string}"},"query-input":{"@type":"PropertyValueSpecification","valueRequired":true,"valueName":"search_term_string"}}],"inLanguage":"de"},{"@type":"Organization","@id":"https:\/\/www.cottagesdeperpignan.com\/de\/#organization","name":"Les Cottages de Perpignan","url":"https:\/\/www.cottagesdeperpignan.com\/de\/","logo":{"@type":"ImageObject","inLanguage":"de","@id":"https:\/\/www.cottagesdeperpignan.com\/de\/#\/schema\/logo\/image\/","url":"https:\/\/www.cottagesdeperpignan.com\/wp-content\/uploads\/2023\/11\/logo-cottages-perpignan.png","contentUrl":"https:\/\/www.cottagesdeperpignan.com\/wp-content\/uploads\/2023\/11\/logo-cottages-perpignan.png","width":2560,"height":1418,"caption":"Les Cottages de Perpignan"},"image":{"@id":"https:\/\/www.cottagesdeperpignan.com\/de\/#\/schema\/logo\/image\/"}}]}},"_links":{"self":[{"href":"https:\/\/www.cottagesdeperpignan.com\/de\/wp-json\/wp\/v2\/pages\/3672","targetHints":{"allow":["GET"]}}],"collection":[{"href":"https:\/\/www.cottagesdeperpignan.com\/de\/wp-json\/wp\/v2\/pages"}],"about":[{"href":"https:\/\/www.cottagesdeperpignan.com\/de\/wp-json\/wp\/v2\/types\/page"}],"author":[{"embeddable":true,"href":"https:\/\/www.cottagesdeperpignan.com\/de\/wp-json\/wp\/v2\/users\/1"}],"replies":[{"embeddable":true,"href":"https:\/\/www.cottagesdeperpignan.com\/de\/wp-json\/wp\/v2\/comments?post=3672"}],"version-history":[{"count":1,"href":"https:\/\/www.cottagesdeperpignan.com\/de\/wp-json\/wp\/v2\/pages\/3672\/revisions"}],"predecessor-version":[{"id":3681,"href":"https:\/\/www.cottagesdeperpignan.com\/de\/wp-json\/wp\/v2\/pages\/3672\/revisions\/3681"}],"wp:featuredmedia":[{"embeddable":true,"href":"https:\/\/www.cottagesdeperpignan.com\/de\/wp-json\/wp\/v2\/media\/3680"}],"wp:attachment":[{"href":"https:\/\/www.cottagesdeperpignan.com\/de\/wp-json\/wp\/v2\/media?parent=3672"}],"wp:term":[{"taxonomy":"sujet","embeddable":true,"href":"https:\/\/www.cottagesdeperpignan.com\/de\/wp-json\/wp\/v2\/sujet?post=3672"}],"curies":[{"name":"wp","href":"https:\/\/api.w.org\/{rel}","templated":true}]}}