{"id":3925,"date":"2023-11-02T13:35:15","date_gmt":"2023-11-02T12:35:15","guid":{"rendered":"https:\/\/www.cottagesdeperpignan.com\/nebenleistungen\/"},"modified":"2023-12-04T10:06:38","modified_gmt":"2023-12-04T09:06:38","slug":"nebenleistungen","status":"publish","type":"page","link":"https:\/\/www.cottagesdeperpignan.com\/de\/nebenleistungen\/","title":{"rendered":"Dienste"},"content":{"rendered":"<section id=\"ls-section-block_10cfa0cdcd248c82f59c4270d8021c27\" class=\"ls-section  page-intro has-p-b p-b-0\" >\r\n        <div class=\"container \">\r\n        \n\n<div class=\"wp-block-columns is-layout-flex wp-container-core-columns-is-layout-9d6595d7 wp-block-columns-is-layout-flex\">\n<div class=\"wp-block-column is-layout-flow wp-block-column-is-layout-flow\">\n<h1 class=\"ls__heading wp-block-heading has-text-align-center\">Unsere Nebenleistungen<\/h1>\n\n\n\n<p class=\"ls-paragraph has-text-align-center\">Unser <a href=\"https:\/\/www.cottagesdeperpignan.com\/de\/\">Campingplatz in Perpignan<\/a> legt gro\u00dfen Wert darauf, Ihnen qualitativ hochwertige Dienstleistungen anzubieten und erleichtert Ihnen den Alltag w\u00e4hrend Ihres Aufenthalts auf unserem Campingplatz Les Cottages de Perpignan.<\/p>\n\n\n\n<p class=\"ls-paragraph has-text-align-center\">So haben wir verschiedene Dienste eingerichtet, die Ihnen zur Verf\u00fcgung stehen.<\/p>\n<\/div>\n<\/div>\n\n\r\n    <\/div>\r\n<\/section><section id=\"ls-section-block_8576d632698b0be8d290ed95a806a802\" class=\"ls-section  page-one\" >\r\n        <div class=\"container container--wide\">\r\n        \n\n<div class=\"wp-block-columns is-layout-flex wp-container-core-columns-is-layout-9d6595d7 wp-block-columns-is-layout-flex\">\n<div class=\"wp-block-column first is-layout-flow wp-block-column-is-layout-flow\" style=\"flex-basis:66.66%\">\n<figure class=\"wp-block-gallery has-nested-images columns-default is-cropped gallery-slider wp-block-gallery-1 is-layout-flex wp-block-gallery-is-layout-flex\">\n<figure class=\"wp-block-image size-full\"><a href=\"https:\/\/www.cottagesdeperpignan.com\/wp-content\/uploads\/2023\/11\/camping-cottage-2023_les-cottages-de-perpignan_mh95_13_0.webp\"><img decoding=\"async\" width=\"1920\" height=\"1280\" data-id=\"1008\" src=\"https:\/\/www.cottagesdeperpignan.com\/wp-content\/uploads\/2023\/11\/camping-cottage-2023_les-cottages-de-perpignan_mh95_13_0.webp\" alt=\"Doppelbett Camping  \" class=\"wp-image-1008\" srcset=\"https:\/\/www.cottagesdeperpignan.com\/wp-content\/uploads\/2023\/11\/camping-cottage-2023_les-cottages-de-perpignan_mh95_13_0.webp 1920w, https:\/\/www.cottagesdeperpignan.com\/wp-content\/uploads\/2023\/11\/camping-cottage-2023_les-cottages-de-perpignan_mh95_13_0-300x200.webp 300w, https:\/\/www.cottagesdeperpignan.com\/wp-content\/uploads\/2023\/11\/camping-cottage-2023_les-cottages-de-perpignan_mh95_13_0-1024x683.webp 1024w, https:\/\/www.cottagesdeperpignan.com\/wp-content\/uploads\/2023\/11\/camping-cottage-2023_les-cottages-de-perpignan_mh95_13_0-768x512.webp 768w, https:\/\/www.cottagesdeperpignan.com\/wp-content\/uploads\/2023\/11\/camping-cottage-2023_les-cottages-de-perpignan_mh95_13_0-1536x1024.webp 1536w\" sizes=\"(max-width: 1920px) 100vw, 1920px\" \/><\/a><\/figure>\n\n\n\n<figure class=\"wp-block-image size-full\"><a href=\"https:\/\/www.cottagesdeperpignan.com\/wp-content\/uploads\/2023\/11\/camping-cottage-2023_les-cottages-de-perpignan_mh95_19_0.webp\"><img decoding=\"async\" width=\"1920\" height=\"1280\" data-id=\"1012\" src=\"https:\/\/www.cottagesdeperpignan.com\/wp-content\/uploads\/2023\/11\/camping-cottage-2023_les-cottages-de-perpignan_mh95_19_0.webp\" alt=\"Badezimmer Camping\" class=\"wp-image-1012\" srcset=\"https:\/\/www.cottagesdeperpignan.com\/wp-content\/uploads\/2023\/11\/camping-cottage-2023_les-cottages-de-perpignan_mh95_19_0.webp 1920w, https:\/\/www.cottagesdeperpignan.com\/wp-content\/uploads\/2023\/11\/camping-cottage-2023_les-cottages-de-perpignan_mh95_19_0-300x200.webp 300w, https:\/\/www.cottagesdeperpignan.com\/wp-content\/uploads\/2023\/11\/camping-cottage-2023_les-cottages-de-perpignan_mh95_19_0-1024x683.webp 1024w, https:\/\/www.cottagesdeperpignan.com\/wp-content\/uploads\/2023\/11\/camping-cottage-2023_les-cottages-de-perpignan_mh95_19_0-768x512.webp 768w, https:\/\/www.cottagesdeperpignan.com\/wp-content\/uploads\/2023\/11\/camping-cottage-2023_les-cottages-de-perpignan_mh95_19_0-1536x1024.webp 1536w\" sizes=\"(max-width: 1920px) 100vw, 1920px\" \/><\/a><\/figure>\n\n\n\n<figure class=\"wp-block-image size-full\"><a href=\"https:\/\/www.cottagesdeperpignan.com\/wp-content\/uploads\/2023\/11\/camping-cottage-2023_les-cottages-de-perpignan_mh95_29_0.webp\"><img decoding=\"async\" width=\"1920\" height=\"1280\" data-id=\"1015\" src=\"https:\/\/www.cottagesdeperpignan.com\/wp-content\/uploads\/2023\/11\/camping-cottage-2023_les-cottages-de-perpignan_mh95_29_0.webp\" alt=\"Mobilheim-K&#xFC;che\" class=\"wp-image-1015\" srcset=\"https:\/\/www.cottagesdeperpignan.com\/wp-content\/uploads\/2023\/11\/camping-cottage-2023_les-cottages-de-perpignan_mh95_29_0.webp 1920w, https:\/\/www.cottagesdeperpignan.com\/wp-content\/uploads\/2023\/11\/camping-cottage-2023_les-cottages-de-perpignan_mh95_29_0-300x200.webp 300w, https:\/\/www.cottagesdeperpignan.com\/wp-content\/uploads\/2023\/11\/camping-cottage-2023_les-cottages-de-perpignan_mh95_29_0-1024x683.webp 1024w, https:\/\/www.cottagesdeperpignan.com\/wp-content\/uploads\/2023\/11\/camping-cottage-2023_les-cottages-de-perpignan_mh95_29_0-768x512.webp 768w, https:\/\/www.cottagesdeperpignan.com\/wp-content\/uploads\/2023\/11\/camping-cottage-2023_les-cottages-de-perpignan_mh95_29_0-1536x1024.webp 1536w\" sizes=\"(max-width: 1920px) 100vw, 1920px\" \/><\/a><\/figure>\n\n\n\n<figure class=\"wp-block-image size-full\"><a href=\"https:\/\/www.cottagesdeperpignan.com\/wp-content\/uploads\/2023\/11\/camping-cottage-2023_les-cottages-de-perpignan_mh95_18_0.webp\"><img decoding=\"async\" width=\"1920\" height=\"1280\" data-id=\"1018\" src=\"https:\/\/www.cottagesdeperpignan.com\/wp-content\/uploads\/2023\/11\/camping-cottage-2023_les-cottages-de-perpignan_mh95_18_0.webp\" alt=\"Zimmer Mobilheim\" class=\"wp-image-1018\" srcset=\"https:\/\/www.cottagesdeperpignan.com\/wp-content\/uploads\/2023\/11\/camping-cottage-2023_les-cottages-de-perpignan_mh95_18_0.webp 1920w, https:\/\/www.cottagesdeperpignan.com\/wp-content\/uploads\/2023\/11\/camping-cottage-2023_les-cottages-de-perpignan_mh95_18_0-300x200.webp 300w, https:\/\/www.cottagesdeperpignan.com\/wp-content\/uploads\/2023\/11\/camping-cottage-2023_les-cottages-de-perpignan_mh95_18_0-1024x683.webp 1024w, https:\/\/www.cottagesdeperpignan.com\/wp-content\/uploads\/2023\/11\/camping-cottage-2023_les-cottages-de-perpignan_mh95_18_0-768x512.webp 768w, https:\/\/www.cottagesdeperpignan.com\/wp-content\/uploads\/2023\/11\/camping-cottage-2023_les-cottages-de-perpignan_mh95_18_0-1536x1024.webp 1536w\" sizes=\"(max-width: 1920px) 100vw, 1920px\" \/><\/a><\/figure>\n<\/figure>\n<\/div>\n\n\n\n<div class=\"wp-block-column is-vertically-aligned-center second is-layout-flow wp-block-column-is-layout-flow\" style=\"flex-basis:33.33%\">\n<h2 class=\"ls__heading wp-block-heading deco\">Haus- und <strong>Toilettenw\u00e4sche<\/strong><\/h2>\n\n\n\n<p class=\"ls-paragraph\">Verleih von Bettw\u00e4sche und Handt\u00fcchern verf\u00fcgbar, 10\u20ac f\u00fcr Handt\u00fccher, 12\u20ac f\u00fcr Bettw\u00e4sche f\u00fcr ein Doppelbett.<\/p>\n\n\n\n<p class=\"ls-paragraph\">Bei Hotelformeln und Suitenformeln ist diese Bereitstellung im Preis inbegriffen und die Betten sind gemacht.<\/p>\n\n\n\n<div style=\"height:50px\" aria-hidden=\"true\" class=\"wp-block-spacer\"><\/div>\n\n\n\n<h2 class=\"ls__heading wp-block-heading deco\"><strong>Endg\u00fcltiger<\/strong> Haushalt<\/h2>\n\n\n\n<p class=\"ls-paragraph\">Als Option bieten wir Ihnen eine Endreinigung an, die auf Anfrage f\u00fcr 100\u20ac pro Unterkunft erh\u00e4ltlich ist.<\/p>\n\n\n\n<p class=\"ls-paragraph\">Bei Hotelformeln und Suitenformeln ist die Reinigung im Preis inbegriffen.<\/p>\n<\/div>\n<\/div>\n\n\r\n    <\/div>\r\n<\/section><section id=\"ls-section-block_92f35a471e3e8322bfd523c959161a8d\" class=\"ls-section  page-two has-background has-color-6-background-color has-p-t p-t-12 has-p-b p-b-12\" >\r\n        <div class=\"container \">\r\n        \n\n<div class=\"wp-block-columns is-layout-flex wp-container-core-columns-is-layout-9d6595d7 wp-block-columns-is-layout-flex\">\n<div class=\"wp-block-column is-layout-flow wp-block-column-is-layout-flow\">\n<h2 class=\"ls__heading wp-block-heading has-text-align-center deco-top-center\"><strong>Komfort-Paket<\/strong><\/h2>\n\n\n\n<p class=\"ls-paragraph has-text-align-center\">Wenn Sie Ihr Cottage mieten, k\u00f6nnen Sie sich f\u00fcr das Komfortpaket f\u00fcr 130 \u20ac entscheiden.  <\/p>\n\n\n\n<p class=\"ls-paragraph has-text-align-center\">So werden Ihnen Bettw\u00e4sche und Handt\u00fccher zur Verf\u00fcgung gestellt und die Betten sind bei Ihrer Ankunft bezogen.<\/p>\n<\/div>\n<\/div>\n\n\r\n    <\/div>\r\n<\/section><section id=\"mizzy\" class=\"ls-section  page-one\" >\r\n        <div class=\"container container--wide\">\r\n        \n\n<div class=\"wp-block-columns is-layout-flex wp-container-core-columns-is-layout-9d6595d7 wp-block-columns-is-layout-flex\">\n<div class=\"wp-block-column is-vertically-aligned-center second is-layout-flow wp-block-column-is-layout-flow\" style=\"flex-basis:33.33%\">\n<h2 class=\"ls__heading wp-block-heading deco\">W\u00e4scherei<\/h2>\n\n\n\n<p class=\"ls-paragraph\">Waschmaschinen und Trockner stehen Ihnen auf dem Gel\u00e4nde zur freien Verf\u00fcgung und kosten 6,50\u20ac pro Waschgang (inklusive Waschmittel und Weichsp\u00fcler) und 5.00\u20ac pro Trockner.<\/p>\n\n\n\n<div style=\"height:50px\" aria-hidden=\"true\" class=\"wp-block-spacer\"><\/div>\n\n\n\n<h2 class=\"ls__heading wp-block-heading deco\">Wifi<\/h2>\n\n\n\n<p class=\"ls-paragraph\">Dank des Glasfaserkabels, das auf unserem preisg\u00fcnstigen <a href=\"https:\/\/www.cottagesdeperpignan.com\/camping-pas-cher-perpignan\/\">Campingplatz in Perpignan<\/a> verlegt wurde, steht Ihnen auf dem gesamten Gel\u00e4nde WLAN mit hoher Geschwindigkeit zur Verf\u00fcgung &#8211; kostenlos!<\/p>\n<\/div>\n\n\n\n<div class=\"wp-block-column first is-layout-flow wp-block-column-is-layout-flow\" style=\"flex-basis:66.66%\">\n<figure class=\"wp-block-gallery has-nested-images columns-default is-cropped gallery-slider wp-block-gallery-2 is-layout-flex wp-block-gallery-is-layout-flex\">\n<figure class=\"wp-block-image size-full\"><a href=\"https:\/\/www.cottagesdeperpignan.com\/wp-content\/uploads\/2023\/11\/laverie.webp\"><img decoding=\"async\" width=\"2000\" height=\"1333\" data-id=\"1028\" src=\"https:\/\/www.cottagesdeperpignan.com\/wp-content\/uploads\/2023\/11\/laverie.webp\" alt=\"W&#xE4;scherei\" class=\"wp-image-1028\" srcset=\"https:\/\/www.cottagesdeperpignan.com\/wp-content\/uploads\/2023\/11\/laverie.webp 2000w, https:\/\/www.cottagesdeperpignan.com\/wp-content\/uploads\/2023\/11\/laverie-300x200.webp 300w, https:\/\/www.cottagesdeperpignan.com\/wp-content\/uploads\/2023\/11\/laverie-1024x682.webp 1024w, https:\/\/www.cottagesdeperpignan.com\/wp-content\/uploads\/2023\/11\/laverie-768x512.webp 768w, https:\/\/www.cottagesdeperpignan.com\/wp-content\/uploads\/2023\/11\/laverie-1536x1024.webp 1536w\" sizes=\"(max-width: 2000px) 100vw, 2000px\" \/><\/a><\/figure>\n\n\n\n<figure class=\"wp-block-image size-full\"><a href=\"https:\/\/www.cottagesdeperpignan.com\/wp-content\/uploads\/2023\/11\/2023_les-cottages-de-perpignan_mh95_22_0.webp\"><img decoding=\"async\" width=\"1920\" height=\"1280\" data-id=\"1023\" src=\"https:\/\/www.cottagesdeperpignan.com\/wp-content\/uploads\/2023\/11\/2023_les-cottages-de-perpignan_mh95_22_0.webp\" alt=\"Computer Campingplatz Les Cottages\" class=\"wp-image-1023\" srcset=\"https:\/\/www.cottagesdeperpignan.com\/wp-content\/uploads\/2023\/11\/2023_les-cottages-de-perpignan_mh95_22_0.webp 1920w, https:\/\/www.cottagesdeperpignan.com\/wp-content\/uploads\/2023\/11\/2023_les-cottages-de-perpignan_mh95_22_0-300x200.webp 300w, https:\/\/www.cottagesdeperpignan.com\/wp-content\/uploads\/2023\/11\/2023_les-cottages-de-perpignan_mh95_22_0-1024x683.webp 1024w, https:\/\/www.cottagesdeperpignan.com\/wp-content\/uploads\/2023\/11\/2023_les-cottages-de-perpignan_mh95_22_0-768x512.webp 768w, https:\/\/www.cottagesdeperpignan.com\/wp-content\/uploads\/2023\/11\/2023_les-cottages-de-perpignan_mh95_22_0-1536x1024.webp 1536w\" sizes=\"(max-width: 1920px) 100vw, 1920px\" \/><\/a><\/figure>\n<\/figure>\n<\/div>\n<\/div>\n\n\r\n    <\/div>\r\n<\/section><section id=\"ls-section-block_92f35a471e3e8322bfd523c959161a8d\" class=\"ls-section  page-two has-background has-color-6-background-color has-p-t p-t-12 has-p-b p-b-12\" >\r\n        <div class=\"container \">\r\n        \n\n<div class=\"wp-block-columns page-two is-layout-flex wp-container-core-columns-is-layout-9d6595d7 wp-block-columns-is-layout-flex\">\n<div class=\"wp-block-column is-layout-flow wp-block-column-is-layout-flow\">\n<h2 class=\"ls__heading wp-block-heading has-text-align-center deco-top-center\"><strong>Baby-Set<\/strong><\/h2>\n\n\n\n<p class=\"ls-paragraph has-text-align-center\">Bei Les cottages de Perpignan k\u00f6nnen Sie Sets mit einem Bett, einem Hochstuhl und einer babygerechten Badewanne mieten.  <\/p>\n\n\n\n<p class=\"ls-paragraph has-text-align-center\">Dieser Service ist f\u00fcr 21\u20ac pro Set erh\u00e4ltlich, erfordert eine Reservierung und ist nur solange verf\u00fcgbar, wie der Vorrat reicht.<\/p>\n\n\n\n<h2 class=\"ls__heading wp-block-heading has-text-align-center\">Planchas<\/h2>\n\n\n\n<p class=\"ls-paragraph has-text-align-center\">F\u00fcr Ihre Mahlzeiten im Freien stehen Ihnen Planchas zur Verf\u00fcgung, die in jeder <a href=\"https:\/\/www.cottagesdeperpignan.com\/de\/unsere-unterkuenfte\/\">Mobilheimvermietung<\/a> inbegriffen sind.<\/p>\n<\/div>\n<\/div>\n\n\r\n    <\/div>\r\n<\/section><section id=\"ls-section-block_a5cfdc4cf9844c062d83dad3b500d932\" class=\"ls-section  page-maillage\" >\r\n        <div class=\"container container--wide\">\r\n        \n\n<div id=\"ls-heading ls-titre-div-block_9361d64ddefeeac8635cbd3447c8f5e0\" class=\"ls-titre-div deco h2-like\" >\n    <strong>Entdecken Sie das Restaurant, <\/strong> <\/br>den Wasserbereich und unsere Unterk\u00fcnfte!<\/div>\n\n\n<div id=\"ls-maillage-block_91f1e08a090f64a934eb3f5a99fca87b\" class=\"ls-maillage cta-style-normal\" data-rows=\"3\">\n    <div class=\"wp-block-columns\"><div class=\"wp-block-column\"><div class=\"ls-cta \">\n\n<a href=\"https:\/\/www.cottagesdeperpignan.com\/de\/unsere-unterkuenfte\/\" target=\"\" rel=\"noopener\" class=\"ls-cta__link\">\n\n\t<div class=\"ls-cta__image\"><img decoding=\"async\" src=\"https:\/\/www.cottagesdeperpignan.com\/wp-content\/uploads\/2023\/11\/location-mobil-home-perpignan.webp\" alt=\"vermietung mobilheim perpignan\"><\/div>\n\t<div class=\"ls-cta__title\">\n\t\tMobilheime\t<\/div>\n\n\t<div class=\"ls-button ls-button--cta\"><span>Entdecken Sie<\/span><i class='lagon-fleche-vers-le-haut'><\/i><\/div>\n\n\t<pre>NULL\n<\/pre>\n\t\t\n<\/a>\n\n\n<\/div><\/div><div class=\"wp-block-column\"><div class=\"ls-cta \">\n\n<a href=\"https:\/\/www.cottagesdeperpignan.com\/de\/camping-schwimmbad-perpignan\/\" target=\"\" rel=\"noopener\" class=\"ls-cta__link\">\n\n\t<div class=\"ls-cta__image\"><img decoding=\"async\" src=\"https:\/\/www.cottagesdeperpignan.com\/wp-content\/uploads\/2023\/11\/camping-cottage-piscine-pyrenees-orientales.webp\" alt=\"camping cottage schwimmbad pyrenees orientales\"><\/div>\n\t<div class=\"ls-cta__title\">\n\t\tDer Pool\t<\/div>\n\n\t<div class=\"ls-button ls-button--cta\"><span>Entdecken Sie<\/span><i class='lagon-fleche-vers-le-haut'><\/i><\/div>\n\n\t<pre>NULL\n<\/pre>\n\t\t\n<\/a>\n\n\n<\/div><\/div><div class=\"wp-block-column\"><div class=\"ls-cta \">\n\n<a href=\"https:\/\/www.cottagesdeperpignan.com\/de\/dienstleistungen-gastronomie\/\" target=\"\" rel=\"noopener\" class=\"ls-cta__link\">\n\n\t<div class=\"ls-cta__image\"><img decoding=\"async\" src=\"https:\/\/www.cottagesdeperpignan.com\/wp-content\/uploads\/2023\/11\/camping-cottage-2023_les-cottages-de-perpignan_restaurant-bar_29_0.webp\" alt=\"Aperitif Restaurant Les Cottages\"><\/div>\n\t<div class=\"ls-cta__title\">\n\t\tVerpflegung\t<\/div>\n\n\t<div class=\"ls-button ls-button--cta\"><span>Entdecken Sie<\/span><i class='lagon-fleche-vers-le-haut'><\/i><\/div>\n\n\t<pre>NULL\n<\/pre>\n\t\t\n<\/a>\n\n\n<\/div><\/div><\/div><\/div>\n\r\n    <\/div>\r\n<\/section>","protected":false},"excerpt":{"rendered":"","protected":false},"author":1,"featured_media":3826,"parent":0,"menu_order":0,"comment_status":"closed","ping_status":"closed","template":"","meta":{"_acf_changed":false,"inline_featured_image":false,"footnotes":""},"sujet":[],"class_list":["post-3925","page","type-page","status-publish","has-post-thumbnail","hentry"],"acf":[],"yoast_head":"<!-- This site is optimized with the Yoast SEO plugin v23.4 - https:\/\/yoast.com\/wordpress\/plugins\/seo\/ -->\n<title>Nebenleistungen - Cottages de Perpignan<\/title>\n<meta name=\"robots\" content=\"index, follow, max-snippet:-1, max-image-preview:large, max-video-preview:-1\" \/>\n<link rel=\"canonical\" href=\"https:\/\/www.cottagesdeperpignan.com\/de\/nebenleistungen\/\" \/>\n<meta property=\"og:locale\" content=\"de_DE\" \/>\n<meta property=\"og:type\" content=\"article\" \/>\n<meta property=\"og:title\" content=\"Nebenleistungen - Cottages de Perpignan\" \/>\n<meta property=\"og:url\" content=\"https:\/\/www.cottagesdeperpignan.com\/de\/nebenleistungen\/\" \/>\n<meta property=\"og:site_name\" content=\"Les Cottages de Perpignan\" \/>\n<meta property=\"article:modified_time\" content=\"2023-12-04T09:06:38+00:00\" \/>\n<meta property=\"og:image\" content=\"https:\/\/www.cottagesdeperpignan.com\/wp-content\/uploads\/2023\/11\/location-camping-1.webp\" \/>\n\t<meta property=\"og:image:width\" content=\"1920\" \/>\n\t<meta property=\"og:image:height\" content=\"1280\" \/>\n\t<meta property=\"og:image:type\" content=\"image\/webp\" \/>\n<meta name=\"twitter:card\" content=\"summary_large_image\" \/>\n<meta name=\"twitter:label1\" content=\"Gesch\u00e4tzte Lesezeit\" \/>\n\t<meta name=\"twitter:data1\" content=\"1\u00a0Minute\" \/>\n<script type=\"application\/ld+json\" class=\"yoast-schema-graph\">{\"@context\":\"https:\/\/schema.org\",\"@graph\":[{\"@type\":\"WebPage\",\"@id\":\"https:\/\/www.cottagesdeperpignan.com\/de\/nebenleistungen\/\",\"url\":\"https:\/\/www.cottagesdeperpignan.com\/de\/nebenleistungen\/\",\"name\":\"Nebenleistungen - Cottages de Perpignan\",\"isPartOf\":{\"@id\":\"https:\/\/www.cottagesdeperpignan.com\/de\/#website\"},\"primaryImageOfPage\":{\"@id\":\"https:\/\/www.cottagesdeperpignan.com\/de\/nebenleistungen\/#primaryimage\"},\"image\":{\"@id\":\"https:\/\/www.cottagesdeperpignan.com\/de\/nebenleistungen\/#primaryimage\"},\"thumbnailUrl\":\"https:\/\/www.cottagesdeperpignan.com\/wp-content\/uploads\/2023\/11\/location-camping-1.webp\",\"datePublished\":\"2023-11-02T12:35:15+00:00\",\"dateModified\":\"2023-12-04T09:06:38+00:00\",\"breadcrumb\":{\"@id\":\"https:\/\/www.cottagesdeperpignan.com\/de\/nebenleistungen\/#breadcrumb\"},\"inLanguage\":\"de\",\"potentialAction\":[{\"@type\":\"ReadAction\",\"target\":[\"https:\/\/www.cottagesdeperpignan.com\/de\/nebenleistungen\/\"]}]},{\"@type\":\"ImageObject\",\"inLanguage\":\"de\",\"@id\":\"https:\/\/www.cottagesdeperpignan.com\/de\/nebenleistungen\/#primaryimage\",\"url\":\"https:\/\/www.cottagesdeperpignan.com\/wp-content\/uploads\/2023\/11\/location-camping-1.webp\",\"contentUrl\":\"https:\/\/www.cottagesdeperpignan.com\/wp-content\/uploads\/2023\/11\/location-camping-1.webp\",\"width\":1920,\"height\":1280,\"caption\":\"Vermietung von Campingpl\u00e4tzen\"},{\"@type\":\"BreadcrumbList\",\"@id\":\"https:\/\/www.cottagesdeperpignan.com\/de\/nebenleistungen\/#breadcrumb\",\"itemListElement\":[{\"@type\":\"ListItem\",\"position\":1,\"name\":\"Camping Perpignan\",\"item\":\"https:\/\/www.cottagesdeperpignan.com\/de\/\"},{\"@type\":\"ListItem\",\"position\":2,\"name\":\"Dienste\"}]},{\"@type\":\"WebSite\",\"@id\":\"https:\/\/www.cottagesdeperpignan.com\/de\/#website\",\"url\":\"https:\/\/www.cottagesdeperpignan.com\/de\/\",\"name\":\"Les Cottages de Perpignan\",\"description\":\"\",\"publisher\":{\"@id\":\"https:\/\/www.cottagesdeperpignan.com\/de\/#organization\"},\"potentialAction\":[{\"@type\":\"SearchAction\",\"target\":{\"@type\":\"EntryPoint\",\"urlTemplate\":\"https:\/\/www.cottagesdeperpignan.com\/de\/?s={search_term_string}\"},\"query-input\":{\"@type\":\"PropertyValueSpecification\",\"valueRequired\":true,\"valueName\":\"search_term_string\"}}],\"inLanguage\":\"de\"},{\"@type\":\"Organization\",\"@id\":\"https:\/\/www.cottagesdeperpignan.com\/de\/#organization\",\"name\":\"Les Cottages de Perpignan\",\"url\":\"https:\/\/www.cottagesdeperpignan.com\/de\/\",\"logo\":{\"@type\":\"ImageObject\",\"inLanguage\":\"de\",\"@id\":\"https:\/\/www.cottagesdeperpignan.com\/de\/#\/schema\/logo\/image\/\",\"url\":\"https:\/\/www.cottagesdeperpignan.com\/wp-content\/uploads\/2023\/11\/logo-cottages-perpignan.png\",\"contentUrl\":\"https:\/\/www.cottagesdeperpignan.com\/wp-content\/uploads\/2023\/11\/logo-cottages-perpignan.png\",\"width\":2560,\"height\":1418,\"caption\":\"Les Cottages de Perpignan\"},\"image\":{\"@id\":\"https:\/\/www.cottagesdeperpignan.com\/de\/#\/schema\/logo\/image\/\"}}]}<\/script>\n<!-- \/ Yoast SEO plugin. -->","yoast_head_json":{"title":"Nebenleistungen - Cottages de Perpignan","robots":{"index":"index","follow":"follow","max-snippet":"max-snippet:-1","max-image-preview":"max-image-preview:large","max-video-preview":"max-video-preview:-1"},"canonical":"https:\/\/www.cottagesdeperpignan.com\/de\/nebenleistungen\/","og_locale":"de_DE","og_type":"article","og_title":"Nebenleistungen - Cottages de Perpignan","og_url":"https:\/\/www.cottagesdeperpignan.com\/de\/nebenleistungen\/","og_site_name":"Les Cottages de Perpignan","article_modified_time":"2023-12-04T09:06:38+00:00","og_image":[{"width":1920,"height":1280,"url":"https:\/\/www.cottagesdeperpignan.com\/wp-content\/uploads\/2023\/11\/location-camping-1.webp","type":"image\/webp"}],"twitter_card":"summary_large_image","twitter_misc":{"Gesch\u00e4tzte Lesezeit":"1\u00a0Minute"},"schema":{"@context":"https:\/\/schema.org","@graph":[{"@type":"WebPage","@id":"https:\/\/www.cottagesdeperpignan.com\/de\/nebenleistungen\/","url":"https:\/\/www.cottagesdeperpignan.com\/de\/nebenleistungen\/","name":"Nebenleistungen - Cottages de Perpignan","isPartOf":{"@id":"https:\/\/www.cottagesdeperpignan.com\/de\/#website"},"primaryImageOfPage":{"@id":"https:\/\/www.cottagesdeperpignan.com\/de\/nebenleistungen\/#primaryimage"},"image":{"@id":"https:\/\/www.cottagesdeperpignan.com\/de\/nebenleistungen\/#primaryimage"},"thumbnailUrl":"https:\/\/www.cottagesdeperpignan.com\/wp-content\/uploads\/2023\/11\/location-camping-1.webp","datePublished":"2023-11-02T12:35:15+00:00","dateModified":"2023-12-04T09:06:38+00:00","breadcrumb":{"@id":"https:\/\/www.cottagesdeperpignan.com\/de\/nebenleistungen\/#breadcrumb"},"inLanguage":"de","potentialAction":[{"@type":"ReadAction","target":["https:\/\/www.cottagesdeperpignan.com\/de\/nebenleistungen\/"]}]},{"@type":"ImageObject","inLanguage":"de","@id":"https:\/\/www.cottagesdeperpignan.com\/de\/nebenleistungen\/#primaryimage","url":"https:\/\/www.cottagesdeperpignan.com\/wp-content\/uploads\/2023\/11\/location-camping-1.webp","contentUrl":"https:\/\/www.cottagesdeperpignan.com\/wp-content\/uploads\/2023\/11\/location-camping-1.webp","width":1920,"height":1280,"caption":"Vermietung von Campingpl\u00e4tzen"},{"@type":"BreadcrumbList","@id":"https:\/\/www.cottagesdeperpignan.com\/de\/nebenleistungen\/#breadcrumb","itemListElement":[{"@type":"ListItem","position":1,"name":"Camping Perpignan","item":"https:\/\/www.cottagesdeperpignan.com\/de\/"},{"@type":"ListItem","position":2,"name":"Dienste"}]},{"@type":"WebSite","@id":"https:\/\/www.cottagesdeperpignan.com\/de\/#website","url":"https:\/\/www.cottagesdeperpignan.com\/de\/","name":"Les Cottages de Perpignan","description":"","publisher":{"@id":"https:\/\/www.cottagesdeperpignan.com\/de\/#organization"},"potentialAction":[{"@type":"SearchAction","target":{"@type":"EntryPoint","urlTemplate":"https:\/\/www.cottagesdeperpignan.com\/de\/?s={search_term_string}"},"query-input":{"@type":"PropertyValueSpecification","valueRequired":true,"valueName":"search_term_string"}}],"inLanguage":"de"},{"@type":"Organization","@id":"https:\/\/www.cottagesdeperpignan.com\/de\/#organization","name":"Les Cottages de Perpignan","url":"https:\/\/www.cottagesdeperpignan.com\/de\/","logo":{"@type":"ImageObject","inLanguage":"de","@id":"https:\/\/www.cottagesdeperpignan.com\/de\/#\/schema\/logo\/image\/","url":"https:\/\/www.cottagesdeperpignan.com\/wp-content\/uploads\/2023\/11\/logo-cottages-perpignan.png","contentUrl":"https:\/\/www.cottagesdeperpignan.com\/wp-content\/uploads\/2023\/11\/logo-cottages-perpignan.png","width":2560,"height":1418,"caption":"Les Cottages de Perpignan"},"image":{"@id":"https:\/\/www.cottagesdeperpignan.com\/de\/#\/schema\/logo\/image\/"}}]}},"_links":{"self":[{"href":"https:\/\/www.cottagesdeperpignan.com\/de\/wp-json\/wp\/v2\/pages\/3925","targetHints":{"allow":["GET"]}}],"collection":[{"href":"https:\/\/www.cottagesdeperpignan.com\/de\/wp-json\/wp\/v2\/pages"}],"about":[{"href":"https:\/\/www.cottagesdeperpignan.com\/de\/wp-json\/wp\/v2\/types\/page"}],"author":[{"embeddable":true,"href":"https:\/\/www.cottagesdeperpignan.com\/de\/wp-json\/wp\/v2\/users\/1"}],"replies":[{"embeddable":true,"href":"https:\/\/www.cottagesdeperpignan.com\/de\/wp-json\/wp\/v2\/comments?post=3925"}],"version-history":[{"count":2,"href":"https:\/\/www.cottagesdeperpignan.com\/de\/wp-json\/wp\/v2\/pages\/3925\/revisions"}],"predecessor-version":[{"id":4737,"href":"https:\/\/www.cottagesdeperpignan.com\/de\/wp-json\/wp\/v2\/pages\/3925\/revisions\/4737"}],"wp:featuredmedia":[{"embeddable":true,"href":"https:\/\/www.cottagesdeperpignan.com\/de\/wp-json\/wp\/v2\/media\/3826"}],"wp:attachment":[{"href":"https:\/\/www.cottagesdeperpignan.com\/de\/wp-json\/wp\/v2\/media?parent=3925"}],"wp:term":[{"taxonomy":"sujet","embeddable":true,"href":"https:\/\/www.cottagesdeperpignan.com\/de\/wp-json\/wp\/v2\/sujet?post=3925"}],"curies":[{"name":"wp","href":"https:\/\/api.w.org\/{rel}","templated":true}]}}