{"id":2830,"date":"2023-11-02T13:37:00","date_gmt":"2023-11-02T12:37:00","guid":{"rendered":"https:\/\/www.cottagesdeperpignan.com\/contact-us\/"},"modified":"2024-08-13T10:33:39","modified_gmt":"2024-08-13T08:33:39","slug":"contact-us","status":"publish","type":"page","link":"https:\/\/www.cottagesdeperpignan.com\/en\/contact-us\/","title":{"rendered":"Contact &amp; Info"},"content":{"rendered":"<section id=\"ls-section-block_499f1983745323213143fed7406a9fa2\" class=\"ls-section  page-intro\" >\r\n        <div class=\"container \">\r\n        \n\n<h1 class=\"ls__heading wp-block-heading has-text-align-center\">Contact and access<\/h1>\n\n\r\n    <\/div>\r\n<\/section><section id=\"ls-section-block_df63338942e69c5453786a9896d36d48\" class=\"ls-section  page-one has-m-t m-t-0 has-p-t p-t-0\" >\r\n        <div class=\"container container--wide\">\r\n        \n\n<div class=\"wp-block-columns page-one is-layout-flex wp-container-core-columns-is-layout-9d6595d7 wp-block-columns-is-layout-flex\">\n<div class=\"wp-block-column is-layout-flow wp-block-column-is-layout-flow\">\n<h2 class=\"ls__heading wp-block-heading deco\">Contact<\/h2>\n\n\n\n<div id=\"ls-infos-block_ca1353a2cbc8f8be57b09b29d5c73d60\" class=\"ls-infos has-m-b m-b-7\">\n    \n    <div class=\"ls-infos__content\">\n\n        <div class=\"ls-infos__phone\">\n                        \n                        <i class=\"oreades-phone-call-02\"><\/i> +33 4 48 07 23 51            \n        <\/div>\n        <div class=\"ls-infos__mail\">\n            <i class=\"fas fa-envelope\"><\/i> contact@cottagesdeperpignan.com        <\/div>\n\n        <div class=\"ls-infos__adresse\">\n            <i class='fas fa-map-marker-alt'><\/i>\n            <div class=\"ls-infos__adresse--content\">\n                3252 Avenue de la Salanque <br\/>Route de Bompas <br \/>\n                66000                Perpignan            <\/div>\n        <\/div>\n    <\/div>\n<\/div><\/div>\n\n\n\n<div class=\"wp-block-column is-layout-flow wp-block-column-is-layout-flow\">\n<div class=\"wp-block-contact-form-7-contact-form-selector\">\n<div class=\"wpcf7 no-js\" id=\"wpcf7-f2808-o1\" lang=\"en-US\" dir=\"ltr\">\n<div class=\"screen-reader-response\"><p role=\"status\" aria-live=\"polite\" aria-atomic=\"true\"><\/p> <ul><\/ul><\/div>\n<form action=\"\/en\/wp-json\/wp\/v2\/pages\/2830#wpcf7-f2808-o1\" method=\"post\" class=\"wpcf7-form init\" aria-label=\"Contact form\" novalidate=\"novalidate\" data-status=\"init\">\n<div style=\"display: none;\">\n<input type=\"hidden\" name=\"_wpcf7\" value=\"2808\" \/>\n<input type=\"hidden\" name=\"_wpcf7_version\" value=\"5.9.8\" \/>\n<input type=\"hidden\" name=\"_wpcf7_locale\" value=\"en_US\" \/>\n<input type=\"hidden\" name=\"_wpcf7_unit_tag\" value=\"wpcf7-f2808-o1\" \/>\n<input type=\"hidden\" name=\"_wpcf7_container_post\" value=\"0\" \/>\n<input type=\"hidden\" name=\"_wpcf7_posted_data_hash\" value=\"\" \/>\n<input type=\"hidden\" name=\"_wpcf7_recaptcha_response\" value=\"\" \/>\n<\/div>\n<p><label> Your name<br \/>\n<span class=\"wpcf7-form-control-wrap\" data-name=\"your-name\"><input size=\"40\" maxlength=\"400\" class=\"wpcf7-form-control wpcf7-text wpcf7-validates-as-required\" autocomplete=\"name\" aria-required=\"true\" aria-invalid=\"false\" value=\"\" type=\"text\" name=\"your-name\" \/><\/span> <\/label>\n<\/p>\n<p><label> Your e-mail<br \/>\n<span class=\"wpcf7-form-control-wrap\" data-name=\"your-email\"><input size=\"40\" maxlength=\"400\" class=\"wpcf7-form-control wpcf7-email wpcf7-validates-as-required wpcf7-text wpcf7-validates-as-email\" autocomplete=\"email\" aria-required=\"true\" aria-invalid=\"false\" value=\"\" type=\"email\" name=\"your-email\" \/><\/span> <\/label>\n<\/p>\n<p><label> Object<br \/>\n<span class=\"wpcf7-form-control-wrap\" data-name=\"your-subject\"><input size=\"40\" maxlength=\"400\" class=\"wpcf7-form-control wpcf7-text wpcf7-validates-as-required\" aria-required=\"true\" aria-invalid=\"false\" value=\"\" type=\"text\" name=\"your-subject\" \/><\/span> <\/label>\n<\/p>\n<p><label> Your message<br \/>\n<span class=\"wpcf7-form-control-wrap\" data-name=\"your-message\"><textarea cols=\"40\" rows=\"10\" maxlength=\"2000\" class=\"wpcf7-form-control wpcf7-textarea wpcf7-validates-as-required\" aria-required=\"true\" aria-invalid=\"false\" name=\"your-message\"><\/textarea><\/span> <\/label><br \/>\n<span class=\"wpcf7-form-control-wrap\" data-name=\"acceptance-553\"><span class=\"wpcf7-form-control wpcf7-acceptance\"><span class=\"wpcf7-list-item\"><label><input type=\"checkbox\" name=\"acceptance-553\" value=\"1\" aria-invalid=\"false\" \/><span class=\"wpcf7-list-item-label\">By checking this box, I accept the <a href=\"\/en\/privacy-policy\/\" rel=\"nofollow\" target=\"_blank\">Privacy Policy<\/a> of this site.<\/span><\/label><\/span><\/span><\/span>\n<\/p>\n<p><input class=\"wpcf7-form-control wpcf7-submit has-spinner\" type=\"submit\" value=\"Send\" \/>\n<\/p><div class=\"wpcf7-response-output\" aria-hidden=\"true\"><\/div>\n<\/form>\n<\/div>\n<\/div>\n<\/div>\n<\/div>\n\n\r\n    <\/div>\r\n<\/section><section id=\"ls-section-block_dfb2a151802108f70bfa91e85ff2d388\" class=\"ls-section  page-three has-background has-color-6-background-color has-p-t p-t-14 has-p-b p-b-14\" >\r\n        <div class=\"container container--full\">\r\n        \n\n<div class=\"wp-block-columns page-one is-layout-flex wp-container-core-columns-is-layout-9d6595d7 wp-block-columns-is-layout-flex\">\n<div class=\"wp-block-column is-layout-flow wp-block-column-is-layout-flow\">\n<iframe src=\"https:\/\/www.google.com\/maps\/embed?pb=!1m18!1m12!1m3!1d2930.7713944465645!2d2.919809576329338!3d42.729729111666444!2m3!1f0!2f0!3f0!3m2!1i1024!2i768!4f13.1!3m3!1m2!1s0x12b06f1b55b488d1%3A0xe6b74a0310950799!2sLes%20Cottages%20de%20Perpignan%20*2A*2A*2A*2A%20Camping%20maeva%20Escapades!5e0!3m2!1sfr!2sfr!4v1699402308601!5m2!1sfr!2sfr\" width=\"100%\" height=\"100%\" style=\"border:0;\" allowfullscreen=\"\" loading=\"lazy\" referrerpolicy=\"no-referrer-when-downgrade\"><\/iframe>\n<\/div>\n\n\n\n<div class=\"wp-block-column m-r-6 is-layout-flow wp-block-column-is-layout-flow\">\n<h2 class=\"ls__heading wp-block-heading deco\">How do I get there?<\/h2>\n\n\n\n<p class=\"ls-paragraph\">The estate is located between Perpignan city center and the commune of Bompas. <a href=\"\/\">Camping maeva Escapades Les cottages de Perpignan 4 stars<\/a>.<\/p>\n\n\n\n<p class=\"ls-paragraph\">3252 Avenue de la Salanque (Route de Bompas)<\/p>\n\n\n\n<p class=\"ls-paragraph\">66000 Perpignan<\/p>\n\n\n\n<h3 class=\"ls__heading wp-block-heading\">Access<\/h3>\n\n\n\n<p class=\"ls-paragraph\"><strong>By train:<\/strong> Perpignan station (7 km)<\/p>\n\n\n\n<p class=\"ls-paragraph\"><strong>By car:<\/strong> via A9, exit: Perpignan-<\/p>\n\n\n\n<p class=\"ls-paragraph\"><strong>By plane:<\/strong> Perpignan-Rivesaltes airport (7 km)<\/p>\n\n\n\n<p class=\"ls-paragraph\">GPS coordinates :<br\/><br\/>Latitude: 42.7300097 \/ Longitude: 2.9214479<\/p>\n<\/div>\n<\/div>\n\n\r\n    <\/div>\r\n<\/section><section id=\"ls-section-block_797af203a1189bbe5808fda07b06a40d\" class=\"ls-section \" >\r\n        <div class=\"container container--wide\">\r\n        \n\n<h2 class=\"ls__heading wp-block-heading has-text-align-center\">Your arrival, departure and handover of the keys<\/h2>\n\n\n\n<div class=\"wp-block-columns is-layout-flex wp-container-core-columns-is-layout-9d6595d7 wp-block-columns-is-layout-flex\">\n<div class=\"wp-block-column is-layout-flow wp-block-column-is-layout-flow\">\n<p class=\"ls-paragraph\"><strong>To save time and simplify your arrival on the big day: contact the campsite to register in advance!<\/strong><\/p>\n\n\n\n<p class=\"ls-paragraph\">Les logements sont disponibles \u00e0 partir de 14\u00a0h\u00a000 et jusqu\u2019\u00e0 19\u00a0h\u00a000 le jour de votre arriv\u00e9e.\u00a0 Ils doivent \u00eatre lib\u00e9r\u00e9s avant 10h le jour du d\u00e9part.<\/p>\n\n\n\n<p class=\"ls-paragraph\">En cas d\u2019arriv\u00e9e apr\u00e8s 19\u00a0h\u00a000, il est imp\u00e9ratif de pr\u00e9venir la r\u00e9ception. Les locations sont conserv\u00e9es durant 24 heures apr\u00e8s la date pr\u00e9vue de votre arriv\u00e9e. Pass\u00e9 ce d\u00e9lai, elles cessent de vous \u00eatre r\u00e9serv\u00e9es et la totalit\u00e9 du co\u00fbt de votre s\u00e9jour sera retenue.<\/p>\n\n\n\n<p class=\"ls-paragraph\">Les logements doivent \u00eatre lib\u00e9r\u00e9s avant 10\u00a0h\u00a000, le jour du d\u00e9part.<\/p>\n\n\n\n<p class=\"ls-paragraph\"><strong>High season <\/strong>(July\/August):<br\/>09h &#8211; 12h \/ 14h &#8211; 18h<br\/>Saturday: 08h &#8211; 20h<\/p>\n\n\n\n<p class=\"ls-paragraph\"><strong>Low season:<br\/> <\/strong>09h &#8211; 12h \/ 14h &#8211; 18h<\/p>\n\n\n\n<p class=\"ls-paragraph\"><strong>Deposit to be paid on site<\/strong><\/p>\n\n\n\n<p class=\"ls-paragraph\">A deposit of 400\u20ac is required on arrival. It will be returned to you on your departure after an inventory and cleanliness check in your presence, or by post and e-mail in the event of a check after your departure.<\/p>\n<\/div>\n\n\n\n<div class=\"wp-block-column is-layout-flow wp-block-column-is-layout-flow\">\n<p class=\"ls-paragraph\">Housekeeping is your responsibility, unless you have chosen the end-of-stay cleaning option (at extra cost).<\/p>\n\n\n\n<p class=\"ls-paragraph\">The property must be left in a clean and tidy condition on the day of departure. Otherwise, a full cleaning will be charged at \u20ac150.<\/p>\n\n\n\n<p class=\"ls-paragraph\">On arrival, you have 24 hours to check your accommodation and report any problems to reception.<\/p>\n\n\n\n<p class=\"ls-paragraph\"><strong>Taxe de s\u00e9jour (\u00e0 r\u00e9gler sur place) :<\/strong> 0.85\u20ac\/jour\/personne de plus 18 ans (sous r\u00e9serve de modifications)<\/p>\n\n\n\n<p class=\"ls-paragraph\"><strong>Charges (to be paid on site):<\/strong> \u20ac0.70\/night\/person over 18.<\/p>\n\n\n\n<p class=\"ls-paragraph\"><strong>Pets (payable on site) :<\/strong><\/p>\n\n\n\n<p class=\"ls-paragraph\">Deux animaux (chiens uniquement et carnet de vaccination obligatoire) est admis dans les locations moyennant une redevance de 5\u20ac par nuit\u00e9e, soit 35\u20ac par semaine. Il sera tenu en laisse et ne doit jamais \u00eatre laiss\u00e9 seul, m\u00eame attach\u00e9, sur l\u2019emplacement ou dans l\u2019habitation. Les chiens de 1\u02b3\u1d49 et 2\u1d49 cat\u00e9gorie sont interdits dans le camping.<\/p>\n\n\n\n<p class=\"ls-paragraph\"><strong>Please note:<\/strong><\/p>\n\n\n\n<ul class=\"ls-list wp-block-list\">\n\n<li>Minors not accompanied by their parents are not allowed on the estate.<\/li>\n\n\n<li>A rental structure is rented by name and may under no circumstances be sublet. Any person not registered on the rental contract will be considered as a supplement to the package (see current camping tariff).<\/li>\n\n<\/ul>\n<\/div>\n<\/div>\n\n\r\n    <\/div>\r\n<\/section>","protected":false},"excerpt":{"rendered":"","protected":false},"author":1,"featured_media":2174,"parent":0,"menu_order":0,"comment_status":"closed","ping_status":"closed","template":"","meta":{"_acf_changed":false,"inline_featured_image":false,"footnotes":""},"sujet":[],"class_list":["post-2830","page","type-page","status-publish","has-post-thumbnail","hentry"],"acf":[],"yoast_head":"<!-- This site is optimized with the Yoast SEO plugin v23.4 - https:\/\/yoast.com\/wordpress\/plugins\/seo\/ -->\n<title>Contact us | How to get to Les Cottages de Perpignan<\/title>\n<meta name=\"robots\" content=\"index, follow, max-snippet:-1, max-image-preview:large, max-video-preview:-1\" \/>\n<link rel=\"canonical\" href=\"https:\/\/www.cottagesdeperpignan.com\/en\/contact-us\/\" \/>\n<meta property=\"og:locale\" content=\"en_US\" \/>\n<meta property=\"og:type\" content=\"article\" \/>\n<meta property=\"og:title\" content=\"Contact us | How to get to Les Cottages de Perpignan\" \/>\n<meta property=\"og:url\" content=\"https:\/\/www.cottagesdeperpignan.com\/en\/contact-us\/\" \/>\n<meta property=\"og:site_name\" content=\"Les Cottages de Perpignan\" \/>\n<meta property=\"article:modified_time\" content=\"2024-08-13T08:33:39+00:00\" \/>\n<meta property=\"og:image\" content=\"https:\/\/www.cottagesdeperpignan.com\/wp-content\/uploads\/2023\/11\/equipe-les-cottages-perpignan.webp\" \/>\n\t<meta property=\"og:image:width\" content=\"2000\" \/>\n\t<meta property=\"og:image:height\" content=\"1331\" \/>\n\t<meta property=\"og:image:type\" content=\"image\/webp\" \/>\n<meta name=\"twitter:card\" content=\"summary_large_image\" \/>\n<meta name=\"twitter:label1\" content=\"Est. reading time\" \/>\n\t<meta name=\"twitter:data1\" content=\"3 minutes\" \/>\n<script type=\"application\/ld+json\" class=\"yoast-schema-graph\">{\"@context\":\"https:\/\/schema.org\",\"@graph\":[{\"@type\":\"WebPage\",\"@id\":\"https:\/\/www.cottagesdeperpignan.com\/en\/contact-us\/\",\"url\":\"https:\/\/www.cottagesdeperpignan.com\/en\/contact-us\/\",\"name\":\"Contact us | How to get to Les Cottages de Perpignan\",\"isPartOf\":{\"@id\":\"https:\/\/www.cottagesdeperpignan.com\/en\/#website\"},\"primaryImageOfPage\":{\"@id\":\"https:\/\/www.cottagesdeperpignan.com\/en\/contact-us\/#primaryimage\"},\"image\":{\"@id\":\"https:\/\/www.cottagesdeperpignan.com\/en\/contact-us\/#primaryimage\"},\"thumbnailUrl\":\"https:\/\/www.cottagesdeperpignan.com\/wp-content\/uploads\/2023\/11\/equipe-les-cottages-perpignan.webp\",\"datePublished\":\"2023-11-02T12:37:00+00:00\",\"dateModified\":\"2024-08-13T08:33:39+00:00\",\"breadcrumb\":{\"@id\":\"https:\/\/www.cottagesdeperpignan.com\/en\/contact-us\/#breadcrumb\"},\"inLanguage\":\"en-US\",\"potentialAction\":[{\"@type\":\"ReadAction\",\"target\":[\"https:\/\/www.cottagesdeperpignan.com\/en\/contact-us\/\"]}]},{\"@type\":\"ImageObject\",\"inLanguage\":\"en-US\",\"@id\":\"https:\/\/www.cottagesdeperpignan.com\/en\/contact-us\/#primaryimage\",\"url\":\"https:\/\/www.cottagesdeperpignan.com\/wp-content\/uploads\/2023\/11\/equipe-les-cottages-perpignan.webp\",\"contentUrl\":\"https:\/\/www.cottagesdeperpignan.com\/wp-content\/uploads\/2023\/11\/equipe-les-cottages-perpignan.webp\",\"width\":2000,\"height\":1331,\"caption\":\"team les cottages perpignan\"},{\"@type\":\"BreadcrumbList\",\"@id\":\"https:\/\/www.cottagesdeperpignan.com\/en\/contact-us\/#breadcrumb\",\"itemListElement\":[{\"@type\":\"ListItem\",\"position\":1,\"name\":\"Camping Perpignan\",\"item\":\"https:\/\/www.cottagesdeperpignan.com\/en\/\"},{\"@type\":\"ListItem\",\"position\":2,\"name\":\"Contact &amp; Info\"}]},{\"@type\":\"WebSite\",\"@id\":\"https:\/\/www.cottagesdeperpignan.com\/en\/#website\",\"url\":\"https:\/\/www.cottagesdeperpignan.com\/en\/\",\"name\":\"Les Cottages de Perpignan\",\"description\":\"\",\"publisher\":{\"@id\":\"https:\/\/www.cottagesdeperpignan.com\/en\/#organization\"},\"potentialAction\":[{\"@type\":\"SearchAction\",\"target\":{\"@type\":\"EntryPoint\",\"urlTemplate\":\"https:\/\/www.cottagesdeperpignan.com\/en\/?s={search_term_string}\"},\"query-input\":{\"@type\":\"PropertyValueSpecification\",\"valueRequired\":true,\"valueName\":\"search_term_string\"}}],\"inLanguage\":\"en-US\"},{\"@type\":\"Organization\",\"@id\":\"https:\/\/www.cottagesdeperpignan.com\/en\/#organization\",\"name\":\"Les Cottages de Perpignan\",\"url\":\"https:\/\/www.cottagesdeperpignan.com\/en\/\",\"logo\":{\"@type\":\"ImageObject\",\"inLanguage\":\"en-US\",\"@id\":\"https:\/\/www.cottagesdeperpignan.com\/en\/#\/schema\/logo\/image\/\",\"url\":\"https:\/\/www.cottagesdeperpignan.com\/wp-content\/uploads\/2023\/11\/logo-cottages-perpignan.png\",\"contentUrl\":\"https:\/\/www.cottagesdeperpignan.com\/wp-content\/uploads\/2023\/11\/logo-cottages-perpignan.png\",\"width\":2560,\"height\":1418,\"caption\":\"Les Cottages de Perpignan\"},\"image\":{\"@id\":\"https:\/\/www.cottagesdeperpignan.com\/en\/#\/schema\/logo\/image\/\"}}]}<\/script>\n<!-- \/ Yoast SEO plugin. -->","yoast_head_json":{"title":"Contact us | How to get to Les Cottages de Perpignan","robots":{"index":"index","follow":"follow","max-snippet":"max-snippet:-1","max-image-preview":"max-image-preview:large","max-video-preview":"max-video-preview:-1"},"canonical":"https:\/\/www.cottagesdeperpignan.com\/en\/contact-us\/","og_locale":"en_US","og_type":"article","og_title":"Contact us | How to get to Les Cottages de Perpignan","og_url":"https:\/\/www.cottagesdeperpignan.com\/en\/contact-us\/","og_site_name":"Les Cottages de Perpignan","article_modified_time":"2024-08-13T08:33:39+00:00","og_image":[{"width":2000,"height":1331,"url":"https:\/\/www.cottagesdeperpignan.com\/wp-content\/uploads\/2023\/11\/equipe-les-cottages-perpignan.webp","type":"image\/webp"}],"twitter_card":"summary_large_image","twitter_misc":{"Est. reading time":"3 minutes"},"schema":{"@context":"https:\/\/schema.org","@graph":[{"@type":"WebPage","@id":"https:\/\/www.cottagesdeperpignan.com\/en\/contact-us\/","url":"https:\/\/www.cottagesdeperpignan.com\/en\/contact-us\/","name":"Contact us | How to get to Les Cottages de Perpignan","isPartOf":{"@id":"https:\/\/www.cottagesdeperpignan.com\/en\/#website"},"primaryImageOfPage":{"@id":"https:\/\/www.cottagesdeperpignan.com\/en\/contact-us\/#primaryimage"},"image":{"@id":"https:\/\/www.cottagesdeperpignan.com\/en\/contact-us\/#primaryimage"},"thumbnailUrl":"https:\/\/www.cottagesdeperpignan.com\/wp-content\/uploads\/2023\/11\/equipe-les-cottages-perpignan.webp","datePublished":"2023-11-02T12:37:00+00:00","dateModified":"2024-08-13T08:33:39+00:00","breadcrumb":{"@id":"https:\/\/www.cottagesdeperpignan.com\/en\/contact-us\/#breadcrumb"},"inLanguage":"en-US","potentialAction":[{"@type":"ReadAction","target":["https:\/\/www.cottagesdeperpignan.com\/en\/contact-us\/"]}]},{"@type":"ImageObject","inLanguage":"en-US","@id":"https:\/\/www.cottagesdeperpignan.com\/en\/contact-us\/#primaryimage","url":"https:\/\/www.cottagesdeperpignan.com\/wp-content\/uploads\/2023\/11\/equipe-les-cottages-perpignan.webp","contentUrl":"https:\/\/www.cottagesdeperpignan.com\/wp-content\/uploads\/2023\/11\/equipe-les-cottages-perpignan.webp","width":2000,"height":1331,"caption":"team les cottages perpignan"},{"@type":"BreadcrumbList","@id":"https:\/\/www.cottagesdeperpignan.com\/en\/contact-us\/#breadcrumb","itemListElement":[{"@type":"ListItem","position":1,"name":"Camping Perpignan","item":"https:\/\/www.cottagesdeperpignan.com\/en\/"},{"@type":"ListItem","position":2,"name":"Contact &amp; Info"}]},{"@type":"WebSite","@id":"https:\/\/www.cottagesdeperpignan.com\/en\/#website","url":"https:\/\/www.cottagesdeperpignan.com\/en\/","name":"Les Cottages de Perpignan","description":"","publisher":{"@id":"https:\/\/www.cottagesdeperpignan.com\/en\/#organization"},"potentialAction":[{"@type":"SearchAction","target":{"@type":"EntryPoint","urlTemplate":"https:\/\/www.cottagesdeperpignan.com\/en\/?s={search_term_string}"},"query-input":{"@type":"PropertyValueSpecification","valueRequired":true,"valueName":"search_term_string"}}],"inLanguage":"en-US"},{"@type":"Organization","@id":"https:\/\/www.cottagesdeperpignan.com\/en\/#organization","name":"Les Cottages de Perpignan","url":"https:\/\/www.cottagesdeperpignan.com\/en\/","logo":{"@type":"ImageObject","inLanguage":"en-US","@id":"https:\/\/www.cottagesdeperpignan.com\/en\/#\/schema\/logo\/image\/","url":"https:\/\/www.cottagesdeperpignan.com\/wp-content\/uploads\/2023\/11\/logo-cottages-perpignan.png","contentUrl":"https:\/\/www.cottagesdeperpignan.com\/wp-content\/uploads\/2023\/11\/logo-cottages-perpignan.png","width":2560,"height":1418,"caption":"Les Cottages de Perpignan"},"image":{"@id":"https:\/\/www.cottagesdeperpignan.com\/en\/#\/schema\/logo\/image\/"}}]}},"_links":{"self":[{"href":"https:\/\/www.cottagesdeperpignan.com\/en\/wp-json\/wp\/v2\/pages\/2830","targetHints":{"allow":["GET"]}}],"collection":[{"href":"https:\/\/www.cottagesdeperpignan.com\/en\/wp-json\/wp\/v2\/pages"}],"about":[{"href":"https:\/\/www.cottagesdeperpignan.com\/en\/wp-json\/wp\/v2\/types\/page"}],"author":[{"embeddable":true,"href":"https:\/\/www.cottagesdeperpignan.com\/en\/wp-json\/wp\/v2\/users\/1"}],"replies":[{"embeddable":true,"href":"https:\/\/www.cottagesdeperpignan.com\/en\/wp-json\/wp\/v2\/comments?post=2830"}],"version-history":[{"count":9,"href":"https:\/\/www.cottagesdeperpignan.com\/en\/wp-json\/wp\/v2\/pages\/2830\/revisions"}],"predecessor-version":[{"id":14578,"href":"https:\/\/www.cottagesdeperpignan.com\/en\/wp-json\/wp\/v2\/pages\/2830\/revisions\/14578"}],"wp:featuredmedia":[{"embeddable":true,"href":"https:\/\/www.cottagesdeperpignan.com\/en\/wp-json\/wp\/v2\/media\/2174"}],"wp:attachment":[{"href":"https:\/\/www.cottagesdeperpignan.com\/en\/wp-json\/wp\/v2\/media?parent=2830"}],"wp:term":[{"taxonomy":"sujet","embeddable":true,"href":"https:\/\/www.cottagesdeperpignan.com\/en\/wp-json\/wp\/v2\/sujet?post=2830"}],"curies":[{"name":"wp","href":"https:\/\/api.w.org\/{rel}","templated":true}]}}