{"id":3670,"date":"2023-11-02T13:35:55","date_gmt":"2023-11-02T12:35:55","guid":{"rendered":"https:\/\/www.cottagesdeperpignan.com\/discover-the-region\/"},"modified":"2023-12-01T13:56:38","modified_gmt":"2023-12-01T12:56:38","slug":"discover-the-region","status":"publish","type":"page","link":"https:\/\/www.cottagesdeperpignan.com\/en\/discover-the-region\/","title":{"rendered":"Occitanie"},"content":{"rendered":"<section id=\"ls-section-block_81520d41f14b9494235ae918e111ea80\" class=\"ls-section  page-intro has-p-b p-b-0\" >\r\n        <div class=\"container \">\r\n        \n\n<div class=\"wp-block-columns is-layout-flex wp-container-core-columns-is-layout-9d6595d7 wp-block-columns-is-layout-flex\">\n<div class=\"wp-block-column is-layout-flow wp-block-column-is-layout-flow\">\n<h1 class=\"ls__heading wp-block-heading has-text-align-center\">In the region<\/h1>\n<\/div>\n<\/div>\n\n\r\n    <\/div>\r\n<\/section>\n\n<section id=\"ls-section-block_8005ea38d107e17518422842e9e7f1cc\" class=\"ls-section  page-one\" >\r\n        <div class=\"container container--wide\">\r\n        \n\n<div class=\"wp-block-columns is-layout-flex wp-container-core-columns-is-layout-9d6595d7 wp-block-columns-is-layout-flex\">\n<div class=\"wp-block-column first is-layout-flow wp-block-column-is-layout-flow\" style=\"flex-basis:66.66%\">\n<figure class=\"wp-block-gallery has-nested-images columns-default is-cropped gallery-slider wp-block-gallery-1 is-layout-flex wp-block-gallery-is-layout-flex\">\n<figure class=\"wp-block-image size-full\"><a href=\"https:\/\/www.cottagesdeperpignan.com\/wp-content\/uploads\/2023\/11\/collioure.webp\"><img decoding=\"async\" width=\"2000\" height=\"1126\" data-id=\"1931\" src=\"https:\/\/www.cottagesdeperpignan.com\/wp-content\/uploads\/2023\/11\/collioure.webp\" alt=\"collioure\" class=\"wp-image-1931\" srcset=\"https:\/\/www.cottagesdeperpignan.com\/wp-content\/uploads\/2023\/11\/collioure.webp 2000w, https:\/\/www.cottagesdeperpignan.com\/wp-content\/uploads\/2023\/11\/collioure-300x169.webp 300w, https:\/\/www.cottagesdeperpignan.com\/wp-content\/uploads\/2023\/11\/collioure-1024x577.webp 1024w, https:\/\/www.cottagesdeperpignan.com\/wp-content\/uploads\/2023\/11\/collioure-768x432.webp 768w, https:\/\/www.cottagesdeperpignan.com\/wp-content\/uploads\/2023\/11\/collioure-1536x865.webp 1536w\" sizes=\"(max-width: 2000px) 100vw, 2000px\" \/><\/a><\/figure>\n\n\n\n<figure class=\"wp-block-image size-full\"><a href=\"https:\/\/www.cottagesdeperpignan.com\/wp-content\/uploads\/2023\/11\/collioure-mer.webp\"><img decoding=\"async\" width=\"1600\" height=\"1066\" data-id=\"1935\" src=\"https:\/\/www.cottagesdeperpignan.com\/wp-content\/uploads\/2023\/11\/collioure-mer.webp\" alt=\"collioure sea\" class=\"wp-image-1935\" srcset=\"https:\/\/www.cottagesdeperpignan.com\/wp-content\/uploads\/2023\/11\/collioure-mer.webp 1600w, https:\/\/www.cottagesdeperpignan.com\/wp-content\/uploads\/2023\/11\/collioure-mer-300x200.webp 300w, https:\/\/www.cottagesdeperpignan.com\/wp-content\/uploads\/2023\/11\/collioure-mer-1024x682.webp 1024w, https:\/\/www.cottagesdeperpignan.com\/wp-content\/uploads\/2023\/11\/collioure-mer-768x512.webp 768w, https:\/\/www.cottagesdeperpignan.com\/wp-content\/uploads\/2023\/11\/collioure-mer-1536x1023.webp 1536w\" sizes=\"(max-width: 1600px) 100vw, 1600px\" \/><\/a><\/figure>\n\n\n\n<figure class=\"wp-block-image size-full\"><a href=\"https:\/\/www.cottagesdeperpignan.com\/wp-content\/uploads\/2023\/11\/St-Martin-Canigou.webp\"><img decoding=\"async\" width=\"1700\" height=\"1133\" data-id=\"1938\" src=\"https:\/\/www.cottagesdeperpignan.com\/wp-content\/uploads\/2023\/11\/St-Martin-Canigou.webp\" alt=\"St Martin Canigou\" class=\"wp-image-1938\" srcset=\"https:\/\/www.cottagesdeperpignan.com\/wp-content\/uploads\/2023\/11\/St-Martin-Canigou.webp 1700w, https:\/\/www.cottagesdeperpignan.com\/wp-content\/uploads\/2023\/11\/St-Martin-Canigou-300x200.webp 300w, https:\/\/www.cottagesdeperpignan.com\/wp-content\/uploads\/2023\/11\/St-Martin-Canigou-1024x682.webp 1024w, https:\/\/www.cottagesdeperpignan.com\/wp-content\/uploads\/2023\/11\/St-Martin-Canigou-768x512.webp 768w, https:\/\/www.cottagesdeperpignan.com\/wp-content\/uploads\/2023\/11\/St-Martin-Canigou-1536x1024.webp 1536w\" sizes=\"(max-width: 1700px) 100vw, 1700px\" \/><\/a><\/figure>\n\n\n\n<figure class=\"wp-block-image size-full\"><a href=\"https:\/\/www.cottagesdeperpignan.com\/wp-content\/uploads\/2023\/11\/abbaye-canigou-3.webp\"><img decoding=\"async\" width=\"2048\" height=\"1365\" data-id=\"1941\" src=\"https:\/\/www.cottagesdeperpignan.com\/wp-content\/uploads\/2023\/11\/abbaye-canigou-3.webp\" alt=\"abbaye canigou 3\" class=\"wp-image-1941\" srcset=\"https:\/\/www.cottagesdeperpignan.com\/wp-content\/uploads\/2023\/11\/abbaye-canigou-3.webp 2048w, https:\/\/www.cottagesdeperpignan.com\/wp-content\/uploads\/2023\/11\/abbaye-canigou-3-300x200.webp 300w, https:\/\/www.cottagesdeperpignan.com\/wp-content\/uploads\/2023\/11\/abbaye-canigou-3-1024x683.webp 1024w, https:\/\/www.cottagesdeperpignan.com\/wp-content\/uploads\/2023\/11\/abbaye-canigou-3-768x512.webp 768w, https:\/\/www.cottagesdeperpignan.com\/wp-content\/uploads\/2023\/11\/abbaye-canigou-3-1536x1024.webp 1536w\" sizes=\"(max-width: 2048px) 100vw, 2048px\" \/><\/a><\/figure>\n<\/figure>\n<\/div>\n\n\n\n<div class=\"wp-block-column is-vertically-aligned-center second is-layout-flow wp-block-column-is-layout-flow\" style=\"flex-basis:33.33%\">\n<h2 class=\"ls__heading wp-block-heading deco\">Collioure<\/h2>\n\n\n\n<p class=\"ls-paragraph\">Nestled in the heart of the C\u00f4te Vermeille, just a few kilometers from our <a href=\"https:\/\/www.cottagesdeperpignan.com\/en\/\">campsite in Perpignan<\/a>, Collioure offers its inhabitants and visitors a panoramic view and an outstanding heritage.  <\/p>\n\n\n\n<p class=\"ls-paragraph\">Very much influenced by Catalan culture, its colorful facades, flowering balconies and marina will delight walkers and vacationers alike.<\/p>\n\n\n\n<h2 class=\"ls__heading wp-block-heading deco\">Saint-Martin du <strong>Canigou<\/strong> Abbey<\/h2>\n\n\n\n<p class=\"ls-paragraph\">This religious edifice has long been a holy place, since the original abbey was built as early as the XI\u1d49 century by order of Count Guifred II of Cerdanya.  <\/p>\n\n\n\n<p class=\"ls-paragraph\">As a Benedictine monastery, the former abbey of Saint-Martin du Canigou endured until it was abandoned in 1783. Confiscated during the revolution and subsequently privatized, it was only in the XX\u1d49 century that it was rebuilt by the Catalan people, in a Romanesque style typical of the region.<\/p>\n<\/div>\n<\/div>\n\n\r\n    <\/div>\r\n<\/section>\n\n<section id=\"mizzy\" class=\"ls-section  page-one has-background has-color-6-background-color\" >\r\n        <div class=\"container container--wide\">\r\n        \n\n<div class=\"wp-block-columns is-layout-flex wp-container-core-columns-is-layout-9d6595d7 wp-block-columns-is-layout-flex\">\n<div class=\"wp-block-column is-vertically-aligned-center second is-layout-flow wp-block-column-is-layout-flow\" style=\"flex-basis:33.33%\">\n<h2 class=\"ls__heading wp-block-heading deco\"><strong>Salses<\/strong> fortress<\/h2>\n\n\n\n<p class=\"ls-paragraph\">Begun in 1497 and completed in 1504, the fortress of Salses is a military bastion whose construction was ordered by the Spanish Catholic sovereigns Ferdinand II of Aragon and Isabella of Castile, with the aim of protecting the Spanish kingdoms from French troops.  <\/p>\n\n\n\n<p class=\"ls-paragraph\">Designed by architect and engineer Francisco Ramiro Lopez, this fort sealed the old French-Spanish border.<\/p>\n\n\n\n<div style=\"height:50px\" aria-hidden=\"true\" class=\"wp-block-spacer\"><\/div>\n\n\n\n<h2 class=\"ls__heading wp-block-heading deco\">Organs of <strong>Ille-sur-T\u00eat<\/strong><\/h2>\n\n\n\n<p class=\"ls-paragraph\">These astonishing natural rock columns (often called fairy chimneys) are the result of the erosion of sand, clay and sedimentary rocks over four million years old.  <\/p>\n\n\n\n<p class=\"ls-paragraph\">These geological rarities are part of a remarkable site, with its blend of vegetation and mountains. On a clear day, the Canigou massif can be seen in the background.<\/p>\n<\/div>\n\n\n\n<div class=\"wp-block-column first is-layout-flow wp-block-column-is-layout-flow\" style=\"flex-basis:66.66%\">\n<figure class=\"wp-block-gallery has-nested-images columns-default is-cropped gallery-slider wp-block-gallery-2 is-layout-flex wp-block-gallery-is-layout-flex\">\n<figure class=\"wp-block-image size-full\"><a href=\"https:\/\/www.cottagesdeperpignan.com\/wp-content\/uploads\/2023\/11\/Forteresse_de_Salses-2.webp\"><img decoding=\"async\" width=\"2048\" height=\"1365\" data-id=\"1944\" src=\"https:\/\/www.cottagesdeperpignan.com\/wp-content\/uploads\/2023\/11\/Forteresse_de_Salses-2.webp\" alt=\"Salses fortress  \" class=\"wp-image-1944\" srcset=\"https:\/\/www.cottagesdeperpignan.com\/wp-content\/uploads\/2023\/11\/Forteresse_de_Salses-2.webp 2048w, https:\/\/www.cottagesdeperpignan.com\/wp-content\/uploads\/2023\/11\/Forteresse_de_Salses-2-300x200.webp 300w, https:\/\/www.cottagesdeperpignan.com\/wp-content\/uploads\/2023\/11\/Forteresse_de_Salses-2-1024x683.webp 1024w, https:\/\/www.cottagesdeperpignan.com\/wp-content\/uploads\/2023\/11\/Forteresse_de_Salses-2-768x512.webp 768w, https:\/\/www.cottagesdeperpignan.com\/wp-content\/uploads\/2023\/11\/Forteresse_de_Salses-2-1536x1024.webp 1536w\" sizes=\"(max-width: 2048px) 100vw, 2048px\" \/><\/a><\/figure>\n\n\n\n<figure class=\"wp-block-image size-full\"><a href=\"https:\/\/www.cottagesdeperpignan.com\/wp-content\/uploads\/2023\/11\/Ille-sur-Tet_Orgues.webp\"><img decoding=\"async\" width=\"2048\" height=\"1356\" data-id=\"1947\" src=\"https:\/\/www.cottagesdeperpignan.com\/wp-content\/uploads\/2023\/11\/Ille-sur-Tet_Orgues.webp\" alt=\"Ille sur Tet Orgues\" class=\"wp-image-1947\" srcset=\"https:\/\/www.cottagesdeperpignan.com\/wp-content\/uploads\/2023\/11\/Ille-sur-Tet_Orgues.webp 2048w, https:\/\/www.cottagesdeperpignan.com\/wp-content\/uploads\/2023\/11\/Ille-sur-Tet_Orgues-300x199.webp 300w, https:\/\/www.cottagesdeperpignan.com\/wp-content\/uploads\/2023\/11\/Ille-sur-Tet_Orgues-1024x678.webp 1024w, https:\/\/www.cottagesdeperpignan.com\/wp-content\/uploads\/2023\/11\/Ille-sur-Tet_Orgues-768x509.webp 768w, https:\/\/www.cottagesdeperpignan.com\/wp-content\/uploads\/2023\/11\/Ille-sur-Tet_Orgues-1536x1017.webp 1536w\" sizes=\"(max-width: 2048px) 100vw, 2048px\" \/><\/a><\/figure>\n<\/figure>\n<\/div>\n<\/div>\n\n\r\n    <\/div>\r\n<\/section>\n\n<section id=\"ls-section-block_c5a33c641a896f1c2aff35a529cdf0d6\" class=\"ls-section  page-two has-background-image has-background has-color-5-background-color has-text-color has-color-white-color has-p-t p-t-12 has-p-b p-b-12\" >\r\n    <div class=\"ls-section__background-image opacity-35\"><img decoding=\"async\" src=\"https:\/\/www.cottagesdeperpignan.com\/wp-content\/uploads\/2023\/11\/lac-bouillousse.webp\" alt=\"lake bouillousse\"><\/div>    <div class=\"container container--wide\">\r\n        \n\n<div class=\"wp-block-columns page-two is-layout-flex wp-container-core-columns-is-layout-9d6595d7 wp-block-columns-is-layout-flex\">\n<div class=\"wp-block-column is-layout-flow wp-block-column-is-layout-flow\">\n<h2 class=\"ls__heading wp-block-heading has-text-align-center deco-top-center has-color-white-color has-text-color\">Lake <strong>Bouillouses<\/strong><\/h2>\n\n\n\n<p class=\"ls-paragraph has-text-align-center\">Located at the foot of the Carlit massif, Lac des Bouillouses is an exceptional listed site and one of the largest lakes in the French Pyrenees.  <\/p>\n\n\n\n<p class=\"ls-paragraph has-text-align-center\">Nearly 60 km of signposted trails have been laid out around the lake, allowing you to explore its extraordinary landscapes, which combine high mountains with the lake&#8217;s rivers and tributaries.<\/p>\n<\/div>\n<\/div>\n\n\r\n    <\/div>\r\n<\/section>\n\n<section id=\"ls-section-block_2c3f9d8b8f8eecc50ae29ff3260c697a\" class=\"ls-section  page-maillage\" >\r\n        <div class=\"container container--wide\">\r\n        \n\n<div id=\"ls-heading ls-titre-div-block_d0d5006e9540c0de868192526a5bc943\" class=\"ls-titre-div deco h2-like\" >\n    <strong>Discover Perpignan, <\/strong> <\/br>the restaurant and our accommodation!<\/div>\n\n\n<div id=\"ls-maillage-block_7fcd8fb121ee167e56326d762f455dc8\" class=\"ls-maillage cta-style-normal\" data-rows=\"3\">\n    <div class=\"wp-block-columns\"><div class=\"wp-block-column\"><div class=\"ls-cta \">\n\n<a href=\"https:\/\/www.cottagesdeperpignan.com\/en\/our-accommodations\/\" target=\"\" rel=\"noopener\" class=\"ls-cta__link\">\n\n\t<div class=\"ls-cta__image\"><img decoding=\"async\" src=\"https:\/\/www.cottagesdeperpignan.com\/wp-content\/uploads\/2023\/11\/location-mobil-home-perpignan.webp\" alt=\"mobile home rental perpignan\"><\/div>\n\t<div class=\"ls-cta__title\">\n\t\tMobile homes\t<\/div>\n\n\t<div class=\"ls-button ls-button--cta\"><span>Discover<\/span><i class='lagon-fleche-vers-le-haut'><\/i><\/div>\n\n\t<pre>NULL\n<\/pre>\n\t\t\n<\/a>\n\n\n<\/div><\/div><div class=\"wp-block-column\"><div class=\"ls-cta \">\n\n<a href=\"https:\/\/www.cottagesdeperpignan.com\/en\/discover-perpignan\/\" target=\"\" rel=\"noopener\" class=\"ls-cta__link\">\n\n\t<div class=\"ls-cta__image\"><img decoding=\"async\" src=\"https:\/\/www.cottagesdeperpignan.com\/wp-content\/uploads\/2023\/11\/perpignan-chateau.webp\" alt=\"perpignan chateau\"><\/div>\n\t<div class=\"ls-cta__title\">\n\t\tPerpignan\t<\/div>\n\n\t<div class=\"ls-button ls-button--cta\"><span>Discover<\/span><i class='lagon-fleche-vers-le-haut'><\/i><\/div>\n\n\t<pre>NULL\n<\/pre>\n\t\t\n<\/a>\n\n\n<\/div><\/div><div class=\"wp-block-column\"><div class=\"ls-cta \">\n\n<a href=\"https:\/\/www.cottagesdeperpignan.com\/en\/restaurant-services\/\" target=\"\" rel=\"noopener\" class=\"ls-cta__link\">\n\n\t<div class=\"ls-cta__image\"><img decoding=\"async\" src=\"https:\/\/www.cottagesdeperpignan.com\/wp-content\/uploads\/2023\/11\/camping-cottage-2023_les-cottages-de-perpignan_restaurant-bar_29_0.webp\" alt=\"Aperitif at Les Cottages restaurant\"><\/div>\n\t<div class=\"ls-cta__title\">\n\t\tCatering\t<\/div>\n\n\t<div class=\"ls-button ls-button--cta\"><span>Discover<\/span><i class='lagon-fleche-vers-le-haut'><\/i><\/div>\n\n\t<pre>NULL\n<\/pre>\n\t\t\n<\/a>\n\n\n<\/div><\/div><\/div><\/div>\n\r\n    <\/div>\r\n<\/section>","protected":false},"excerpt":{"rendered":"","protected":false},"author":1,"featured_media":2238,"parent":0,"menu_order":0,"comment_status":"closed","ping_status":"closed","template":"","meta":{"_acf_changed":false,"inline_featured_image":false,"footnotes":""},"sujet":[],"class_list":["post-3670","page","type-page","status-publish","has-post-thumbnail","hentry"],"acf":[],"yoast_head":"<!-- This site is optimized with the Yoast SEO plugin v23.4 - https:\/\/yoast.com\/wordpress\/plugins\/seo\/ -->\n<title>Tourism Pyr\u00e9n\u00e9es Orientales: must-sees during your vacation in the Pyr\u00e9n\u00e9es Orientales<\/title>\n<meta name=\"robots\" content=\"index, follow, max-snippet:-1, max-image-preview:large, max-video-preview:-1\" \/>\n<link rel=\"canonical\" href=\"https:\/\/www.cottagesdeperpignan.com\/en\/discover-the-region\/\" \/>\n<meta property=\"og:locale\" content=\"en_US\" \/>\n<meta property=\"og:type\" content=\"article\" \/>\n<meta property=\"og:title\" content=\"Tourism Pyr\u00e9n\u00e9es Orientales: must-sees during your vacation in the Pyr\u00e9n\u00e9es Orientales\" \/>\n<meta property=\"og:url\" content=\"https:\/\/www.cottagesdeperpignan.com\/en\/discover-the-region\/\" \/>\n<meta property=\"og:site_name\" content=\"Les Cottages de Perpignan\" \/>\n<meta property=\"article:modified_time\" content=\"2023-12-01T12:56:38+00:00\" \/>\n<meta property=\"og:image\" content=\"https:\/\/www.cottagesdeperpignan.com\/wp-content\/uploads\/2023\/11\/visiter-argeles-sur-mer.webp\" \/>\n\t<meta property=\"og:image:width\" content=\"2000\" \/>\n\t<meta property=\"og:image:height\" content=\"1333\" \/>\n\t<meta property=\"og:image:type\" content=\"image\/webp\" \/>\n<meta name=\"twitter:card\" content=\"summary_large_image\" \/>\n<meta name=\"twitter:label1\" content=\"Est. reading time\" \/>\n\t<meta name=\"twitter:data1\" content=\"3 minutes\" \/>\n<script type=\"application\/ld+json\" class=\"yoast-schema-graph\">{\"@context\":\"https:\/\/schema.org\",\"@graph\":[{\"@type\":\"WebPage\",\"@id\":\"https:\/\/www.cottagesdeperpignan.com\/en\/discover-the-region\/\",\"url\":\"https:\/\/www.cottagesdeperpignan.com\/en\/discover-the-region\/\",\"name\":\"Tourism Pyr\u00e9n\u00e9es Orientales: must-sees during your vacation in the Pyr\u00e9n\u00e9es Orientales\",\"isPartOf\":{\"@id\":\"https:\/\/www.cottagesdeperpignan.com\/en\/#website\"},\"primaryImageOfPage\":{\"@id\":\"https:\/\/www.cottagesdeperpignan.com\/en\/discover-the-region\/#primaryimage\"},\"image\":{\"@id\":\"https:\/\/www.cottagesdeperpignan.com\/en\/discover-the-region\/#primaryimage\"},\"thumbnailUrl\":\"https:\/\/www.cottagesdeperpignan.com\/wp-content\/uploads\/2023\/11\/visiter-argeles-sur-mer.webp\",\"datePublished\":\"2023-11-02T12:35:55+00:00\",\"dateModified\":\"2023-12-01T12:56:38+00:00\",\"breadcrumb\":{\"@id\":\"https:\/\/www.cottagesdeperpignan.com\/en\/discover-the-region\/#breadcrumb\"},\"inLanguage\":\"en-US\",\"potentialAction\":[{\"@type\":\"ReadAction\",\"target\":[\"https:\/\/www.cottagesdeperpignan.com\/en\/discover-the-region\/\"]}]},{\"@type\":\"ImageObject\",\"inLanguage\":\"en-US\",\"@id\":\"https:\/\/www.cottagesdeperpignan.com\/en\/discover-the-region\/#primaryimage\",\"url\":\"https:\/\/www.cottagesdeperpignan.com\/wp-content\/uploads\/2023\/11\/visiter-argeles-sur-mer.webp\",\"contentUrl\":\"https:\/\/www.cottagesdeperpignan.com\/wp-content\/uploads\/2023\/11\/visiter-argeles-sur-mer.webp\",\"width\":2000,\"height\":1333,\"caption\":\"visit argeles sur mer\"},{\"@type\":\"BreadcrumbList\",\"@id\":\"https:\/\/www.cottagesdeperpignan.com\/en\/discover-the-region\/#breadcrumb\",\"itemListElement\":[{\"@type\":\"ListItem\",\"position\":1,\"name\":\"Camping Perpignan\",\"item\":\"https:\/\/www.cottagesdeperpignan.com\/en\/\"},{\"@type\":\"ListItem\",\"position\":2,\"name\":\"Occitanie\"}]},{\"@type\":\"WebSite\",\"@id\":\"https:\/\/www.cottagesdeperpignan.com\/en\/#website\",\"url\":\"https:\/\/www.cottagesdeperpignan.com\/en\/\",\"name\":\"Les Cottages de Perpignan\",\"description\":\"\",\"publisher\":{\"@id\":\"https:\/\/www.cottagesdeperpignan.com\/en\/#organization\"},\"potentialAction\":[{\"@type\":\"SearchAction\",\"target\":{\"@type\":\"EntryPoint\",\"urlTemplate\":\"https:\/\/www.cottagesdeperpignan.com\/en\/?s={search_term_string}\"},\"query-input\":{\"@type\":\"PropertyValueSpecification\",\"valueRequired\":true,\"valueName\":\"search_term_string\"}}],\"inLanguage\":\"en-US\"},{\"@type\":\"Organization\",\"@id\":\"https:\/\/www.cottagesdeperpignan.com\/en\/#organization\",\"name\":\"Les Cottages de Perpignan\",\"url\":\"https:\/\/www.cottagesdeperpignan.com\/en\/\",\"logo\":{\"@type\":\"ImageObject\",\"inLanguage\":\"en-US\",\"@id\":\"https:\/\/www.cottagesdeperpignan.com\/en\/#\/schema\/logo\/image\/\",\"url\":\"https:\/\/www.cottagesdeperpignan.com\/wp-content\/uploads\/2023\/11\/logo-cottages-perpignan.png\",\"contentUrl\":\"https:\/\/www.cottagesdeperpignan.com\/wp-content\/uploads\/2023\/11\/logo-cottages-perpignan.png\",\"width\":2560,\"height\":1418,\"caption\":\"Les Cottages de Perpignan\"},\"image\":{\"@id\":\"https:\/\/www.cottagesdeperpignan.com\/en\/#\/schema\/logo\/image\/\"}}]}<\/script>\n<!-- \/ Yoast SEO plugin. -->","yoast_head_json":{"title":"Tourism Pyr\u00e9n\u00e9es Orientales: must-sees during your vacation in the Pyr\u00e9n\u00e9es Orientales","robots":{"index":"index","follow":"follow","max-snippet":"max-snippet:-1","max-image-preview":"max-image-preview:large","max-video-preview":"max-video-preview:-1"},"canonical":"https:\/\/www.cottagesdeperpignan.com\/en\/discover-the-region\/","og_locale":"en_US","og_type":"article","og_title":"Tourism Pyr\u00e9n\u00e9es Orientales: must-sees during your vacation in the Pyr\u00e9n\u00e9es Orientales","og_url":"https:\/\/www.cottagesdeperpignan.com\/en\/discover-the-region\/","og_site_name":"Les Cottages de Perpignan","article_modified_time":"2023-12-01T12:56:38+00:00","og_image":[{"width":2000,"height":1333,"url":"https:\/\/www.cottagesdeperpignan.com\/wp-content\/uploads\/2023\/11\/visiter-argeles-sur-mer.webp","type":"image\/webp"}],"twitter_card":"summary_large_image","twitter_misc":{"Est. reading time":"3 minutes"},"schema":{"@context":"https:\/\/schema.org","@graph":[{"@type":"WebPage","@id":"https:\/\/www.cottagesdeperpignan.com\/en\/discover-the-region\/","url":"https:\/\/www.cottagesdeperpignan.com\/en\/discover-the-region\/","name":"Tourism Pyr\u00e9n\u00e9es Orientales: must-sees during your vacation in the Pyr\u00e9n\u00e9es Orientales","isPartOf":{"@id":"https:\/\/www.cottagesdeperpignan.com\/en\/#website"},"primaryImageOfPage":{"@id":"https:\/\/www.cottagesdeperpignan.com\/en\/discover-the-region\/#primaryimage"},"image":{"@id":"https:\/\/www.cottagesdeperpignan.com\/en\/discover-the-region\/#primaryimage"},"thumbnailUrl":"https:\/\/www.cottagesdeperpignan.com\/wp-content\/uploads\/2023\/11\/visiter-argeles-sur-mer.webp","datePublished":"2023-11-02T12:35:55+00:00","dateModified":"2023-12-01T12:56:38+00:00","breadcrumb":{"@id":"https:\/\/www.cottagesdeperpignan.com\/en\/discover-the-region\/#breadcrumb"},"inLanguage":"en-US","potentialAction":[{"@type":"ReadAction","target":["https:\/\/www.cottagesdeperpignan.com\/en\/discover-the-region\/"]}]},{"@type":"ImageObject","inLanguage":"en-US","@id":"https:\/\/www.cottagesdeperpignan.com\/en\/discover-the-region\/#primaryimage","url":"https:\/\/www.cottagesdeperpignan.com\/wp-content\/uploads\/2023\/11\/visiter-argeles-sur-mer.webp","contentUrl":"https:\/\/www.cottagesdeperpignan.com\/wp-content\/uploads\/2023\/11\/visiter-argeles-sur-mer.webp","width":2000,"height":1333,"caption":"visit argeles sur mer"},{"@type":"BreadcrumbList","@id":"https:\/\/www.cottagesdeperpignan.com\/en\/discover-the-region\/#breadcrumb","itemListElement":[{"@type":"ListItem","position":1,"name":"Camping Perpignan","item":"https:\/\/www.cottagesdeperpignan.com\/en\/"},{"@type":"ListItem","position":2,"name":"Occitanie"}]},{"@type":"WebSite","@id":"https:\/\/www.cottagesdeperpignan.com\/en\/#website","url":"https:\/\/www.cottagesdeperpignan.com\/en\/","name":"Les Cottages de Perpignan","description":"","publisher":{"@id":"https:\/\/www.cottagesdeperpignan.com\/en\/#organization"},"potentialAction":[{"@type":"SearchAction","target":{"@type":"EntryPoint","urlTemplate":"https:\/\/www.cottagesdeperpignan.com\/en\/?s={search_term_string}"},"query-input":{"@type":"PropertyValueSpecification","valueRequired":true,"valueName":"search_term_string"}}],"inLanguage":"en-US"},{"@type":"Organization","@id":"https:\/\/www.cottagesdeperpignan.com\/en\/#organization","name":"Les Cottages de Perpignan","url":"https:\/\/www.cottagesdeperpignan.com\/en\/","logo":{"@type":"ImageObject","inLanguage":"en-US","@id":"https:\/\/www.cottagesdeperpignan.com\/en\/#\/schema\/logo\/image\/","url":"https:\/\/www.cottagesdeperpignan.com\/wp-content\/uploads\/2023\/11\/logo-cottages-perpignan.png","contentUrl":"https:\/\/www.cottagesdeperpignan.com\/wp-content\/uploads\/2023\/11\/logo-cottages-perpignan.png","width":2560,"height":1418,"caption":"Les Cottages de Perpignan"},"image":{"@id":"https:\/\/www.cottagesdeperpignan.com\/en\/#\/schema\/logo\/image\/"}}]}},"_links":{"self":[{"href":"https:\/\/www.cottagesdeperpignan.com\/en\/wp-json\/wp\/v2\/pages\/3670","targetHints":{"allow":["GET"]}}],"collection":[{"href":"https:\/\/www.cottagesdeperpignan.com\/en\/wp-json\/wp\/v2\/pages"}],"about":[{"href":"https:\/\/www.cottagesdeperpignan.com\/en\/wp-json\/wp\/v2\/types\/page"}],"author":[{"embeddable":true,"href":"https:\/\/www.cottagesdeperpignan.com\/en\/wp-json\/wp\/v2\/users\/1"}],"replies":[{"embeddable":true,"href":"https:\/\/www.cottagesdeperpignan.com\/en\/wp-json\/wp\/v2\/comments?post=3670"}],"version-history":[{"count":3,"href":"https:\/\/www.cottagesdeperpignan.com\/en\/wp-json\/wp\/v2\/pages\/3670\/revisions"}],"predecessor-version":[{"id":4639,"href":"https:\/\/www.cottagesdeperpignan.com\/en\/wp-json\/wp\/v2\/pages\/3670\/revisions\/4639"}],"wp:featuredmedia":[{"embeddable":true,"href":"https:\/\/www.cottagesdeperpignan.com\/en\/wp-json\/wp\/v2\/media\/2238"}],"wp:attachment":[{"href":"https:\/\/www.cottagesdeperpignan.com\/en\/wp-json\/wp\/v2\/media?parent=3670"}],"wp:term":[{"taxonomy":"sujet","embeddable":true,"href":"https:\/\/www.cottagesdeperpignan.com\/en\/wp-json\/wp\/v2\/sujet?post=3670"}],"curies":[{"name":"wp","href":"https:\/\/api.w.org\/{rel}","templated":true}]}}