{"id":3820,"date":"2023-11-02T13:32:40","date_gmt":"2023-11-02T12:32:40","guid":{"rendered":"https:\/\/www.cottagesdeperpignan.com\/the-campsite\/"},"modified":"2023-12-01T13:59:19","modified_gmt":"2023-12-01T12:59:19","slug":"the-campsite","status":"publish","type":"page","link":"https:\/\/www.cottagesdeperpignan.com\/en\/the-campsite\/","title":{"rendered":"Presentation"},"content":{"rendered":"<section id=\"ls-section-block_71ff0fcb95239517f6e5c35d585a70f7\" class=\"ls-section  page-intro\" >\r\n        <div class=\"container \">\r\n        \n\n<div class=\"wp-block-columns is-layout-flex wp-container-core-columns-is-layout-9d6595d7 wp-block-columns-is-layout-flex\">\n<div class=\"wp-block-column is-layout-flow wp-block-column-is-layout-flow\">\n<h1 class=\"ls__heading wp-block-heading has-text-align-center\">The campsite<\/h1>\n<\/div>\n<\/div>\n\n\r\n    <\/div>\r\n<\/section>\n\n<section id=\"ls-section-block_22c0f42f08a46372fff6ebed65ae17ac\" class=\"ls-section  page-one has-p-t p-t-0\" >\r\n        <div class=\"container container--wide\">\r\n        \n\n<div class=\"wp-block-columns is-layout-flex wp-container-core-columns-is-layout-9d6595d7 wp-block-columns-is-layout-flex\">\n<div class=\"wp-block-column first is-layout-flow wp-block-column-is-layout-flow\" style=\"flex-basis:66.66%\">\n<figure class=\"wp-block-gallery has-nested-images columns-default is-cropped gallery-slider wp-block-gallery-1 is-layout-flex wp-block-gallery-is-layout-flex\">\n<figure class=\"wp-block-image size-full\"><a href=\"https:\/\/www.cottagesdeperpignan.com\/wp-content\/uploads\/2023\/11\/location-camping-1.webp\"><img decoding=\"async\" width=\"1920\" height=\"1280\" data-id=\"1752\" src=\"https:\/\/www.cottagesdeperpignan.com\/wp-content\/uploads\/2023\/11\/location-camping-1.webp\" alt=\"camping rental\" class=\"wp-image-1752\" srcset=\"https:\/\/www.cottagesdeperpignan.com\/wp-content\/uploads\/2023\/11\/location-camping-1.webp 1920w, https:\/\/www.cottagesdeperpignan.com\/wp-content\/uploads\/2023\/11\/location-camping-1-300x200.webp 300w, https:\/\/www.cottagesdeperpignan.com\/wp-content\/uploads\/2023\/11\/location-camping-1-1024x683.webp 1024w, https:\/\/www.cottagesdeperpignan.com\/wp-content\/uploads\/2023\/11\/location-camping-1-768x512.webp 768w, https:\/\/www.cottagesdeperpignan.com\/wp-content\/uploads\/2023\/11\/location-camping-1-1536x1024.webp 1536w\" sizes=\"(max-width: 1920px) 100vw, 1920px\" \/><\/a><\/figure>\n\n\n\n<figure class=\"wp-block-image size-full\"><a href=\"https:\/\/www.cottagesdeperpignan.com\/wp-content\/uploads\/2023\/11\/mobil-home-les-cottages-camping.webp\"><img decoding=\"async\" width=\"1920\" height=\"1280\" data-id=\"1576\" src=\"https:\/\/www.cottagesdeperpignan.com\/wp-content\/uploads\/2023\/11\/mobil-home-les-cottages-camping.webp\" alt=\"mobil home les cottages camping\" class=\"wp-image-1576\" srcset=\"https:\/\/www.cottagesdeperpignan.com\/wp-content\/uploads\/2023\/11\/mobil-home-les-cottages-camping.webp 1920w, https:\/\/www.cottagesdeperpignan.com\/wp-content\/uploads\/2023\/11\/mobil-home-les-cottages-camping-300x200.webp 300w, https:\/\/www.cottagesdeperpignan.com\/wp-content\/uploads\/2023\/11\/mobil-home-les-cottages-camping-1024x683.webp 1024w, https:\/\/www.cottagesdeperpignan.com\/wp-content\/uploads\/2023\/11\/mobil-home-les-cottages-camping-768x512.webp 768w, https:\/\/www.cottagesdeperpignan.com\/wp-content\/uploads\/2023\/11\/mobil-home-les-cottages-camping-1536x1024.webp 1536w\" sizes=\"(max-width: 1920px) 100vw, 1920px\" \/><\/a><\/figure>\n\n\n\n<figure class=\"wp-block-image size-full\"><a href=\"https:\/\/www.cottagesdeperpignan.com\/wp-content\/uploads\/2023\/11\/les-cottages-camping-accueil.webp\"><img decoding=\"async\" width=\"1920\" height=\"1280\" data-id=\"1594\" src=\"https:\/\/www.cottagesdeperpignan.com\/wp-content\/uploads\/2023\/11\/les-cottages-camping-accueil.webp\" alt=\"les cottages camping accueil\" class=\"wp-image-1594\" srcset=\"https:\/\/www.cottagesdeperpignan.com\/wp-content\/uploads\/2023\/11\/les-cottages-camping-accueil.webp 1920w, https:\/\/www.cottagesdeperpignan.com\/wp-content\/uploads\/2023\/11\/les-cottages-camping-accueil-300x200.webp 300w, https:\/\/www.cottagesdeperpignan.com\/wp-content\/uploads\/2023\/11\/les-cottages-camping-accueil-1024x683.webp 1024w, https:\/\/www.cottagesdeperpignan.com\/wp-content\/uploads\/2023\/11\/les-cottages-camping-accueil-768x512.webp 768w, https:\/\/www.cottagesdeperpignan.com\/wp-content\/uploads\/2023\/11\/les-cottages-camping-accueil-1536x1024.webp 1536w\" sizes=\"(max-width: 1920px) 100vw, 1920px\" \/><\/a><\/figure>\n\n\n\n<figure class=\"wp-block-image size-full\"><a href=\"https:\/\/www.cottagesdeperpignan.com\/wp-content\/uploads\/2023\/11\/parc-air-de-jeu-perpignan-camping-les-cottages.webp\"><img decoding=\"async\" width=\"1920\" height=\"1280\" data-id=\"1558\" src=\"https:\/\/www.cottagesdeperpignan.com\/wp-content\/uploads\/2023\/11\/parc-air-de-jeu-perpignan-camping-les-cottages.webp\" alt=\"parc air de jeu perpignan camping les cottages\" class=\"wp-image-1558\" srcset=\"https:\/\/www.cottagesdeperpignan.com\/wp-content\/uploads\/2023\/11\/parc-air-de-jeu-perpignan-camping-les-cottages.webp 1920w, https:\/\/www.cottagesdeperpignan.com\/wp-content\/uploads\/2023\/11\/parc-air-de-jeu-perpignan-camping-les-cottages-300x200.webp 300w, https:\/\/www.cottagesdeperpignan.com\/wp-content\/uploads\/2023\/11\/parc-air-de-jeu-perpignan-camping-les-cottages-1024x683.webp 1024w, https:\/\/www.cottagesdeperpignan.com\/wp-content\/uploads\/2023\/11\/parc-air-de-jeu-perpignan-camping-les-cottages-768x512.webp 768w, https:\/\/www.cottagesdeperpignan.com\/wp-content\/uploads\/2023\/11\/parc-air-de-jeu-perpignan-camping-les-cottages-1536x1024.webp 1536w\" sizes=\"(max-width: 1920px) 100vw, 1920px\" \/><\/a><\/figure>\n<\/figure>\n<\/div>\n\n\n\n<div class=\"wp-block-column is-vertically-aligned-center second is-layout-flow wp-block-column-is-layout-flow\" style=\"flex-basis:33.33%\">\n<h2 class=\"ls__heading wp-block-heading\">Welcome to Camping Maeva Escapades <strong>Les cottages de Perpignan ****!<\/strong><\/h2>\n\n\n\n<h3 class=\"ls__heading wp-block-heading\"><strong>Flexible<\/strong> accommodation !<\/h3>\n\n\n\n<p class=\"ls-paragraph\">Ideally located on the outskirts of Perpignan city center, the <a href=\"https:\/\/www.cottagesdeperpignan.com\/en\/\">Maeva Escapades Les Cottages de Perpignan campsite<\/a> welcomes you in a sober, refined and functional setting, with accommodation services that can be adapted to your needs, whether you&#8217;re a student, visiting on business or on vacation in the region.<\/p>\n\n\n\n<p class=\"ls-paragraph\">Our team of Smile Generators guarantees you a comfortable stay and services perfectly tailored to your personal situation.<\/p>\n<\/div>\n<\/div>\n\n\r\n    <\/div>\r\n<\/section>\n\n<section id=\"ls-section-block_6e896e19d9364c0f61da73f32024b7e1\" class=\"ls-section  page-one has-background has-color-6-background-color has-p-t p-t-14 has-p-b p-b-14\" >\r\n        <div class=\"container container--wide\">\r\n        \n\n<h2 class=\"ls__heading wp-block-heading has-text-align-center deco-top-center\">Fill up on services <strong>at our campsite!<\/strong><\/h2>\n\n\n\n<div class=\"wp-block-columns is-layout-flex wp-container-core-columns-is-layout-9d6595d7 wp-block-columns-is-layout-flex\">\n<div class=\"wp-block-column is-vertically-aligned-center is-layout-flow wp-block-column-is-layout-flow\" style=\"flex-basis:33.33%\">\n<p class=\"ls-paragraph\">Our  <a href=\"https:\/\/www.cottagesdeperpignan.com\/en\/affiliation-maeva\/\">camping maeva Escapades<\/a>  a wide range of services are available on site, such as our  <a href=\"https:\/\/www.cottagesdeperpignan.com\/en\/camping-swimming-pool-perpignan\/\">heated outdoor pool<\/a>, we also have a playground for children, a beach volleyball court and a beach soccer field, a bar\/restaurant, a bread and pastries depot and much more!<\/p>\n<\/div>\n\n\n\n<div class=\"wp-block-column is-layout-flow wp-block-column-is-layout-flow\" style=\"flex-basis:66.66%\">\n<figure class=\"wp-block-image size-full\"><img decoding=\"async\" width=\"1920\" height=\"1280\" src=\"https:\/\/www.cottagesdeperpignan.com\/wp-content\/uploads\/2023\/11\/camping-cottage-2023_les-cottages-de-perpignan_animations_56_0.webp\" alt=\"les cottages de perpignan animations\" class=\"wp-image-670\" srcset=\"https:\/\/www.cottagesdeperpignan.com\/wp-content\/uploads\/2023\/11\/camping-cottage-2023_les-cottages-de-perpignan_animations_56_0.webp 1920w, https:\/\/www.cottagesdeperpignan.com\/wp-content\/uploads\/2023\/11\/camping-cottage-2023_les-cottages-de-perpignan_animations_56_0-300x200.webp 300w, https:\/\/www.cottagesdeperpignan.com\/wp-content\/uploads\/2023\/11\/camping-cottage-2023_les-cottages-de-perpignan_animations_56_0-1024x683.webp 1024w, https:\/\/www.cottagesdeperpignan.com\/wp-content\/uploads\/2023\/11\/camping-cottage-2023_les-cottages-de-perpignan_animations_56_0-768x512.webp 768w, https:\/\/www.cottagesdeperpignan.com\/wp-content\/uploads\/2023\/11\/camping-cottage-2023_les-cottages-de-perpignan_animations_56_0-1536x1024.webp 1536w\" sizes=\"(max-width: 1920px) 100vw, 1920px\" \/><\/figure>\n<\/div>\n<\/div>\n\n\r\n    <\/div>\r\n<\/section>\n\n<section id=\"ls-section-block_e375f49ef187603315b8241a6190df4b\" class=\"ls-section  page-one has-background has-color-white-background-color has-p-t p-t-14 has-p-b p-b-14\" >\r\n        <div class=\"container container--wide\">\r\n        \n\n<div class=\"wp-block-columns is-layout-flex wp-container-core-columns-is-layout-9d6595d7 wp-block-columns-is-layout-flex\">\n<div class=\"wp-block-column first is-layout-flow wp-block-column-is-layout-flow\" style=\"flex-basis:66.66%\">\n<figure class=\"wp-block-gallery has-nested-images columns-default is-cropped gallery-slider wp-block-gallery-2 is-layout-flex wp-block-gallery-is-layout-flex\">\n<figure class=\"wp-block-image size-full\"><a href=\"https:\/\/www.cottagesdeperpignan.com\/wp-content\/uploads\/2023\/11\/collioure.webp\"><img decoding=\"async\" width=\"2000\" height=\"1126\" data-id=\"1931\" src=\"https:\/\/www.cottagesdeperpignan.com\/wp-content\/uploads\/2023\/11\/collioure.webp\" alt=\"collioure\" class=\"wp-image-1931\" srcset=\"https:\/\/www.cottagesdeperpignan.com\/wp-content\/uploads\/2023\/11\/collioure.webp 2000w, https:\/\/www.cottagesdeperpignan.com\/wp-content\/uploads\/2023\/11\/collioure-300x169.webp 300w, https:\/\/www.cottagesdeperpignan.com\/wp-content\/uploads\/2023\/11\/collioure-1024x577.webp 1024w, https:\/\/www.cottagesdeperpignan.com\/wp-content\/uploads\/2023\/11\/collioure-768x432.webp 768w, https:\/\/www.cottagesdeperpignan.com\/wp-content\/uploads\/2023\/11\/collioure-1536x865.webp 1536w\" sizes=\"(max-width: 2000px) 100vw, 2000px\" \/><\/a><\/figure>\n\n\n\n<figure class=\"wp-block-image size-full\"><a href=\"https:\/\/www.cottagesdeperpignan.com\/wp-content\/uploads\/2023\/11\/lac-bouillousse.webp\"><img decoding=\"async\" width=\"2048\" height=\"1365\" data-id=\"1950\" src=\"https:\/\/www.cottagesdeperpignan.com\/wp-content\/uploads\/2023\/11\/lac-bouillousse.webp\" alt=\"lake bouillousse\" class=\"wp-image-1950\" srcset=\"https:\/\/www.cottagesdeperpignan.com\/wp-content\/uploads\/2023\/11\/lac-bouillousse.webp 2048w, https:\/\/www.cottagesdeperpignan.com\/wp-content\/uploads\/2023\/11\/lac-bouillousse-300x200.webp 300w, https:\/\/www.cottagesdeperpignan.com\/wp-content\/uploads\/2023\/11\/lac-bouillousse-1024x683.webp 1024w, https:\/\/www.cottagesdeperpignan.com\/wp-content\/uploads\/2023\/11\/lac-bouillousse-768x512.webp 768w, https:\/\/www.cottagesdeperpignan.com\/wp-content\/uploads\/2023\/11\/lac-bouillousse-1536x1024.webp 1536w\" sizes=\"(max-width: 2048px) 100vw, 2048px\" \/><\/a><\/figure>\n<\/figure>\n<\/div>\n\n\n\n<div class=\"wp-block-column is-vertically-aligned-center second is-layout-flow wp-block-column-is-layout-flow\" style=\"flex-basis:33.33%\">\n<h3 class=\"ls__heading wp-block-heading\">An exceptional tourist environment, for <strong>serene and enriching stays<\/strong><\/h3>\n\n\n\n<p class=\"ls-paragraph\">Our low-cost campsite in Perpignan is ideally situated for fast access to the city center and to the many tourist attractions of the Pyr\u00e9n\u00e9es-Orientales.<\/p>\n\n\n\n<p class=\"ls-paragraph\">Explore Collioures, the Cathedral of Saint Jean Baptiste, the Palace of the Kings of Majorca, the Orgues d&#8217;Ille-sur-T\u00eat or the Fortress of Salses&#8230; they&#8217;re all waiting for you!<\/p>\n<\/div>\n<\/div>\n\n\r\n    <\/div>\r\n<\/section>\n\n<section id=\"ls-section-block_6e896e19d9364c0f61da73f32024b7e1\" class=\"ls-section  page-one has-background has-color-6-background-color has-p-t p-t-14 has-p-b p-b-14\" >\r\n        <div class=\"container container--wide\">\r\n        \n\n<div class=\"wp-block-columns is-layout-flex wp-container-core-columns-is-layout-9d6595d7 wp-block-columns-is-layout-flex\">\n<div class=\"wp-block-column is-vertically-aligned-center is-layout-flow wp-block-column-is-layout-flow\" style=\"flex-basis:33.33%\">\n<h3 class=\"ls__heading wp-block-heading\">For accommodation perfectly adapted to your needs, whether you&#8217;re a professional, a student or a holidaymaker, integrated into <strong>an exceptional tourist environment<\/strong>.<\/h3>\n\n\n\n<p class=\"ls-paragraph\">Book now your <a href=\"https:\/\/www.cottagesdeperpignan.com\/en\/our-accommodations\/\">mobile home rental<\/a> at Camping maeva Escapades Les cottages in Perpignan ***** ! Our accommodation package allows you to find the accommodation you need, with our service that adapts to you, like an <a href=\"https:\/\/www.cottagesdeperpignan.com\/en\/appart-hotel-in-perpignan\/\">apartment-hotel rental in Perpignan<\/a>.<\/p>\n\n\n\n<p class=\"ls-paragraph\"><\/p>\n<\/div>\n\n\n\n<div class=\"wp-block-column is-layout-flow wp-block-column-is-layout-flow\" style=\"flex-basis:66.66%\">\n<figure class=\"wp-block-image size-full\"><img decoding=\"async\" width=\"1920\" height=\"1280\" src=\"https:\/\/www.cottagesdeperpignan.com\/wp-content\/uploads\/2023\/11\/location-interieur-camping.webp\" alt=\"campsite interior rental\" class=\"wp-image-1767\" srcset=\"https:\/\/www.cottagesdeperpignan.com\/wp-content\/uploads\/2023\/11\/location-interieur-camping.webp 1920w, https:\/\/www.cottagesdeperpignan.com\/wp-content\/uploads\/2023\/11\/location-interieur-camping-300x200.webp 300w, https:\/\/www.cottagesdeperpignan.com\/wp-content\/uploads\/2023\/11\/location-interieur-camping-1024x683.webp 1024w, https:\/\/www.cottagesdeperpignan.com\/wp-content\/uploads\/2023\/11\/location-interieur-camping-768x512.webp 768w, https:\/\/www.cottagesdeperpignan.com\/wp-content\/uploads\/2023\/11\/location-interieur-camping-1536x1024.webp 1536w\" sizes=\"(max-width: 1920px) 100vw, 1920px\" \/><\/figure>\n<\/div>\n<\/div>\n\n\r\n    <\/div>\r\n<\/section>\n\n<section id=\"ls-section-block_d6277af5fae64440a451cfcda7cbc4fe\" class=\"ls-section  page-maillage has-p-b p-b-14\" >\r\n        <div class=\"container container--wide\">\r\n        \n\n<div id=\"ls-heading ls-titre-div-block_2ca18b8acb3419555e71903ecf98f1de\" class=\"ls-titre-div deco h2-like\" >\n    <strong>Discover our services, <\/strong> <\/br>and our accommodation!<\/div>\n\n\n<div id=\"ls-maillage-block_8273490c8b4ff7ef9ce822eee0f7f358\" class=\"ls-maillage cta-style-normal\" data-rows=\"3\">\n    <div class=\"wp-block-columns\"><div class=\"wp-block-column\"><div class=\"ls-cta \">\n\n<a href=\"https:\/\/www.cottagesdeperpignan.com\/en\/activities-and-equipment\/\" target=\"\" rel=\"noopener\" class=\"ls-cta__link\">\n\n\t<div class=\"ls-cta__image\"><img decoding=\"async\" src=\"https:\/\/www.cottagesdeperpignan.com\/wp-content\/uploads\/2023\/11\/camping-cottage-2023_les-cottages-de-perpignan_animations_42_0.webp\" alt=\"les cottages de perpignan volleyball\"><\/div>\n\t<div class=\"ls-cta__title\">\n\t\tEntertainment\t<\/div>\n\n\t<div class=\"ls-button ls-button--cta\"><span>Discover<\/span><i class='lagon-fleche-vers-le-haut'><\/i><\/div>\n\n\t<pre>NULL\n<\/pre>\n\t\t\n<\/a>\n\n\n<\/div><\/div><div class=\"wp-block-column\"><div class=\"ls-cta \">\n\n<a href=\"https:\/\/www.cottagesdeperpignan.com\/en\/our-accommodations\/\" target=\"\" rel=\"noopener\" class=\"ls-cta__link\">\n\n\t<div class=\"ls-cta__image\"><img decoding=\"async\" src=\"https:\/\/www.cottagesdeperpignan.com\/wp-content\/uploads\/2023\/11\/location-mobil-home-perpignan.webp\" alt=\"mobile home rental perpignan\"><\/div>\n\t<div class=\"ls-cta__title\">\n\t\tMobile homes\t<\/div>\n\n\t<div class=\"ls-button ls-button--cta\"><span>Discover<\/span><i class='lagon-fleche-vers-le-haut'><\/i><\/div>\n\n\t<pre>NULL\n<\/pre>\n\t\t\n<\/a>\n\n\n<\/div><\/div><div class=\"wp-block-column\"><div class=\"ls-cta \">\n\n<a href=\"https:\/\/www.cottagesdeperpignan.com\/en\/additional-services\/\" target=\"\" rel=\"noopener\" class=\"ls-cta__link\">\n\n\t<div class=\"ls-cta__image\"><img decoding=\"async\" src=\"https:\/\/www.cottagesdeperpignan.com\/wp-content\/uploads\/2023\/11\/laverie.webp\" alt=\"laundromat\"><\/div>\n\t<div class=\"ls-cta__title\">\n\t\tServices\t<\/div>\n\n\t<div class=\"ls-button ls-button--cta\"><span>Discover<\/span><i class='lagon-fleche-vers-le-haut'><\/i><\/div>\n\n\t<pre>NULL\n<\/pre>\n\t\t\n<\/a>\n\n\n<\/div><\/div><\/div><\/div>\n\r\n    <\/div>\r\n<\/section>","protected":false},"excerpt":{"rendered":"","protected":false},"author":1,"featured_media":949,"parent":0,"menu_order":0,"comment_status":"closed","ping_status":"closed","template":"","meta":{"_acf_changed":false,"inline_featured_image":false,"footnotes":""},"sujet":[],"class_list":["post-3820","page","type-page","status-publish","has-post-thumbnail","hentry"],"acf":[],"yoast_head":"<!-- This site is optimized with the Yoast SEO plugin v23.4 - https:\/\/yoast.com\/wordpress\/plugins\/seo\/ -->\n<title>Camping Pyr\u00e9n\u00e9es-Orientales: your vacations in our 4-star campsite in the Pyr\u00e9n\u00e9es Orientales<\/title>\n<meta name=\"robots\" content=\"index, follow, max-snippet:-1, max-image-preview:large, max-video-preview:-1\" \/>\n<link rel=\"canonical\" href=\"https:\/\/www.cottagesdeperpignan.com\/en\/the-campsite\/\" \/>\n<meta property=\"og:locale\" content=\"en_US\" \/>\n<meta property=\"og:type\" content=\"article\" \/>\n<meta property=\"og:title\" content=\"Camping Pyr\u00e9n\u00e9es-Orientales: your vacations in our 4-star campsite in the Pyr\u00e9n\u00e9es Orientales\" \/>\n<meta property=\"og:url\" content=\"https:\/\/www.cottagesdeperpignan.com\/en\/the-campsite\/\" \/>\n<meta property=\"og:site_name\" content=\"Les Cottages de Perpignan\" \/>\n<meta property=\"article:modified_time\" content=\"2023-12-01T12:59:19+00:00\" \/>\n<meta property=\"og:image\" content=\"https:\/\/www.cottagesdeperpignan.com\/wp-content\/uploads\/2023\/11\/camping-cottage-perpignan.webp\" \/>\n\t<meta property=\"og:image:width\" content=\"1920\" \/>\n\t<meta property=\"og:image:height\" content=\"1280\" \/>\n\t<meta property=\"og:image:type\" content=\"image\/webp\" \/>\n<meta name=\"twitter:card\" content=\"summary_large_image\" \/>\n<meta name=\"twitter:label1\" content=\"Est. reading time\" \/>\n\t<meta name=\"twitter:data1\" content=\"3 minutes\" \/>\n<script type=\"application\/ld+json\" class=\"yoast-schema-graph\">{\"@context\":\"https:\/\/schema.org\",\"@graph\":[{\"@type\":\"WebPage\",\"@id\":\"https:\/\/www.cottagesdeperpignan.com\/en\/the-campsite\/\",\"url\":\"https:\/\/www.cottagesdeperpignan.com\/en\/the-campsite\/\",\"name\":\"Camping Pyr\u00e9n\u00e9es-Orientales: your vacations in our 4-star campsite in the Pyr\u00e9n\u00e9es Orientales\",\"isPartOf\":{\"@id\":\"https:\/\/www.cottagesdeperpignan.com\/en\/#website\"},\"primaryImageOfPage\":{\"@id\":\"https:\/\/www.cottagesdeperpignan.com\/en\/the-campsite\/#primaryimage\"},\"image\":{\"@id\":\"https:\/\/www.cottagesdeperpignan.com\/en\/the-campsite\/#primaryimage\"},\"thumbnailUrl\":\"https:\/\/www.cottagesdeperpignan.com\/wp-content\/uploads\/2023\/11\/camping-cottage-perpignan.webp\",\"datePublished\":\"2023-11-02T12:32:40+00:00\",\"dateModified\":\"2023-12-01T12:59:19+00:00\",\"breadcrumb\":{\"@id\":\"https:\/\/www.cottagesdeperpignan.com\/en\/the-campsite\/#breadcrumb\"},\"inLanguage\":\"en-US\",\"potentialAction\":[{\"@type\":\"ReadAction\",\"target\":[\"https:\/\/www.cottagesdeperpignan.com\/en\/the-campsite\/\"]}]},{\"@type\":\"ImageObject\",\"inLanguage\":\"en-US\",\"@id\":\"https:\/\/www.cottagesdeperpignan.com\/en\/the-campsite\/#primaryimage\",\"url\":\"https:\/\/www.cottagesdeperpignan.com\/wp-content\/uploads\/2023\/11\/camping-cottage-perpignan.webp\",\"contentUrl\":\"https:\/\/www.cottagesdeperpignan.com\/wp-content\/uploads\/2023\/11\/camping-cottage-perpignan.webp\",\"width\":1920,\"height\":1280,\"caption\":\"camping cottage perpignan\"},{\"@type\":\"BreadcrumbList\",\"@id\":\"https:\/\/www.cottagesdeperpignan.com\/en\/the-campsite\/#breadcrumb\",\"itemListElement\":[{\"@type\":\"ListItem\",\"position\":1,\"name\":\"Camping Perpignan\",\"item\":\"https:\/\/www.cottagesdeperpignan.com\/en\/\"},{\"@type\":\"ListItem\",\"position\":2,\"name\":\"Presentation\"}]},{\"@type\":\"WebSite\",\"@id\":\"https:\/\/www.cottagesdeperpignan.com\/en\/#website\",\"url\":\"https:\/\/www.cottagesdeperpignan.com\/en\/\",\"name\":\"Les Cottages de Perpignan\",\"description\":\"\",\"publisher\":{\"@id\":\"https:\/\/www.cottagesdeperpignan.com\/en\/#organization\"},\"potentialAction\":[{\"@type\":\"SearchAction\",\"target\":{\"@type\":\"EntryPoint\",\"urlTemplate\":\"https:\/\/www.cottagesdeperpignan.com\/en\/?s={search_term_string}\"},\"query-input\":{\"@type\":\"PropertyValueSpecification\",\"valueRequired\":true,\"valueName\":\"search_term_string\"}}],\"inLanguage\":\"en-US\"},{\"@type\":\"Organization\",\"@id\":\"https:\/\/www.cottagesdeperpignan.com\/en\/#organization\",\"name\":\"Les Cottages de Perpignan\",\"url\":\"https:\/\/www.cottagesdeperpignan.com\/en\/\",\"logo\":{\"@type\":\"ImageObject\",\"inLanguage\":\"en-US\",\"@id\":\"https:\/\/www.cottagesdeperpignan.com\/en\/#\/schema\/logo\/image\/\",\"url\":\"https:\/\/www.cottagesdeperpignan.com\/wp-content\/uploads\/2023\/11\/logo-cottages-perpignan.png\",\"contentUrl\":\"https:\/\/www.cottagesdeperpignan.com\/wp-content\/uploads\/2023\/11\/logo-cottages-perpignan.png\",\"width\":2560,\"height\":1418,\"caption\":\"Les Cottages de Perpignan\"},\"image\":{\"@id\":\"https:\/\/www.cottagesdeperpignan.com\/en\/#\/schema\/logo\/image\/\"}}]}<\/script>\n<!-- \/ Yoast SEO plugin. -->","yoast_head_json":{"title":"Camping Pyr\u00e9n\u00e9es-Orientales: your vacations in our 4-star campsite in the Pyr\u00e9n\u00e9es Orientales","robots":{"index":"index","follow":"follow","max-snippet":"max-snippet:-1","max-image-preview":"max-image-preview:large","max-video-preview":"max-video-preview:-1"},"canonical":"https:\/\/www.cottagesdeperpignan.com\/en\/the-campsite\/","og_locale":"en_US","og_type":"article","og_title":"Camping Pyr\u00e9n\u00e9es-Orientales: your vacations in our 4-star campsite in the Pyr\u00e9n\u00e9es Orientales","og_url":"https:\/\/www.cottagesdeperpignan.com\/en\/the-campsite\/","og_site_name":"Les Cottages de Perpignan","article_modified_time":"2023-12-01T12:59:19+00:00","og_image":[{"width":1920,"height":1280,"url":"https:\/\/www.cottagesdeperpignan.com\/wp-content\/uploads\/2023\/11\/camping-cottage-perpignan.webp","type":"image\/webp"}],"twitter_card":"summary_large_image","twitter_misc":{"Est. reading time":"3 minutes"},"schema":{"@context":"https:\/\/schema.org","@graph":[{"@type":"WebPage","@id":"https:\/\/www.cottagesdeperpignan.com\/en\/the-campsite\/","url":"https:\/\/www.cottagesdeperpignan.com\/en\/the-campsite\/","name":"Camping Pyr\u00e9n\u00e9es-Orientales: your vacations in our 4-star campsite in the Pyr\u00e9n\u00e9es Orientales","isPartOf":{"@id":"https:\/\/www.cottagesdeperpignan.com\/en\/#website"},"primaryImageOfPage":{"@id":"https:\/\/www.cottagesdeperpignan.com\/en\/the-campsite\/#primaryimage"},"image":{"@id":"https:\/\/www.cottagesdeperpignan.com\/en\/the-campsite\/#primaryimage"},"thumbnailUrl":"https:\/\/www.cottagesdeperpignan.com\/wp-content\/uploads\/2023\/11\/camping-cottage-perpignan.webp","datePublished":"2023-11-02T12:32:40+00:00","dateModified":"2023-12-01T12:59:19+00:00","breadcrumb":{"@id":"https:\/\/www.cottagesdeperpignan.com\/en\/the-campsite\/#breadcrumb"},"inLanguage":"en-US","potentialAction":[{"@type":"ReadAction","target":["https:\/\/www.cottagesdeperpignan.com\/en\/the-campsite\/"]}]},{"@type":"ImageObject","inLanguage":"en-US","@id":"https:\/\/www.cottagesdeperpignan.com\/en\/the-campsite\/#primaryimage","url":"https:\/\/www.cottagesdeperpignan.com\/wp-content\/uploads\/2023\/11\/camping-cottage-perpignan.webp","contentUrl":"https:\/\/www.cottagesdeperpignan.com\/wp-content\/uploads\/2023\/11\/camping-cottage-perpignan.webp","width":1920,"height":1280,"caption":"camping cottage perpignan"},{"@type":"BreadcrumbList","@id":"https:\/\/www.cottagesdeperpignan.com\/en\/the-campsite\/#breadcrumb","itemListElement":[{"@type":"ListItem","position":1,"name":"Camping Perpignan","item":"https:\/\/www.cottagesdeperpignan.com\/en\/"},{"@type":"ListItem","position":2,"name":"Presentation"}]},{"@type":"WebSite","@id":"https:\/\/www.cottagesdeperpignan.com\/en\/#website","url":"https:\/\/www.cottagesdeperpignan.com\/en\/","name":"Les Cottages de Perpignan","description":"","publisher":{"@id":"https:\/\/www.cottagesdeperpignan.com\/en\/#organization"},"potentialAction":[{"@type":"SearchAction","target":{"@type":"EntryPoint","urlTemplate":"https:\/\/www.cottagesdeperpignan.com\/en\/?s={search_term_string}"},"query-input":{"@type":"PropertyValueSpecification","valueRequired":true,"valueName":"search_term_string"}}],"inLanguage":"en-US"},{"@type":"Organization","@id":"https:\/\/www.cottagesdeperpignan.com\/en\/#organization","name":"Les Cottages de Perpignan","url":"https:\/\/www.cottagesdeperpignan.com\/en\/","logo":{"@type":"ImageObject","inLanguage":"en-US","@id":"https:\/\/www.cottagesdeperpignan.com\/en\/#\/schema\/logo\/image\/","url":"https:\/\/www.cottagesdeperpignan.com\/wp-content\/uploads\/2023\/11\/logo-cottages-perpignan.png","contentUrl":"https:\/\/www.cottagesdeperpignan.com\/wp-content\/uploads\/2023\/11\/logo-cottages-perpignan.png","width":2560,"height":1418,"caption":"Les Cottages de Perpignan"},"image":{"@id":"https:\/\/www.cottagesdeperpignan.com\/en\/#\/schema\/logo\/image\/"}}]}},"_links":{"self":[{"href":"https:\/\/www.cottagesdeperpignan.com\/en\/wp-json\/wp\/v2\/pages\/3820","targetHints":{"allow":["GET"]}}],"collection":[{"href":"https:\/\/www.cottagesdeperpignan.com\/en\/wp-json\/wp\/v2\/pages"}],"about":[{"href":"https:\/\/www.cottagesdeperpignan.com\/en\/wp-json\/wp\/v2\/types\/page"}],"author":[{"embeddable":true,"href":"https:\/\/www.cottagesdeperpignan.com\/en\/wp-json\/wp\/v2\/users\/1"}],"replies":[{"embeddable":true,"href":"https:\/\/www.cottagesdeperpignan.com\/en\/wp-json\/wp\/v2\/comments?post=3820"}],"version-history":[{"count":13,"href":"https:\/\/www.cottagesdeperpignan.com\/en\/wp-json\/wp\/v2\/pages\/3820\/revisions"}],"predecessor-version":[{"id":4641,"href":"https:\/\/www.cottagesdeperpignan.com\/en\/wp-json\/wp\/v2\/pages\/3820\/revisions\/4641"}],"wp:featuredmedia":[{"embeddable":true,"href":"https:\/\/www.cottagesdeperpignan.com\/en\/wp-json\/wp\/v2\/media\/949"}],"wp:attachment":[{"href":"https:\/\/www.cottagesdeperpignan.com\/en\/wp-json\/wp\/v2\/media?parent=3820"}],"wp:term":[{"taxonomy":"sujet","embeddable":true,"href":"https:\/\/www.cottagesdeperpignan.com\/en\/wp-json\/wp\/v2\/sujet?post=3820"}],"curies":[{"name":"wp","href":"https:\/\/api.w.org\/{rel}","templated":true}]}}