{"id":3382,"date":"2023-11-02T13:33:37","date_gmt":"2023-11-02T12:33:37","guid":{"rendered":"https:\/\/www.cottagesdeperpignan.com\/evento-para-profesionales\/"},"modified":"2023-12-04T10:38:27","modified_gmt":"2023-12-04T09:38:27","slug":"evento-para-profesionales","status":"publish","type":"page","link":"https:\/\/www.cottagesdeperpignan.com\/es\/evento-para-profesionales\/","title":{"rendered":"Eventos profesionales"},"content":{"rendered":"<section id=\"ls-section-block_83657424e89cc237d4fa666c5b956535\" class=\"ls-section  page-intro has-p-b p-b-0\" >\r\n        <div class=\"container \">\r\n        \n\n<div class=\"wp-block-columns is-layout-flex wp-container-core-columns-is-layout-9d6595d7 wp-block-columns-is-layout-flex\">\n<div class=\"wp-block-column is-layout-flow wp-block-column-is-layout-flow\">\n<h1 class=\"ls__heading wp-block-heading has-text-align-center\">Organice sus eventos de empresa en nuestro restaurante<\/h1>\n<\/div>\n<\/div>\n\n\r\n    <\/div>\r\n<\/section><section id=\"ls-section-block_5bb3f84c3f0be02c3adca0edf4f2d519\" class=\"ls-section  page-one\" >\r\n        <div class=\"container container--wide\">\r\n        \n\n<div class=\"wp-block-columns is-layout-flex wp-container-core-columns-is-layout-9d6595d7 wp-block-columns-is-layout-flex\">\n<div class=\"wp-block-column first is-layout-flow wp-block-column-is-layout-flow\" style=\"flex-basis:66.66%\">\n<figure class=\"wp-block-gallery has-nested-images columns-default is-cropped gallery-slider wp-block-gallery-1 is-layout-flex wp-block-gallery-is-layout-flex\">\n<figure class=\"wp-block-image size-full\"><a href=\"https:\/\/www.cottagesdeperpignan.com\/wp-content\/uploads\/2023\/11\/terrasse-les-cottages.webp\"><img decoding=\"async\" width=\"1920\" height=\"1280\" data-id=\"1403\" src=\"https:\/\/www.cottagesdeperpignan.com\/wp-content\/uploads\/2023\/11\/terrasse-les-cottages.webp\" alt=\"terrasse les cottages\" class=\"wp-image-1403\" srcset=\"https:\/\/www.cottagesdeperpignan.com\/wp-content\/uploads\/2023\/11\/terrasse-les-cottages.webp 1920w, https:\/\/www.cottagesdeperpignan.com\/wp-content\/uploads\/2023\/11\/terrasse-les-cottages-300x200.webp 300w, https:\/\/www.cottagesdeperpignan.com\/wp-content\/uploads\/2023\/11\/terrasse-les-cottages-1024x683.webp 1024w, https:\/\/www.cottagesdeperpignan.com\/wp-content\/uploads\/2023\/11\/terrasse-les-cottages-768x512.webp 768w, https:\/\/www.cottagesdeperpignan.com\/wp-content\/uploads\/2023\/11\/terrasse-les-cottages-1536x1024.webp 1536w\" sizes=\"(max-width: 1920px) 100vw, 1920px\" \/><\/a><\/figure>\n\n\n\n<figure class=\"wp-block-image size-full\"><a href=\"https:\/\/www.cottagesdeperpignan.com\/wp-content\/uploads\/2023\/11\/les-cottages-piscine-camping.webp\"><img decoding=\"async\" width=\"1920\" height=\"1280\" data-id=\"1254\" src=\"https:\/\/www.cottagesdeperpignan.com\/wp-content\/uploads\/2023\/11\/les-cottages-piscine-camping.webp\" alt=\"les cottages piscina camping\" class=\"wp-image-1254\" srcset=\"https:\/\/www.cottagesdeperpignan.com\/wp-content\/uploads\/2023\/11\/les-cottages-piscine-camping.webp 1920w, https:\/\/www.cottagesdeperpignan.com\/wp-content\/uploads\/2023\/11\/les-cottages-piscine-camping-300x200.webp 300w, https:\/\/www.cottagesdeperpignan.com\/wp-content\/uploads\/2023\/11\/les-cottages-piscine-camping-1024x683.webp 1024w, https:\/\/www.cottagesdeperpignan.com\/wp-content\/uploads\/2023\/11\/les-cottages-piscine-camping-768x512.webp 768w, https:\/\/www.cottagesdeperpignan.com\/wp-content\/uploads\/2023\/11\/les-cottages-piscine-camping-1536x1024.webp 1536w\" sizes=\"(max-width: 1920px) 100vw, 1920px\" \/><\/a><\/figure>\n\n\n\n<figure class=\"wp-block-image size-full\"><a href=\"https:\/\/www.cottagesdeperpignan.com\/wp-content\/uploads\/2023\/11\/2023_les-cottages-de-perpignan_restaurant-bar_12_0.webp\"><img decoding=\"async\" width=\"1920\" height=\"1280\" data-id=\"1307\" src=\"https:\/\/www.cottagesdeperpignan.com\/wp-content\/uploads\/2023\/11\/2023_les-cottages-de-perpignan_restaurant-bar_12_0.webp\" alt=\"restaurante de grupo\" class=\"wp-image-1307\" srcset=\"https:\/\/www.cottagesdeperpignan.com\/wp-content\/uploads\/2023\/11\/2023_les-cottages-de-perpignan_restaurant-bar_12_0.webp 1920w, https:\/\/www.cottagesdeperpignan.com\/wp-content\/uploads\/2023\/11\/2023_les-cottages-de-perpignan_restaurant-bar_12_0-300x200.webp 300w, https:\/\/www.cottagesdeperpignan.com\/wp-content\/uploads\/2023\/11\/2023_les-cottages-de-perpignan_restaurant-bar_12_0-1024x683.webp 1024w, https:\/\/www.cottagesdeperpignan.com\/wp-content\/uploads\/2023\/11\/2023_les-cottages-de-perpignan_restaurant-bar_12_0-768x512.webp 768w, https:\/\/www.cottagesdeperpignan.com\/wp-content\/uploads\/2023\/11\/2023_les-cottages-de-perpignan_restaurant-bar_12_0-1536x1024.webp 1536w\" sizes=\"(max-width: 1920px) 100vw, 1920px\" \/><\/a><\/figure>\n\n\n\n<figure class=\"wp-block-image size-full\"><a href=\"https:\/\/www.cottagesdeperpignan.com\/wp-content\/uploads\/2023\/11\/camping-cottage-2023_les-cottages-de-perpignan_restaurant-bar_27_0.webp\"><img decoding=\"async\" width=\"1920\" height=\"1280\" data-id=\"607\" src=\"https:\/\/www.cottagesdeperpignan.com\/wp-content\/uploads\/2023\/11\/camping-cottage-2023_les-cottages-de-perpignan_restaurant-bar_27_0.webp\" alt=\"bandeja restaurante camping\" class=\"wp-image-607\" srcset=\"https:\/\/www.cottagesdeperpignan.com\/wp-content\/uploads\/2023\/11\/camping-cottage-2023_les-cottages-de-perpignan_restaurant-bar_27_0.webp 1920w, https:\/\/www.cottagesdeperpignan.com\/wp-content\/uploads\/2023\/11\/camping-cottage-2023_les-cottages-de-perpignan_restaurant-bar_27_0-300x200.webp 300w, https:\/\/www.cottagesdeperpignan.com\/wp-content\/uploads\/2023\/11\/camping-cottage-2023_les-cottages-de-perpignan_restaurant-bar_27_0-1024x683.webp 1024w, https:\/\/www.cottagesdeperpignan.com\/wp-content\/uploads\/2023\/11\/camping-cottage-2023_les-cottages-de-perpignan_restaurant-bar_27_0-768x512.webp 768w, https:\/\/www.cottagesdeperpignan.com\/wp-content\/uploads\/2023\/11\/camping-cottage-2023_les-cottages-de-perpignan_restaurant-bar_27_0-1536x1024.webp 1536w\" sizes=\"(max-width: 1920px) 100vw, 1920px\" \/><\/a><\/figure>\n<\/figure>\n<\/div>\n\n\n\n<div class=\"wp-block-column is-vertically-aligned-center second is-layout-flow wp-block-column-is-layout-flow\" style=\"flex-basis:33.33%\">\n<p class=\"ls-paragraph\">Para que una <strong>fiesta de empresa<\/strong> o una <strong>comida de negocios sea un \u00e9xito<\/strong>, hay que encontrar un <strong>lugar acogedor<\/strong>. Tanto si se trata de una peque\u00f1a empresa como de una gran corporaci\u00f3n, este acontecimiento es vital para la imagen de su empresa. Crea un sentimiento de cohesi\u00f3n entre sus empleados y refuerza los lazos con sus clientes o compa\u00f1eros.<\/p>\n\n\n\n<p class=\"ls-paragraph\">Que ce soit pour un cocktail d\u00eenatoire, un buffet, une soir\u00e9e ou un <strong>s\u00e9minaire de travail<\/strong>, notre <a href=\"https:\/\/www.cottagesdeperpignan.com\/\">camping de Perpignan<\/a>, met \u00e0 votre disposition une <strong>salle de restaurant climatis\u00e9e<\/strong> pouvant accueillir 120 personnes. Vous b\u00e9n\u00e9ficierez de tout l\u2019espace n\u00e9cessaire pour r\u00e9ussir votre \u00e9v\u00e9nement, dans un <strong>cadre lumineux<\/strong>. En ext\u00e9rieur, d\u00e8s les beaux jours, vous aurez l\u2019opportunit\u00e9 de profiter de la <strong>vaste terrasse<\/strong> que jouxte la <a href=\"https:\/\/www.cottagesdeperpignan.com\/camping-piscine-perpignan\/\">piscine du camping<\/a>.\u00a0<\/p>\n\n\n\n<p class=\"ls-paragraph\">Las comidas son una parte muy importante de las reuniones y fiestas de empresa. Despu\u00e9s de todo, no hay nada como una <strong>buena comida<\/strong> para fortalecer las relaciones y generar confianza. En nuestro restaurante, podr\u00e1 compartir <strong>momentos de convivencia<\/strong> con sus equipos y socios en torno a comidas preparadas con gusto. Nuestros men\u00fas son cuidadosamente elaborados por nuestro chef, utilizando <strong>productos frescos y locales<\/strong>.<\/p>\n<\/div>\n<\/div>\n\n\r\n    <\/div>\r\n<\/section><section id=\"mizzy\" class=\"ls-section  page-one has-background has-color-6-background-color\" >\r\n        <div class=\"container container--wide\">\r\n        \n\n<div class=\"wp-block-columns is-layout-flex wp-container-core-columns-is-layout-9d6595d7 wp-block-columns-is-layout-flex\">\n<div class=\"wp-block-column is-vertically-aligned-center second is-layout-flow wp-block-column-is-layout-flow\" style=\"flex-basis:33.33%\">\n<div id=\"ls-heading ls-titre-div-block_ce855609cac5df5b0f94cadc65670e58\" class=\"ls-titre-div deco h2-like\" >\n    Tarifas a la carta adaptadas a <b>su presupuesto<\/b><\/div>\n\n\n\n<p class=\"ls-paragraph\">Organiser un repas ou un s\u00e9minaire d\u2019entreprise n\u00e9cessite de penser \u00e0 tous les d\u00e9tails. Apr\u00e8s avoir \u00e9tudi\u00e9 votre projet, nous vous proposerons un <strong>devis adapt\u00e9 \u00e0 votre budget<\/strong> et conforme \u00e0 vos aspirations. Il variera selon le nombre de participants, le menu et les animations souhait\u00e9es. Vous pouvez aussi en profiter pour r\u00e9server des <a href=\"https:\/\/www.cottagesdeperpignan.com\/nos-hebergements\/\">mobil-homes \u00e0 Perpignan<\/a> si vous venez de loin.<\/p>\n\n\n\n<p class=\"ls-paragraph\">Gracias a nuestra <strong>experiencia en el sector de los eventos<\/strong>, estamos aqu\u00ed para asesorarle y ofrecerle soluciones. Organizar <strong>comidas y fiestas para grupos<\/strong> forma parte de <strong>nuestro trabajo.<\/strong> Nuestro objetivo es hacer que su evento festivo sea lo m\u00e1s agradable posible con un servicio y <strong>entretenimiento<\/strong> de calidad. Nuestro equipo est\u00e1 cualificado y trabaja con profesionalidad para garantizar su satisfacci\u00f3n por encima de todo.<\/p>\n\n\n\n<p class=\"ls-paragraph\">P\u00f3ngase ahora en contacto con <strong>Mme BENADDA Dalila<\/strong> en el <strong>+33 6.02.06.83.85.<\/strong> para que juntos organicemos y convirtamos en un \u00e9xito su evento profesional.<\/p>\n<\/div>\n\n\n\n<div class=\"wp-block-column first is-layout-flow wp-block-column-is-layout-flow\" style=\"flex-basis:66.66%\">\n<figure class=\"wp-block-gallery has-nested-images columns-default is-cropped gallery-slider wp-block-gallery-2 is-layout-flex wp-block-gallery-is-layout-flex\">\n<figure class=\"wp-block-image size-full\"><a href=\"https:\/\/www.cottagesdeperpignan.com\/wp-content\/uploads\/2023\/11\/logement-camping-les-cottages-interieur-1.webp\"><img decoding=\"async\" width=\"1920\" height=\"1280\" data-id=\"1797\" src=\"https:\/\/www.cottagesdeperpignan.com\/wp-content\/uploads\/2023\/11\/logement-camping-les-cottages-interieur-1.webp\" alt=\"alojamiento camping les cottages interieur\" class=\"wp-image-1797\" srcset=\"https:\/\/www.cottagesdeperpignan.com\/wp-content\/uploads\/2023\/11\/logement-camping-les-cottages-interieur-1.webp 1920w, https:\/\/www.cottagesdeperpignan.com\/wp-content\/uploads\/2023\/11\/logement-camping-les-cottages-interieur-1-300x200.webp 300w, https:\/\/www.cottagesdeperpignan.com\/wp-content\/uploads\/2023\/11\/logement-camping-les-cottages-interieur-1-1024x683.webp 1024w, https:\/\/www.cottagesdeperpignan.com\/wp-content\/uploads\/2023\/11\/logement-camping-les-cottages-interieur-1-768x512.webp 768w, https:\/\/www.cottagesdeperpignan.com\/wp-content\/uploads\/2023\/11\/logement-camping-les-cottages-interieur-1-1536x1024.webp 1536w\" sizes=\"(max-width: 1920px) 100vw, 1920px\" \/><\/a><\/figure>\n\n\n\n<figure class=\"wp-block-image size-full\"><a href=\"https:\/\/www.cottagesdeperpignan.com\/wp-content\/uploads\/2023\/11\/train-animation-perpignan.webp\"><img decoding=\"async\" width=\"1920\" height=\"1280\" data-id=\"1406\" src=\"https:\/\/www.cottagesdeperpignan.com\/wp-content\/uploads\/2023\/11\/train-animation-perpignan.webp\" alt=\"animaci&#xF3;n tren perpi&#xF1;&#xE1;n\" class=\"wp-image-1406\" srcset=\"https:\/\/www.cottagesdeperpignan.com\/wp-content\/uploads\/2023\/11\/train-animation-perpignan.webp 1920w, https:\/\/www.cottagesdeperpignan.com\/wp-content\/uploads\/2023\/11\/train-animation-perpignan-300x200.webp 300w, https:\/\/www.cottagesdeperpignan.com\/wp-content\/uploads\/2023\/11\/train-animation-perpignan-1024x683.webp 1024w, https:\/\/www.cottagesdeperpignan.com\/wp-content\/uploads\/2023\/11\/train-animation-perpignan-768x512.webp 768w, https:\/\/www.cottagesdeperpignan.com\/wp-content\/uploads\/2023\/11\/train-animation-perpignan-1536x1024.webp 1536w\" sizes=\"(max-width: 1920px) 100vw, 1920px\" \/><\/a><\/figure>\n<\/figure>\n<\/div>\n<\/div>\n\n\r\n    <\/div>\r\n<\/section><section id=\"ls-section-block_8931a11e7bd6b9f40e7b81ee5a6fad71\" class=\"ls-section  page-maillage\" >\r\n        <div class=\"container container--wide\">\r\n        \n\n<div id=\"ls-heading ls-titre-div-block_34c8466562653c125c37a3a88a07d4e1\" class=\"ls-titre-div deco h2-like\" >\n    Inf\u00f3rmese <strong>sobre eventos especiales, <\/strong> <\/br>la zona acu\u00e1tica y nuestro alojamiento.<\/div>\n\n\n<div id=\"ls-maillage-block_26e612ed39bc4c4ade820f9e1897723b\" class=\"ls-maillage cta-style-normal\" data-rows=\"3\">\n    <div class=\"wp-block-columns\"><div class=\"wp-block-column\"><div class=\"ls-cta \">\n\n<a href=\"https:\/\/www.cottagesdeperpignan.com\/es\/evento-para-particulares\/\" target=\"\" rel=\"noopener\" class=\"ls-cta__link\">\n\n\t<div class=\"ls-cta__image\"><img decoding=\"async\" src=\"https:\/\/www.cottagesdeperpignan.com\/wp-content\/uploads\/2023\/11\/louer-salle-mariage-pyrenees-orientales.webp\" alt=\"alquiler salon de bodas pirineos orientales\"><\/div>\n\t<div class=\"ls-cta__title\">\n\t\tEventos especiales\t<\/div>\n\n\t<div class=\"ls-button ls-button--cta\"><span>Descubra<\/span><i class='lagon-fleche-vers-le-haut'><\/i><\/div>\n\n\t<pre>NULL\n<\/pre>\n\t\t\n<\/a>\n\n\n<\/div><\/div><div class=\"wp-block-column\"><div class=\"ls-cta \">\n\n<a href=\"https:\/\/www.cottagesdeperpignan.com\/es\/nuestro-alojamiento\/\" target=\"\" rel=\"noopener\" class=\"ls-cta__link\">\n\n\t<div class=\"ls-cta__image\"><img decoding=\"async\" src=\"https:\/\/www.cottagesdeperpignan.com\/wp-content\/uploads\/2023\/11\/location-mobil-home-perpignan.webp\" alt=\"alquiler de mobil home perpignan\"><\/div>\n\t<div class=\"ls-cta__title\">\n\t\tCasas m\u00f3viles\t<\/div>\n\n\t<div class=\"ls-button ls-button--cta\"><span>Descubra<\/span><i class='lagon-fleche-vers-le-haut'><\/i><\/div>\n\n\t<pre>NULL\n<\/pre>\n\t\t\n<\/a>\n\n\n<\/div><\/div><div class=\"wp-block-column\"><div class=\"ls-cta \">\n\n<a href=\"https:\/\/www.cottagesdeperpignan.com\/es\/camping-con-piscina-perpignan\/\" target=\"\" rel=\"noopener\" class=\"ls-cta__link\">\n\n\t<div class=\"ls-cta__image\"><img decoding=\"async\" src=\"https:\/\/www.cottagesdeperpignan.com\/wp-content\/uploads\/2023\/11\/camping-cottage-piscine-pyrenees-orientales.webp\" alt=\"camping cottage piscine pyrenees orientales\"><\/div>\n\t<div class=\"ls-cta__title\">\n\t\tLa piscina\t<\/div>\n\n\t<div class=\"ls-button ls-button--cta\"><span>Descubra<\/span><i class='lagon-fleche-vers-le-haut'><\/i><\/div>\n\n\t<pre>NULL\n<\/pre>\n\t\t\n<\/a>\n\n\n<\/div><\/div><\/div><\/div>\n\r\n    <\/div>\r\n<\/section>","protected":false},"excerpt":{"rendered":"","protected":false},"author":1,"featured_media":1348,"parent":0,"menu_order":0,"comment_status":"closed","ping_status":"closed","template":"","meta":{"_acf_changed":false,"inline_featured_image":false,"footnotes":""},"sujet":[],"class_list":["post-3382","page","type-page","status-publish","has-post-thumbnail","hentry"],"acf":[],"yoast_head":"<!-- This site is optimized with the Yoast SEO plugin v23.4 - https:\/\/yoast.com\/wordpress\/plugins\/seo\/ -->\n<title>Eventos empresas Perpi\u00f1\u00e1n: organizar un seminario de empresa en Perpi\u00f1\u00e1n<\/title>\n<meta name=\"robots\" content=\"index, follow, max-snippet:-1, max-image-preview:large, max-video-preview:-1\" \/>\n<link rel=\"canonical\" href=\"https:\/\/www.cottagesdeperpignan.com\/es\/evento-para-profesionales\/\" \/>\n<meta property=\"og:locale\" content=\"es_ES\" \/>\n<meta property=\"og:type\" content=\"article\" \/>\n<meta property=\"og:title\" content=\"Eventos empresas Perpi\u00f1\u00e1n: organizar un seminario de empresa en Perpi\u00f1\u00e1n\" \/>\n<meta property=\"og:url\" content=\"https:\/\/www.cottagesdeperpignan.com\/es\/evento-para-profesionales\/\" \/>\n<meta property=\"og:site_name\" content=\"Les Cottages de Perpignan\" \/>\n<meta property=\"article:modified_time\" content=\"2023-12-04T09:38:27+00:00\" \/>\n<meta property=\"og:image\" content=\"https:\/\/www.cottagesdeperpignan.com\/wp-content\/uploads\/2023\/11\/degustation-camping-vin.webp\" \/>\n\t<meta property=\"og:image:width\" content=\"1920\" \/>\n\t<meta property=\"og:image:height\" content=\"1280\" \/>\n\t<meta property=\"og:image:type\" content=\"image\/webp\" \/>\n<meta name=\"twitter:card\" content=\"summary_large_image\" \/>\n<meta name=\"twitter:label1\" content=\"Tiempo de lectura\" \/>\n\t<meta name=\"twitter:data1\" content=\"2 minutos\" \/>\n<script type=\"application\/ld+json\" class=\"yoast-schema-graph\">{\"@context\":\"https:\/\/schema.org\",\"@graph\":[{\"@type\":\"WebPage\",\"@id\":\"https:\/\/www.cottagesdeperpignan.com\/es\/evento-para-profesionales\/\",\"url\":\"https:\/\/www.cottagesdeperpignan.com\/es\/evento-para-profesionales\/\",\"name\":\"Eventos empresas Perpi\u00f1\u00e1n: organizar un seminario de empresa en Perpi\u00f1\u00e1n\",\"isPartOf\":{\"@id\":\"https:\/\/www.cottagesdeperpignan.com\/es\/#website\"},\"primaryImageOfPage\":{\"@id\":\"https:\/\/www.cottagesdeperpignan.com\/es\/evento-para-profesionales\/#primaryimage\"},\"image\":{\"@id\":\"https:\/\/www.cottagesdeperpignan.com\/es\/evento-para-profesionales\/#primaryimage\"},\"thumbnailUrl\":\"https:\/\/www.cottagesdeperpignan.com\/wp-content\/uploads\/2023\/11\/degustation-camping-vin.webp\",\"datePublished\":\"2023-11-02T12:33:37+00:00\",\"dateModified\":\"2023-12-04T09:38:27+00:00\",\"breadcrumb\":{\"@id\":\"https:\/\/www.cottagesdeperpignan.com\/es\/evento-para-profesionales\/#breadcrumb\"},\"inLanguage\":\"es\",\"potentialAction\":[{\"@type\":\"ReadAction\",\"target\":[\"https:\/\/www.cottagesdeperpignan.com\/es\/evento-para-profesionales\/\"]}]},{\"@type\":\"ImageObject\",\"inLanguage\":\"es\",\"@id\":\"https:\/\/www.cottagesdeperpignan.com\/es\/evento-para-profesionales\/#primaryimage\",\"url\":\"https:\/\/www.cottagesdeperpignan.com\/wp-content\/uploads\/2023\/11\/degustation-camping-vin.webp\",\"contentUrl\":\"https:\/\/www.cottagesdeperpignan.com\/wp-content\/uploads\/2023\/11\/degustation-camping-vin.webp\",\"width\":1920,\"height\":1280,\"caption\":\"cata de vinos en camping\"},{\"@type\":\"BreadcrumbList\",\"@id\":\"https:\/\/www.cottagesdeperpignan.com\/es\/evento-para-profesionales\/#breadcrumb\",\"itemListElement\":[{\"@type\":\"ListItem\",\"position\":1,\"name\":\"Camping Perpignan\",\"item\":\"https:\/\/www.cottagesdeperpignan.com\/es\/\"},{\"@type\":\"ListItem\",\"position\":2,\"name\":\"Eventos Perpi\u00f1\u00e1n\"}]},{\"@type\":\"WebSite\",\"@id\":\"https:\/\/www.cottagesdeperpignan.com\/es\/#website\",\"url\":\"https:\/\/www.cottagesdeperpignan.com\/es\/\",\"name\":\"Les Cottages de Perpignan\",\"description\":\"\",\"publisher\":{\"@id\":\"https:\/\/www.cottagesdeperpignan.com\/es\/#organization\"},\"potentialAction\":[{\"@type\":\"SearchAction\",\"target\":{\"@type\":\"EntryPoint\",\"urlTemplate\":\"https:\/\/www.cottagesdeperpignan.com\/es\/?s={search_term_string}\"},\"query-input\":{\"@type\":\"PropertyValueSpecification\",\"valueRequired\":true,\"valueName\":\"search_term_string\"}}],\"inLanguage\":\"es\"},{\"@type\":\"Organization\",\"@id\":\"https:\/\/www.cottagesdeperpignan.com\/es\/#organization\",\"name\":\"Les Cottages de Perpignan\",\"url\":\"https:\/\/www.cottagesdeperpignan.com\/es\/\",\"logo\":{\"@type\":\"ImageObject\",\"inLanguage\":\"es\",\"@id\":\"https:\/\/www.cottagesdeperpignan.com\/es\/#\/schema\/logo\/image\/\",\"url\":\"https:\/\/www.cottagesdeperpignan.com\/wp-content\/uploads\/2023\/11\/logo-cottages-perpignan.png\",\"contentUrl\":\"https:\/\/www.cottagesdeperpignan.com\/wp-content\/uploads\/2023\/11\/logo-cottages-perpignan.png\",\"width\":2560,\"height\":1418,\"caption\":\"Les Cottages de Perpignan\"},\"image\":{\"@id\":\"https:\/\/www.cottagesdeperpignan.com\/es\/#\/schema\/logo\/image\/\"}}]}<\/script>\n<!-- \/ Yoast SEO plugin. -->","yoast_head_json":{"title":"Eventos empresas Perpi\u00f1\u00e1n: organizar un seminario de empresa en Perpi\u00f1\u00e1n","robots":{"index":"index","follow":"follow","max-snippet":"max-snippet:-1","max-image-preview":"max-image-preview:large","max-video-preview":"max-video-preview:-1"},"canonical":"https:\/\/www.cottagesdeperpignan.com\/es\/evento-para-profesionales\/","og_locale":"es_ES","og_type":"article","og_title":"Eventos empresas Perpi\u00f1\u00e1n: organizar un seminario de empresa en Perpi\u00f1\u00e1n","og_url":"https:\/\/www.cottagesdeperpignan.com\/es\/evento-para-profesionales\/","og_site_name":"Les Cottages de Perpignan","article_modified_time":"2023-12-04T09:38:27+00:00","og_image":[{"width":1920,"height":1280,"url":"https:\/\/www.cottagesdeperpignan.com\/wp-content\/uploads\/2023\/11\/degustation-camping-vin.webp","type":"image\/webp"}],"twitter_card":"summary_large_image","twitter_misc":{"Tiempo de lectura":"2 minutos"},"schema":{"@context":"https:\/\/schema.org","@graph":[{"@type":"WebPage","@id":"https:\/\/www.cottagesdeperpignan.com\/es\/evento-para-profesionales\/","url":"https:\/\/www.cottagesdeperpignan.com\/es\/evento-para-profesionales\/","name":"Eventos empresas Perpi\u00f1\u00e1n: organizar un seminario de empresa en Perpi\u00f1\u00e1n","isPartOf":{"@id":"https:\/\/www.cottagesdeperpignan.com\/es\/#website"},"primaryImageOfPage":{"@id":"https:\/\/www.cottagesdeperpignan.com\/es\/evento-para-profesionales\/#primaryimage"},"image":{"@id":"https:\/\/www.cottagesdeperpignan.com\/es\/evento-para-profesionales\/#primaryimage"},"thumbnailUrl":"https:\/\/www.cottagesdeperpignan.com\/wp-content\/uploads\/2023\/11\/degustation-camping-vin.webp","datePublished":"2023-11-02T12:33:37+00:00","dateModified":"2023-12-04T09:38:27+00:00","breadcrumb":{"@id":"https:\/\/www.cottagesdeperpignan.com\/es\/evento-para-profesionales\/#breadcrumb"},"inLanguage":"es","potentialAction":[{"@type":"ReadAction","target":["https:\/\/www.cottagesdeperpignan.com\/es\/evento-para-profesionales\/"]}]},{"@type":"ImageObject","inLanguage":"es","@id":"https:\/\/www.cottagesdeperpignan.com\/es\/evento-para-profesionales\/#primaryimage","url":"https:\/\/www.cottagesdeperpignan.com\/wp-content\/uploads\/2023\/11\/degustation-camping-vin.webp","contentUrl":"https:\/\/www.cottagesdeperpignan.com\/wp-content\/uploads\/2023\/11\/degustation-camping-vin.webp","width":1920,"height":1280,"caption":"cata de vinos en camping"},{"@type":"BreadcrumbList","@id":"https:\/\/www.cottagesdeperpignan.com\/es\/evento-para-profesionales\/#breadcrumb","itemListElement":[{"@type":"ListItem","position":1,"name":"Camping Perpignan","item":"https:\/\/www.cottagesdeperpignan.com\/es\/"},{"@type":"ListItem","position":2,"name":"Eventos Perpi\u00f1\u00e1n"}]},{"@type":"WebSite","@id":"https:\/\/www.cottagesdeperpignan.com\/es\/#website","url":"https:\/\/www.cottagesdeperpignan.com\/es\/","name":"Les Cottages de Perpignan","description":"","publisher":{"@id":"https:\/\/www.cottagesdeperpignan.com\/es\/#organization"},"potentialAction":[{"@type":"SearchAction","target":{"@type":"EntryPoint","urlTemplate":"https:\/\/www.cottagesdeperpignan.com\/es\/?s={search_term_string}"},"query-input":{"@type":"PropertyValueSpecification","valueRequired":true,"valueName":"search_term_string"}}],"inLanguage":"es"},{"@type":"Organization","@id":"https:\/\/www.cottagesdeperpignan.com\/es\/#organization","name":"Les Cottages de Perpignan","url":"https:\/\/www.cottagesdeperpignan.com\/es\/","logo":{"@type":"ImageObject","inLanguage":"es","@id":"https:\/\/www.cottagesdeperpignan.com\/es\/#\/schema\/logo\/image\/","url":"https:\/\/www.cottagesdeperpignan.com\/wp-content\/uploads\/2023\/11\/logo-cottages-perpignan.png","contentUrl":"https:\/\/www.cottagesdeperpignan.com\/wp-content\/uploads\/2023\/11\/logo-cottages-perpignan.png","width":2560,"height":1418,"caption":"Les Cottages de Perpignan"},"image":{"@id":"https:\/\/www.cottagesdeperpignan.com\/es\/#\/schema\/logo\/image\/"}}]}},"_links":{"self":[{"href":"https:\/\/www.cottagesdeperpignan.com\/es\/wp-json\/wp\/v2\/pages\/3382","targetHints":{"allow":["GET"]}}],"collection":[{"href":"https:\/\/www.cottagesdeperpignan.com\/es\/wp-json\/wp\/v2\/pages"}],"about":[{"href":"https:\/\/www.cottagesdeperpignan.com\/es\/wp-json\/wp\/v2\/types\/page"}],"author":[{"embeddable":true,"href":"https:\/\/www.cottagesdeperpignan.com\/es\/wp-json\/wp\/v2\/users\/1"}],"replies":[{"embeddable":true,"href":"https:\/\/www.cottagesdeperpignan.com\/es\/wp-json\/wp\/v2\/comments?post=3382"}],"version-history":[{"count":8,"href":"https:\/\/www.cottagesdeperpignan.com\/es\/wp-json\/wp\/v2\/pages\/3382\/revisions"}],"predecessor-version":[{"id":4785,"href":"https:\/\/www.cottagesdeperpignan.com\/es\/wp-json\/wp\/v2\/pages\/3382\/revisions\/4785"}],"wp:featuredmedia":[{"embeddable":true,"href":"https:\/\/www.cottagesdeperpignan.com\/es\/wp-json\/wp\/v2\/media\/1348"}],"wp:attachment":[{"href":"https:\/\/www.cottagesdeperpignan.com\/es\/wp-json\/wp\/v2\/media?parent=3382"}],"wp:term":[{"taxonomy":"sujet","embeddable":true,"href":"https:\/\/www.cottagesdeperpignan.com\/es\/wp-json\/wp\/v2\/sujet?post=3382"}],"curies":[{"name":"wp","href":"https:\/\/api.w.org\/{rel}","templated":true}]}}