{"id":3617,"date":"2023-11-06T15:59:53","date_gmt":"2023-11-06T14:59:53","guid":{"rendered":"https:\/\/www.cottagesdeperpignan.com\/descubra-perpinan\/"},"modified":"2023-12-04T10:23:13","modified_gmt":"2023-12-04T09:23:13","slug":"descubrir-perpinan","status":"publish","type":"page","link":"https:\/\/www.cottagesdeperpignan.com\/es\/descubrir-perpinan\/","title":{"rendered":"Perpi\u00f1\u00e1n"},"content":{"rendered":"<section id=\"ls-section-block_e9bb96c242ef228cb8894d0879a4839a\" class=\"ls-section  has-p-t p-t-8\" >\r\n        <div class=\"container \">\r\n        \n\n<div class=\"wp-block-columns is-layout-flex wp-container-core-columns-is-layout-9d6595d7 wp-block-columns-is-layout-flex\">\n<div class=\"wp-block-column is-layout-flow wp-block-column-is-layout-flow\">\n<h1 class=\"ls__heading wp-block-heading has-text-align-center\">Descubrir <strong>Perpi\u00f1\u00e1n<\/strong><\/h1>\n<\/div>\n<\/div>\n\n\n\n<div id=\"ls-heading ls-titre-div-block_5f327a40530b8ea12eae8c3751e26a31\" class=\"ls-titre-div aligncenter h2-like\" >\n    \u00ab<strong>Fidelissima<\/strong>\u00bb, la belleza catalana<\/div>\n\n\r\n    <\/div>\r\n<\/section>\n\n<section id=\"ls-section-block_50565365ab4ba51ae9fda647676e7c40\" class=\"ls-section  page-one has-p-t p-t-0\" >\r\n        <div class=\"container container--wide\">\r\n        \n\n<div class=\"wp-block-columns is-layout-flex wp-container-core-columns-is-layout-9d6595d7 wp-block-columns-is-layout-flex\">\n<div class=\"wp-block-column first is-layout-flow wp-block-column-is-layout-flow\" style=\"flex-basis:66.66%\">\n<figure class=\"wp-block-gallery has-nested-images columns-default is-cropped gallery-slider wp-block-gallery-1 is-layout-flex wp-block-gallery-is-layout-flex\">\n<figure class=\"wp-block-image size-full\"><a href=\"https:\/\/www.cottagesdeperpignan.com\/wp-content\/uploads\/2023\/11\/tourisme-perpignan.webp\"><img decoding=\"async\" width=\"1600\" height=\"1066\" data-id=\"2106\" src=\"https:\/\/www.cottagesdeperpignan.com\/wp-content\/uploads\/2023\/11\/tourisme-perpignan.webp\" alt=\"turismo en perpi\u00f1\u00e1n\" class=\"wp-image-2106\" srcset=\"https:\/\/www.cottagesdeperpignan.com\/wp-content\/uploads\/2023\/11\/tourisme-perpignan.webp 1600w, https:\/\/www.cottagesdeperpignan.com\/wp-content\/uploads\/2023\/11\/tourisme-perpignan-300x200.webp 300w, https:\/\/www.cottagesdeperpignan.com\/wp-content\/uploads\/2023\/11\/tourisme-perpignan-1024x682.webp 1024w, https:\/\/www.cottagesdeperpignan.com\/wp-content\/uploads\/2023\/11\/tourisme-perpignan-768x512.webp 768w, https:\/\/www.cottagesdeperpignan.com\/wp-content\/uploads\/2023\/11\/tourisme-perpignan-1536x1023.webp 1536w\" sizes=\"(max-width: 1600px) 100vw, 1600px\" \/><\/a><\/figure>\n\n\n\n<figure class=\"wp-block-image size-full\"><a href=\"https:\/\/www.cottagesdeperpignan.com\/wp-content\/uploads\/2023\/11\/visite-perpignan-scaled.webp\"><img decoding=\"async\" width=\"2560\" height=\"1706\" data-id=\"2111\" src=\"https:\/\/www.cottagesdeperpignan.com\/wp-content\/uploads\/2023\/11\/visite-perpignan-scaled.webp\" alt=\"visitar perpi\u00f1\u00e1n\" class=\"wp-image-2111\" srcset=\"https:\/\/www.cottagesdeperpignan.com\/wp-content\/uploads\/2023\/11\/visite-perpignan-scaled.webp 2560w, https:\/\/www.cottagesdeperpignan.com\/wp-content\/uploads\/2023\/11\/visite-perpignan-300x200.webp 300w, https:\/\/www.cottagesdeperpignan.com\/wp-content\/uploads\/2023\/11\/visite-perpignan-1024x682.webp 1024w, https:\/\/www.cottagesdeperpignan.com\/wp-content\/uploads\/2023\/11\/visite-perpignan-768x512.webp 768w, https:\/\/www.cottagesdeperpignan.com\/wp-content\/uploads\/2023\/11\/visite-perpignan-1536x1024.webp 1536w, https:\/\/www.cottagesdeperpignan.com\/wp-content\/uploads\/2023\/11\/visite-perpignan-2048x1365.webp 2048w\" sizes=\"(max-width: 2560px) 100vw, 2560px\" \/><\/a><\/figure>\n\n\n\n<figure class=\"wp-block-image size-full\"><a href=\"https:\/\/www.cottagesdeperpignan.com\/wp-content\/uploads\/2023\/11\/sejour-perpignan.webp\"><img decoding=\"async\" width=\"1920\" height=\"1280\" data-id=\"2103\" src=\"https:\/\/www.cottagesdeperpignan.com\/wp-content\/uploads\/2023\/11\/sejour-perpignan.webp\" alt=\"estancia perpi\u00f1\u00e1n\" class=\"wp-image-2103\" srcset=\"https:\/\/www.cottagesdeperpignan.com\/wp-content\/uploads\/2023\/11\/sejour-perpignan.webp 1920w, https:\/\/www.cottagesdeperpignan.com\/wp-content\/uploads\/2023\/11\/sejour-perpignan-300x200.webp 300w, https:\/\/www.cottagesdeperpignan.com\/wp-content\/uploads\/2023\/11\/sejour-perpignan-1024x683.webp 1024w, https:\/\/www.cottagesdeperpignan.com\/wp-content\/uploads\/2023\/11\/sejour-perpignan-768x512.webp 768w, https:\/\/www.cottagesdeperpignan.com\/wp-content\/uploads\/2023\/11\/sejour-perpignan-1536x1024.webp 1536w\" sizes=\"(max-width: 1920px) 100vw, 1920px\" \/><\/a><\/figure>\n\n\n\n<figure class=\"wp-block-image size-full\"><a href=\"https:\/\/www.cottagesdeperpignan.com\/wp-content\/uploads\/2023\/11\/chateau-perpignan-scaled.webp\"><img decoding=\"async\" width=\"2560\" height=\"1706\" data-id=\"2119\" src=\"https:\/\/www.cottagesdeperpignan.com\/wp-content\/uploads\/2023\/11\/chateau-perpignan-scaled.webp\" alt=\"castillo de perpi\u00f1\u00e1n\" class=\"wp-image-2119\" srcset=\"https:\/\/www.cottagesdeperpignan.com\/wp-content\/uploads\/2023\/11\/chateau-perpignan-scaled.webp 2560w, https:\/\/www.cottagesdeperpignan.com\/wp-content\/uploads\/2023\/11\/chateau-perpignan-300x200.webp 300w, https:\/\/www.cottagesdeperpignan.com\/wp-content\/uploads\/2023\/11\/chateau-perpignan-1024x682.webp 1024w, https:\/\/www.cottagesdeperpignan.com\/wp-content\/uploads\/2023\/11\/chateau-perpignan-768x512.webp 768w, https:\/\/www.cottagesdeperpignan.com\/wp-content\/uploads\/2023\/11\/chateau-perpignan-1536x1024.webp 1536w, https:\/\/www.cottagesdeperpignan.com\/wp-content\/uploads\/2023\/11\/chateau-perpignan-2048x1365.webp 2048w\" sizes=\"(max-width: 2560px) 100vw, 2560px\" \/><\/a><\/figure>\n<\/figure>\n<\/div>\n\n\n\n<div class=\"wp-block-column is-vertically-aligned-center second is-layout-flow wp-block-column-is-layout-flow\" style=\"flex-basis:33.33%\">\n<h2 class=\"ls__heading wp-block-heading deco\">Descubra las riquezas de Perpi\u00f1\u00e1n y de <strong>los Pirineos Orientales.<\/strong><\/h2>\n\n\n\n<p class=\"ls-paragraph\">Situado en las afueras del centro de Perpi\u00f1\u00e1n, el <a href=\"https:\/\/www.cottagesdeperpignan.com\/es\/asociacion-con-maeva\/\">camping Maeva Escapades<\/a> \u00abLes cottages de Perpignan\u00bb es una base perfecta para explorar la regi\u00f3n. Nuestro <a href=\"https:\/\/www.cottagesdeperpignan.com\/es\/\">camping de 4 estrellas en Perpi\u00f1\u00e1n<\/a> est\u00e1 cerca de los principales lugares de inter\u00e9s de la ciudad y sus alrededores.<\/p>\n\n\n\n<p class=\"ls-paragraph\">La regi\u00f3n de Perpi\u00f1\u00e1n ofrece numerosos atractivos tur\u00edsticos y culturales, lo que sin duda explica que <strong>Salvador Dal\u00ed<\/strong> llamara a su estaci\u00f3n \u00abel <strong>centro del mundo<\/strong> \u00ab. Perpi\u00f1\u00e1n, \u00abla belle catalane\u00bb, se encuentra sin duda en la encrucijada de las influencias mediterr\u00e1neas, pirenaicas, catalanas y occitanas&#8230; \u00a1y mucho m\u00e1s!<\/p>\n<\/div>\n<\/div>\n\n\r\n    <\/div>\r\n<\/section>\n\n<section id=\"ls-section-block_933bb59dd9c90972414f06b5db102362\" class=\"ls-section  page-one has-background has-color-6-background-color has-p-t p-t-14 has-p-b p-b-14\" >\r\n        <div class=\"container container--wide\">\r\n        \n\n<div class=\"wp-block-columns is-layout-flex wp-container-core-columns-is-layout-9d6595d7 wp-block-columns-is-layout-flex\">\n<div class=\"wp-block-column is-vertically-aligned-center is-layout-flow wp-block-column-is-layout-flow\" style=\"flex-basis:33.33%\">\n<h2 class=\"ls__heading wp-block-heading has-text-align-left deco\">Catedral de <strong>San Juan Bautista<\/strong><\/h2>\n\n\n\n<p class=\"ls-paragraph\">La finca comprende dos edificios independientes abiertos al p\u00fablico: la magn\u00edfica iglesia rom\u00e1nica de Saint-Jean le vieux y la no menos suntuosa catedral de Saint-Jean-Baptiste, de estilo g\u00f3tico.<\/p>\n\n\n\n<h2 class=\"ls__heading wp-block-heading deco m-t-4\">Villa des Tilleuls &#8211; <strong>Jard\u00edn del Puig<\/strong><\/h2>\n\n\n\n<p class=\"ls-paragraph\">Dise\u00f1ada por el arquitecto dan\u00e9s Viggo Dorph-Petersen durante la Belle \u00c9poque, la Villa des Tilleuls est\u00e1 situada en el centro de Perpi\u00f1\u00e1n.<\/p>\n\n\n\n<p class=\"ls-paragraph\">Su encantador jard\u00edn rom\u00e1ntico alberga el Museo Joseph Puig y la Biblioteca Bernard Nicolau.<\/p>\n<\/div>\n\n\n\n<div class=\"wp-block-column is-layout-flow wp-block-column-is-layout-flow\" style=\"flex-basis:66.66%\">\n<figure class=\"wp-block-image size-full\"><img decoding=\"async\" width=\"2560\" height=\"1706\" src=\"https:\/\/www.cottagesdeperpignan.com\/wp-content\/uploads\/2023\/11\/cathedrale-saint-jean-baptiste-perpignan-scaled.webp\" alt=\"catedral de san juan bautista perpi\u00f1\u00e1n\" class=\"wp-image-1955\" srcset=\"https:\/\/www.cottagesdeperpignan.com\/wp-content\/uploads\/2023\/11\/cathedrale-saint-jean-baptiste-perpignan-scaled.webp 2560w, https:\/\/www.cottagesdeperpignan.com\/wp-content\/uploads\/2023\/11\/cathedrale-saint-jean-baptiste-perpignan-300x200.webp 300w, https:\/\/www.cottagesdeperpignan.com\/wp-content\/uploads\/2023\/11\/cathedrale-saint-jean-baptiste-perpignan-1024x682.webp 1024w, https:\/\/www.cottagesdeperpignan.com\/wp-content\/uploads\/2023\/11\/cathedrale-saint-jean-baptiste-perpignan-768x512.webp 768w, https:\/\/www.cottagesdeperpignan.com\/wp-content\/uploads\/2023\/11\/cathedrale-saint-jean-baptiste-perpignan-1536x1024.webp 1536w, https:\/\/www.cottagesdeperpignan.com\/wp-content\/uploads\/2023\/11\/cathedrale-saint-jean-baptiste-perpignan-2048x1365.webp 2048w\" sizes=\"(max-width: 2560px) 100vw, 2560px\" \/><\/figure>\n<\/div>\n<\/div>\n\n\r\n    <\/div>\r\n<\/section>\n\n<section id=\"ls-section-block_933bb59dd9c90972414f06b5db102362\" class=\"ls-section  page-one has-background has-color-6-background-color has-p-t p-t-14 has-p-b p-b-14\" >\r\n        <div class=\"container container--wide\">\r\n        \n\n<div class=\"wp-block-columns is-layout-flex wp-container-core-columns-is-layout-9d6595d7 wp-block-columns-is-layout-flex\">\n<div class=\"wp-block-column is-layout-flow wp-block-column-is-layout-flow\" style=\"flex-basis:66.66%\">\n<figure class=\"wp-block-image size-full\"><img decoding=\"async\" width=\"2560\" height=\"1706\" src=\"https:\/\/www.cottagesdeperpignan.com\/wp-content\/uploads\/2023\/11\/visiter-palais-des-rois-de-majorque-scaled.webp\" alt=\"visita al palacio de los reyes de mallorca\" class=\"wp-image-1915\" srcset=\"https:\/\/www.cottagesdeperpignan.com\/wp-content\/uploads\/2023\/11\/visiter-palais-des-rois-de-majorque-scaled.webp 2560w, https:\/\/www.cottagesdeperpignan.com\/wp-content\/uploads\/2023\/11\/visiter-palais-des-rois-de-majorque-300x200.webp 300w, https:\/\/www.cottagesdeperpignan.com\/wp-content\/uploads\/2023\/11\/visiter-palais-des-rois-de-majorque-1024x682.webp 1024w, https:\/\/www.cottagesdeperpignan.com\/wp-content\/uploads\/2023\/11\/visiter-palais-des-rois-de-majorque-768x512.webp 768w, https:\/\/www.cottagesdeperpignan.com\/wp-content\/uploads\/2023\/11\/visiter-palais-des-rois-de-majorque-1536x1024.webp 1536w, https:\/\/www.cottagesdeperpignan.com\/wp-content\/uploads\/2023\/11\/visiter-palais-des-rois-de-majorque-2048x1365.webp 2048w\" sizes=\"(max-width: 2560px) 100vw, 2560px\" \/><\/figure>\n<\/div>\n\n\n\n<div class=\"wp-block-column is-vertically-aligned-center is-layout-flow wp-block-column-is-layout-flow\" style=\"flex-basis:33.33%\">\n<h2 class=\"ls__heading wp-block-heading deco\">Palacio de los Reyes <strong>de<\/strong> Mallorca<\/h2>\n\n\n\n<p class=\"ls-paragraph\">Situado en el coraz\u00f3n de la ciudad de Perpi\u00f1\u00e1n, este palacio fortificado de estilo g\u00f3tico fue construido en el siglo XIII y durante varias d\u00e9cadas fue el s\u00edmbolo del poder de Jaime II y de su ef\u00edmero reino de Mallorca.<\/p>\n\n\n\n<h2 class=\"ls__heading wp-block-heading deco m-t-4\">Museo de <strong>Historia Natural<\/strong><\/h2>\n\n\n\n<p class=\"ls-paragraph\">Situado cerca del barrio de Saint-Jacques, el Museo de Historia Natural cuenta con una exposici\u00f3n permanente que presenta diversos aspectos de la fauna y la flora -algunas incluso desaparecidas- de los <a href=\"https:\/\/www.cottagesdeperpignan.com\/es\/descubra-la-region\/\">Pirineos Orientales<\/a>.<\/p>\n\n\n\n<p class=\"ls-paragraph\">La exposici\u00f3n incluye tambi\u00e9n una momia egipcia de la XXIII dinast\u00eda, donada en 1847 por el general\u00edsimo Ibrahim Pasha, tras un tratamiento termal en Vernet-les-Bains.<\/p>\n<\/div>\n<\/div>\n\n\r\n    <\/div>\r\n<\/section>\n\n<section id=\"ls-section-block_2fd03d78f1bc688dedfc5df27d264936\" class=\"ls-section  page-maillage has-p-b p-b-14\" >\r\n        <div class=\"container container--wide\">\r\n        \n\n<div id=\"ls-heading ls-titre-div-block_208ea2d843eba6b133b6dd92b4e619e2\" class=\"ls-titre-div deco h2-like\" >\n    <strong>Descubra la regi\u00f3n de Occitanie, <\/strong> <\/br>\u00a1nuestros alojamientos y nuestra zona de piscinas!<\/div>\n\n\n<div id=\"ls-maillage-block_95a7d259e079bb1b73db1a426adda540\" class=\"ls-maillage cta-style-normal\" data-rows=\"3\">\n    <div class=\"wp-block-columns\"><div class=\"wp-block-column\"><div class=\"ls-cta \">\n\n<a href=\"https:\/\/www.cottagesdeperpignan.com\/es\/nuestro-alojamiento\/\" target=\"\" rel=\"noopener\" class=\"ls-cta__link\">\n\n\t<div class=\"ls-cta__image\"><img decoding=\"async\" src=\"https:\/\/www.cottagesdeperpignan.com\/wp-content\/uploads\/2023\/11\/location-mobil-home-perpignan.webp\" alt=\"alquiler de mobil home perpignan\"><\/div>\n\t<div class=\"ls-cta__title\">\n\t\tCasas m\u00f3viles\t<\/div>\n\n\t<div class=\"ls-button ls-button--cta\"><span>Descubra<\/span><i class='lagon-fleche-vers-le-haut'><\/i><\/div>\n\n\t<pre>NULL\n<\/pre>\n\t\t\n<\/a>\n\n\n<\/div><\/div><div class=\"wp-block-column\"><div class=\"ls-cta \">\n\n<a href=\"https:\/\/www.cottagesdeperpignan.com\/es\/descubra-la-region\/\" target=\"\" rel=\"noopener\" class=\"ls-cta__link\">\n\n\t<div class=\"ls-cta__image\"><img decoding=\"async\" src=\"https:\/\/www.cottagesdeperpignan.com\/wp-content\/uploads\/2023\/11\/visiter-argeles-sur-mer.webp\" alt=\"visite argeles sur mer\"><\/div>\n\t<div class=\"ls-cta__title\">\n\t\tOccitania\t<\/div>\n\n\t<div class=\"ls-button ls-button--cta\"><span>Descubra<\/span><i class='lagon-fleche-vers-le-haut'><\/i><\/div>\n\n\t<pre>NULL\n<\/pre>\n\t\t\n<\/a>\n\n\n<\/div><\/div><div class=\"wp-block-column\"><div class=\"ls-cta \">\n\n<a href=\"https:\/\/www.cottagesdeperpignan.com\/es\/camping-con-piscina-perpignan\/\" target=\"\" rel=\"noopener\" class=\"ls-cta__link\">\n\n\t<div class=\"ls-cta__image\"><img decoding=\"async\" src=\"https:\/\/www.cottagesdeperpignan.com\/wp-content\/uploads\/2023\/11\/camping-cottage-piscine-pyrenees-orientales.webp\" alt=\"camping cottage piscine pyrenees orientales\"><\/div>\n\t<div class=\"ls-cta__title\">\n\t\tLa piscina\t<\/div>\n\n\t<div class=\"ls-button ls-button--cta\"><span>Descubra<\/span><i class='lagon-fleche-vers-le-haut'><\/i><\/div>\n\n\t<pre>NULL\n<\/pre>\n\t\t\n<\/a>\n\n\n<\/div><\/div><\/div><\/div>\n\r\n    <\/div>\r\n<\/section>","protected":false},"excerpt":{"rendered":"","protected":false},"author":1,"featured_media":2102,"parent":0,"menu_order":0,"comment_status":"closed","ping_status":"closed","template":"","meta":{"_acf_changed":false,"inline_featured_image":false,"footnotes":""},"sujet":[],"class_list":["post-3617","page","type-page","status-publish","has-post-thumbnail","hentry"],"acf":[],"yoast_head":"<!-- This site is optimized with the Yoast SEO plugin v23.4 - https:\/\/yoast.com\/wordpress\/plugins\/seo\/ -->\n<title>Descubrir Perpi\u00f1\u00e1n: 4 lugares imprescindibles<\/title>\n<meta name=\"description\" content=\"Descubra 4 lugares imprescindibles cuando visite Perpi\u00f1\u00e1n.\" \/>\n<meta name=\"robots\" content=\"index, follow, max-snippet:-1, max-image-preview:large, max-video-preview:-1\" \/>\n<link rel=\"canonical\" href=\"https:\/\/www.cottagesdeperpignan.com\/es\/descubrir-perpinan\/\" \/>\n<meta property=\"og:locale\" content=\"es_ES\" \/>\n<meta property=\"og:type\" content=\"article\" \/>\n<meta property=\"og:title\" content=\"Descubrir Perpi\u00f1\u00e1n: 4 lugares imprescindibles\" \/>\n<meta property=\"og:description\" content=\"Descubra 4 lugares imprescindibles cuando visite Perpi\u00f1\u00e1n.\" \/>\n<meta property=\"og:url\" content=\"https:\/\/www.cottagesdeperpignan.com\/es\/descubrir-perpinan\/\" \/>\n<meta property=\"og:site_name\" content=\"Les Cottages de Perpignan\" \/>\n<meta property=\"article:modified_time\" content=\"2023-12-04T09:23:13+00:00\" \/>\n<meta property=\"og:image\" content=\"https:\/\/www.cottagesdeperpignan.com\/wp-content\/uploads\/2023\/11\/vacances-perpignan.webp\" \/>\n\t<meta property=\"og:image:width\" content=\"1920\" \/>\n\t<meta property=\"og:image:height\" content=\"1280\" \/>\n\t<meta property=\"og:image:type\" content=\"image\/webp\" \/>\n<meta name=\"twitter:card\" content=\"summary_large_image\" \/>\n<meta name=\"twitter:label1\" content=\"Tiempo de lectura\" \/>\n\t<meta name=\"twitter:data1\" content=\"3 minutos\" \/>\n<script type=\"application\/ld+json\" class=\"yoast-schema-graph\">{\"@context\":\"https:\/\/schema.org\",\"@graph\":[{\"@type\":\"WebPage\",\"@id\":\"https:\/\/www.cottagesdeperpignan.com\/es\/descubrir-perpinan\/\",\"url\":\"https:\/\/www.cottagesdeperpignan.com\/es\/descubrir-perpinan\/\",\"name\":\"Descubrir Perpi\u00f1\u00e1n: 4 lugares imprescindibles\",\"isPartOf\":{\"@id\":\"https:\/\/www.cottagesdeperpignan.com\/es\/#website\"},\"primaryImageOfPage\":{\"@id\":\"https:\/\/www.cottagesdeperpignan.com\/es\/descubrir-perpinan\/#primaryimage\"},\"image\":{\"@id\":\"https:\/\/www.cottagesdeperpignan.com\/es\/descubrir-perpinan\/#primaryimage\"},\"thumbnailUrl\":\"https:\/\/www.cottagesdeperpignan.com\/wp-content\/uploads\/2023\/11\/vacances-perpignan.webp\",\"datePublished\":\"2023-11-06T14:59:53+00:00\",\"dateModified\":\"2023-12-04T09:23:13+00:00\",\"description\":\"Descubra 4 lugares imprescindibles cuando visite Perpi\u00f1\u00e1n.\",\"breadcrumb\":{\"@id\":\"https:\/\/www.cottagesdeperpignan.com\/es\/descubrir-perpinan\/#breadcrumb\"},\"inLanguage\":\"es\",\"potentialAction\":[{\"@type\":\"ReadAction\",\"target\":[\"https:\/\/www.cottagesdeperpignan.com\/es\/descubrir-perpinan\/\"]}]},{\"@type\":\"ImageObject\",\"inLanguage\":\"es\",\"@id\":\"https:\/\/www.cottagesdeperpignan.com\/es\/descubrir-perpinan\/#primaryimage\",\"url\":\"https:\/\/www.cottagesdeperpignan.com\/wp-content\/uploads\/2023\/11\/vacances-perpignan.webp\",\"contentUrl\":\"https:\/\/www.cottagesdeperpignan.com\/wp-content\/uploads\/2023\/11\/vacances-perpignan.webp\",\"width\":1920,\"height\":1280,\"caption\":\"vacaciones perpi\u00f1\u00e1n\"},{\"@type\":\"BreadcrumbList\",\"@id\":\"https:\/\/www.cottagesdeperpignan.com\/es\/descubrir-perpinan\/#breadcrumb\",\"itemListElement\":[{\"@type\":\"ListItem\",\"position\":1,\"name\":\"Camping Perpignan\",\"item\":\"https:\/\/www.cottagesdeperpignan.com\/es\/\"},{\"@type\":\"ListItem\",\"position\":2,\"name\":\"Perpi\u00f1\u00e1n\"}]},{\"@type\":\"WebSite\",\"@id\":\"https:\/\/www.cottagesdeperpignan.com\/es\/#website\",\"url\":\"https:\/\/www.cottagesdeperpignan.com\/es\/\",\"name\":\"Les Cottages de Perpignan\",\"description\":\"\",\"publisher\":{\"@id\":\"https:\/\/www.cottagesdeperpignan.com\/es\/#organization\"},\"potentialAction\":[{\"@type\":\"SearchAction\",\"target\":{\"@type\":\"EntryPoint\",\"urlTemplate\":\"https:\/\/www.cottagesdeperpignan.com\/es\/?s={search_term_string}\"},\"query-input\":{\"@type\":\"PropertyValueSpecification\",\"valueRequired\":true,\"valueName\":\"search_term_string\"}}],\"inLanguage\":\"es\"},{\"@type\":\"Organization\",\"@id\":\"https:\/\/www.cottagesdeperpignan.com\/es\/#organization\",\"name\":\"Les Cottages de Perpignan\",\"url\":\"https:\/\/www.cottagesdeperpignan.com\/es\/\",\"logo\":{\"@type\":\"ImageObject\",\"inLanguage\":\"es\",\"@id\":\"https:\/\/www.cottagesdeperpignan.com\/es\/#\/schema\/logo\/image\/\",\"url\":\"https:\/\/www.cottagesdeperpignan.com\/wp-content\/uploads\/2023\/11\/logo-cottages-perpignan.png\",\"contentUrl\":\"https:\/\/www.cottagesdeperpignan.com\/wp-content\/uploads\/2023\/11\/logo-cottages-perpignan.png\",\"width\":2560,\"height\":1418,\"caption\":\"Les Cottages de Perpignan\"},\"image\":{\"@id\":\"https:\/\/www.cottagesdeperpignan.com\/es\/#\/schema\/logo\/image\/\"}}]}<\/script>\n<!-- \/ Yoast SEO plugin. -->","yoast_head_json":{"title":"Descubrir Perpi\u00f1\u00e1n: 4 lugares imprescindibles","description":"Descubra 4 lugares imprescindibles cuando visite Perpi\u00f1\u00e1n.","robots":{"index":"index","follow":"follow","max-snippet":"max-snippet:-1","max-image-preview":"max-image-preview:large","max-video-preview":"max-video-preview:-1"},"canonical":"https:\/\/www.cottagesdeperpignan.com\/es\/descubrir-perpinan\/","og_locale":"es_ES","og_type":"article","og_title":"Descubrir Perpi\u00f1\u00e1n: 4 lugares imprescindibles","og_description":"Descubra 4 lugares imprescindibles cuando visite Perpi\u00f1\u00e1n.","og_url":"https:\/\/www.cottagesdeperpignan.com\/es\/descubrir-perpinan\/","og_site_name":"Les Cottages de Perpignan","article_modified_time":"2023-12-04T09:23:13+00:00","og_image":[{"width":1920,"height":1280,"url":"https:\/\/www.cottagesdeperpignan.com\/wp-content\/uploads\/2023\/11\/vacances-perpignan.webp","type":"image\/webp"}],"twitter_card":"summary_large_image","twitter_misc":{"Tiempo de lectura":"3 minutos"},"schema":{"@context":"https:\/\/schema.org","@graph":[{"@type":"WebPage","@id":"https:\/\/www.cottagesdeperpignan.com\/es\/descubrir-perpinan\/","url":"https:\/\/www.cottagesdeperpignan.com\/es\/descubrir-perpinan\/","name":"Descubrir Perpi\u00f1\u00e1n: 4 lugares imprescindibles","isPartOf":{"@id":"https:\/\/www.cottagesdeperpignan.com\/es\/#website"},"primaryImageOfPage":{"@id":"https:\/\/www.cottagesdeperpignan.com\/es\/descubrir-perpinan\/#primaryimage"},"image":{"@id":"https:\/\/www.cottagesdeperpignan.com\/es\/descubrir-perpinan\/#primaryimage"},"thumbnailUrl":"https:\/\/www.cottagesdeperpignan.com\/wp-content\/uploads\/2023\/11\/vacances-perpignan.webp","datePublished":"2023-11-06T14:59:53+00:00","dateModified":"2023-12-04T09:23:13+00:00","description":"Descubra 4 lugares imprescindibles cuando visite Perpi\u00f1\u00e1n.","breadcrumb":{"@id":"https:\/\/www.cottagesdeperpignan.com\/es\/descubrir-perpinan\/#breadcrumb"},"inLanguage":"es","potentialAction":[{"@type":"ReadAction","target":["https:\/\/www.cottagesdeperpignan.com\/es\/descubrir-perpinan\/"]}]},{"@type":"ImageObject","inLanguage":"es","@id":"https:\/\/www.cottagesdeperpignan.com\/es\/descubrir-perpinan\/#primaryimage","url":"https:\/\/www.cottagesdeperpignan.com\/wp-content\/uploads\/2023\/11\/vacances-perpignan.webp","contentUrl":"https:\/\/www.cottagesdeperpignan.com\/wp-content\/uploads\/2023\/11\/vacances-perpignan.webp","width":1920,"height":1280,"caption":"vacaciones perpi\u00f1\u00e1n"},{"@type":"BreadcrumbList","@id":"https:\/\/www.cottagesdeperpignan.com\/es\/descubrir-perpinan\/#breadcrumb","itemListElement":[{"@type":"ListItem","position":1,"name":"Camping Perpignan","item":"https:\/\/www.cottagesdeperpignan.com\/es\/"},{"@type":"ListItem","position":2,"name":"Perpi\u00f1\u00e1n"}]},{"@type":"WebSite","@id":"https:\/\/www.cottagesdeperpignan.com\/es\/#website","url":"https:\/\/www.cottagesdeperpignan.com\/es\/","name":"Les Cottages de Perpignan","description":"","publisher":{"@id":"https:\/\/www.cottagesdeperpignan.com\/es\/#organization"},"potentialAction":[{"@type":"SearchAction","target":{"@type":"EntryPoint","urlTemplate":"https:\/\/www.cottagesdeperpignan.com\/es\/?s={search_term_string}"},"query-input":{"@type":"PropertyValueSpecification","valueRequired":true,"valueName":"search_term_string"}}],"inLanguage":"es"},{"@type":"Organization","@id":"https:\/\/www.cottagesdeperpignan.com\/es\/#organization","name":"Les Cottages de Perpignan","url":"https:\/\/www.cottagesdeperpignan.com\/es\/","logo":{"@type":"ImageObject","inLanguage":"es","@id":"https:\/\/www.cottagesdeperpignan.com\/es\/#\/schema\/logo\/image\/","url":"https:\/\/www.cottagesdeperpignan.com\/wp-content\/uploads\/2023\/11\/logo-cottages-perpignan.png","contentUrl":"https:\/\/www.cottagesdeperpignan.com\/wp-content\/uploads\/2023\/11\/logo-cottages-perpignan.png","width":2560,"height":1418,"caption":"Les Cottages de Perpignan"},"image":{"@id":"https:\/\/www.cottagesdeperpignan.com\/es\/#\/schema\/logo\/image\/"}}]}},"_links":{"self":[{"href":"https:\/\/www.cottagesdeperpignan.com\/es\/wp-json\/wp\/v2\/pages\/3617","targetHints":{"allow":["GET"]}}],"collection":[{"href":"https:\/\/www.cottagesdeperpignan.com\/es\/wp-json\/wp\/v2\/pages"}],"about":[{"href":"https:\/\/www.cottagesdeperpignan.com\/es\/wp-json\/wp\/v2\/types\/page"}],"author":[{"embeddable":true,"href":"https:\/\/www.cottagesdeperpignan.com\/es\/wp-json\/wp\/v2\/users\/1"}],"replies":[{"embeddable":true,"href":"https:\/\/www.cottagesdeperpignan.com\/es\/wp-json\/wp\/v2\/comments?post=3617"}],"version-history":[{"count":14,"href":"https:\/\/www.cottagesdeperpignan.com\/es\/wp-json\/wp\/v2\/pages\/3617\/revisions"}],"predecessor-version":[{"id":4773,"href":"https:\/\/www.cottagesdeperpignan.com\/es\/wp-json\/wp\/v2\/pages\/3617\/revisions\/4773"}],"wp:featuredmedia":[{"embeddable":true,"href":"https:\/\/www.cottagesdeperpignan.com\/es\/wp-json\/wp\/v2\/media\/2102"}],"wp:attachment":[{"href":"https:\/\/www.cottagesdeperpignan.com\/es\/wp-json\/wp\/v2\/media?parent=3617"}],"wp:term":[{"taxonomy":"sujet","embeddable":true,"href":"https:\/\/www.cottagesdeperpignan.com\/es\/wp-json\/wp\/v2\/sujet?post=3617"}],"curies":[{"name":"wp","href":"https:\/\/api.w.org\/{rel}","templated":true}]}}