{"id":2825,"date":"2023-11-02T13:37:00","date_gmt":"2023-11-02T12:37:00","guid":{"rendered":"https:\/\/www.cottagesdeperpignan.com\/contact-met-ons-opnemen\/"},"modified":"2024-08-13T10:33:37","modified_gmt":"2024-08-13T08:33:37","slug":"contact-met-ons-opnemen","status":"publish","type":"page","link":"https:\/\/www.cottagesdeperpignan.com\/nl\/contact-met-ons-opnemen\/","title":{"rendered":"Contact &amp; Info"},"content":{"rendered":"<section id=\"ls-section-block_d312c23fb0898d0064de2fa13f05e3b5\" class=\"ls-section  page-intro\" >\r\n        <div class=\"container \">\r\n        \n\n<h1 class=\"ls__heading wp-block-heading has-text-align-center\">Contact en toegang<\/h1>\n\n\r\n    <\/div>\r\n<\/section><section id=\"ls-section-block_5a4ff05022897ad694a260c16118589c\" class=\"ls-section  page-one has-m-t m-t-0 has-p-t p-t-0\" >\r\n        <div class=\"container container--wide\">\r\n        \n\n<div class=\"wp-block-columns page-one is-layout-flex wp-container-core-columns-is-layout-9d6595d7 wp-block-columns-is-layout-flex\">\n<div class=\"wp-block-column is-layout-flow wp-block-column-is-layout-flow\">\n<h2 class=\"ls__heading wp-block-heading deco\">Contactgegevens<\/h2>\n\n\n\n<div id=\"ls-infos-block_a9a2188f9957f3a605ac20ccd169dd35\" class=\"ls-infos has-m-b m-b-7\">\n    \n    <div class=\"ls-infos__content\">\n\n        <div class=\"ls-infos__phone\">\n                        \n                        <i class=\"oreades-phone-call-02\"><\/i> +33 4 48 07 23 51            \n        <\/div>\n        <div class=\"ls-infos__mail\">\n            <i class=\"fas fa-envelope\"><\/i> contact@cottagesdeperpignan.com        <\/div>\n\n        <div class=\"ls-infos__adresse\">\n            <i class='fas fa-map-marker-alt'><\/i>\n            <div class=\"ls-infos__adresse--content\">\n                3252 Avenue de la Salanque <br\/>Route de Bompas <br \/>\n                66000                Perpignan            <\/div>\n        <\/div>\n    <\/div>\n<\/div><\/div>\n\n\n\n<div class=\"wp-block-column is-layout-flow wp-block-column-is-layout-flow\">\n<div class=\"wp-block-contact-form-7-contact-form-selector\">\n<div class=\"wpcf7 no-js\" id=\"wpcf7-f2805-o1\" lang=\"nl-NL\" dir=\"ltr\">\n<div class=\"screen-reader-response\"><p role=\"status\" aria-live=\"polite\" aria-atomic=\"true\"><\/p> <ul><\/ul><\/div>\n<form action=\"\/nl\/wp-json\/wp\/v2\/pages\/2825#wpcf7-f2805-o1\" method=\"post\" class=\"wpcf7-form init\" aria-label=\"Contactformulier\" novalidate=\"novalidate\" data-status=\"init\">\n<div style=\"display: none;\">\n<input type=\"hidden\" name=\"_wpcf7\" value=\"2805\" \/>\n<input type=\"hidden\" name=\"_wpcf7_version\" value=\"5.9.8\" \/>\n<input type=\"hidden\" name=\"_wpcf7_locale\" value=\"nl_NL\" \/>\n<input type=\"hidden\" name=\"_wpcf7_unit_tag\" value=\"wpcf7-f2805-o1\" \/>\n<input type=\"hidden\" name=\"_wpcf7_container_post\" value=\"0\" \/>\n<input type=\"hidden\" name=\"_wpcf7_posted_data_hash\" value=\"\" \/>\n<input type=\"hidden\" name=\"_wpcf7_recaptcha_response\" value=\"\" \/>\n<\/div>\n<p><label> Uw naam<br \/>\n<span class=\"wpcf7-form-control-wrap\" data-name=\"your-name\"><input size=\"40\" maxlength=\"400\" class=\"wpcf7-form-control wpcf7-text wpcf7-validates-as-required\" autocomplete=\"name\" aria-required=\"true\" aria-invalid=\"false\" value=\"\" type=\"text\" name=\"your-name\" \/><\/span> <\/label>\n<\/p>\n<p><label> Uw e-mail<br \/>\n<span class=\"wpcf7-form-control-wrap\" data-name=\"your-email\"><input size=\"40\" maxlength=\"400\" class=\"wpcf7-form-control wpcf7-email wpcf7-validates-as-required wpcf7-text wpcf7-validates-as-email\" autocomplete=\"email\" aria-required=\"true\" aria-invalid=\"false\" value=\"\" type=\"email\" name=\"your-email\" \/><\/span> <\/label>\n<\/p>\n<p><label> Object<br \/>\n<span class=\"wpcf7-form-control-wrap\" data-name=\"your-subject\"><input size=\"40\" maxlength=\"400\" class=\"wpcf7-form-control wpcf7-text wpcf7-validates-as-required\" aria-required=\"true\" aria-invalid=\"false\" value=\"\" type=\"text\" name=\"your-subject\" \/><\/span> <\/label>\n<\/p>\n<p><label> Uw bericht<br \/>\n<span class=\"wpcf7-form-control-wrap\" data-name=\"your-message\"><textarea cols=\"40\" rows=\"10\" maxlength=\"2000\" class=\"wpcf7-form-control wpcf7-textarea wpcf7-validates-as-required\" aria-required=\"true\" aria-invalid=\"false\" name=\"your-message\"><\/textarea><\/span> <\/label><br \/>\n<span class=\"wpcf7-form-control-wrap\" data-name=\"acceptance-553\"><span class=\"wpcf7-form-control wpcf7-acceptance\"><span class=\"wpcf7-list-item\"><label><input type=\"checkbox\" name=\"acceptance-553\" value=\"1\" aria-invalid=\"false\" \/><span class=\"wpcf7-list-item-label\">Door dit vakje aan te vinken, accepteer ik het <a href=\"\/nl\/privacybeleid\/\" rel=\"nofollow\" target=\"_blank\">Privacybeleid<\/a> van deze site.<\/span><\/label><\/span><\/span><\/span>\n<\/p>\n<p><input class=\"wpcf7-form-control wpcf7-submit has-spinner\" type=\"submit\" value=\"Stuur\" \/>\n<\/p><div class=\"wpcf7-response-output\" aria-hidden=\"true\"><\/div>\n<\/form>\n<\/div>\n<\/div>\n<\/div>\n<\/div>\n\n\r\n    <\/div>\r\n<\/section><section id=\"ls-section-block_b77df5e0b0b08448953a3f9d854ccd59\" class=\"ls-section  page-three has-background has-color-6-background-color has-p-t p-t-14 has-p-b p-b-14\" >\r\n        <div class=\"container container--full\">\r\n        \n\n<div class=\"wp-block-columns page-one is-layout-flex wp-container-core-columns-is-layout-9d6595d7 wp-block-columns-is-layout-flex\">\n<div class=\"wp-block-column is-layout-flow wp-block-column-is-layout-flow\">\n<iframe src=\"https:\/\/www.google.com\/maps\/embed?pb=!1m18!1m12!1m3!1d2930.7713944465645!2d2.919809576329338!3d42.729729111666444!2m3!1f0!2f0!3f0!3m2!1i1024!2i768!4f13.1!3m3!1m2!1s0x12b06f1b55b488d1%3A0xe6b74a0310950799!2sLes%20Cottages%20de%20Perpignan%20*2A*2A*2A*2A%20Camping%20maeva%20Escapades!5e0!3m2!1sfr!2sfr!4v1699402308601!5m2!1sfr!2sfr\" width=\"100%\" height=\"100%\" style=\"border:0;\" allowfullscreen=\"\" loading=\"lazy\" referrerpolicy=\"no-referrer-when-downgrade\"><\/iframe>\n<\/div>\n\n\n\n<div class=\"wp-block-column m-r-6 is-layout-flow wp-block-column-is-layout-flow\">\n<h2 class=\"ls__heading wp-block-heading deco\">Hoe kom ik daar?<\/h2>\n\n\n\n<p class=\"ls-paragraph\">Het domein ligt tussen het centrum van Perpignan en de stad Bompas. <a href=\"\/\">4-sterren camping maeva Escapades Les cottages de Perpignan<\/a>.<\/p>\n\n\n\n<p class=\"ls-paragraph\">3252 Avenue de la Salanque (Route de Bompas)<\/p>\n\n\n\n<p class=\"ls-paragraph\">66000 Perpignan<\/p>\n\n\n\n<h3 class=\"ls__heading wp-block-heading\">Toegang<\/h3>\n\n\n\n<p class=\"ls-paragraph\"><strong>Met de trein:<\/strong> Perpignan station (7 km)<\/p>\n\n\n\n<p class=\"ls-paragraph\"><strong>Met de auto:<\/strong> via A9, afslag: Perpignan-<\/p>\n\n\n\n<p class=\"ls-paragraph\"><strong>Met het vliegtuig:<\/strong> luchthaven Perpignan-Rivesaltes (7 km)<\/p>\n\n\n\n<p class=\"ls-paragraph\">GPS-co\u00f6rdinaten :<br\/><br\/>Breedtegraad: 42.7300097 \/ Lengtegraad: 2.9214479<\/p>\n<\/div>\n<\/div>\n\n\r\n    <\/div>\r\n<\/section><section id=\"ls-section-block_7533e8b20c488466be140025db30fd57\" class=\"ls-section \" >\r\n        <div class=\"container container--wide\">\r\n        \n\n<h2 class=\"ls__heading wp-block-heading has-text-align-center\">Uw aankomst, vertrek en sleuteloverdracht<\/h2>\n\n\n\n<div class=\"wp-block-columns is-layout-flex wp-container-core-columns-is-layout-9d6595d7 wp-block-columns-is-layout-flex\">\n<div class=\"wp-block-column is-layout-flow wp-block-column-is-layout-flow\">\n<p class=\"ls-paragraph\"><strong>Om tijd te besparen en je aankomst op de grote dag te vereenvoudigen, neem je contact op met de camping om je van tevoren in te schrijven!<\/strong><\/p>\n\n\n\n<p class=\"ls-paragraph\">Les logements sont disponibles \u00e0 partir de 14\u00a0h\u00a000 et jusqu\u2019\u00e0 19\u00a0h\u00a000 le jour de votre arriv\u00e9e.\u00a0 Ils doivent \u00eatre lib\u00e9r\u00e9s avant 10h le jour du d\u00e9part.<\/p>\n\n\n\n<p class=\"ls-paragraph\">En cas d\u2019arriv\u00e9e apr\u00e8s 19\u00a0h\u00a000, il est imp\u00e9ratif de pr\u00e9venir la r\u00e9ception. Les locations sont conserv\u00e9es durant 24 heures apr\u00e8s la date pr\u00e9vue de votre arriv\u00e9e. Pass\u00e9 ce d\u00e9lai, elles cessent de vous \u00eatre r\u00e9serv\u00e9es et la totalit\u00e9 du co\u00fbt de votre s\u00e9jour sera retenue.<\/p>\n\n\n\n<p class=\"ls-paragraph\">Les logements doivent \u00eatre lib\u00e9r\u00e9s avant 10\u00a0h\u00a000, le jour du d\u00e9part.<\/p>\n\n\n\n<p class=\"ls-paragraph\"><strong>Hoogseizoen <\/strong>(juli\/augustus):<br\/>09u &#8211; 12u \/ 14u &#8211; 18u<br\/>Zaterdag: 8u &#8211; 20u<\/p>\n\n\n\n<p class=\"ls-paragraph\"><strong>Laagseizoen:<br\/> <\/strong>9u &#8211; 12u \/ 14u &#8211; 18u<\/p>\n\n\n\n<p class=\"ls-paragraph\"><strong>Borg ter plaatse te betalen<\/strong><\/p>\n\n\n\n<p class=\"ls-paragraph\">Een borg van \u20ac400 is vereist bij aankomst. Het zal aan u worden teruggegeven bij uw vertrek na een inventaris en netheid controle in uw aanwezigheid of per post en e-mail in het geval van een controle na uw vertrek.<\/p>\n<\/div>\n\n\n\n<div class=\"wp-block-column is-layout-flow wp-block-column-is-layout-flow\">\n<p class=\"ls-paragraph\">Je bent verantwoordelijk voor je eigen schoonmaak, tenzij je hebt gekozen voor de schoonmaakoptie aan het einde van je verblijf (tegen betaling).<\/p>\n\n\n\n<p class=\"ls-paragraph\">De woning moet op de dag van vertrek schoon en netjes worden achtergelaten. Anders wordt een volledige schoonmaak van \u20ac150 in rekening gebracht.<\/p>\n\n\n\n<p class=\"ls-paragraph\">Bij aankomst heb je 24 uur de tijd om je accommodatie te controleren en eventuele problemen te melden bij de receptie.<\/p>\n\n\n\n<p class=\"ls-paragraph\"><strong>Taxe de s\u00e9jour (\u00e0 r\u00e9gler sur place) :<\/strong> 0.85\u20ac\/jour\/personne de plus 18 ans (sous r\u00e9serve de modifications)<\/p>\n\n\n\n<p class=\"ls-paragraph\"><strong>Kosten (ter plaatse te betalen):<\/strong> \u20ac0,70\/nacht\/persoon ouder dan 18.<\/p>\n\n\n\n<p class=\"ls-paragraph\"><strong>Huisdieren (ter plaatse te betalen) :<\/strong><\/p>\n\n\n\n<p class=\"ls-paragraph\">Deux animaux (chiens uniquement et carnet de vaccination obligatoire) est admis dans les locations moyennant une redevance de 5\u20ac par nuit\u00e9e, soit 35\u20ac par semaine. Il sera tenu en laisse et ne doit jamais \u00eatre laiss\u00e9 seul, m\u00eame attach\u00e9, sur l\u2019emplacement ou dans l\u2019habitation. Les chiens de 1\u02b3\u1d49 et 2\u1d49 cat\u00e9gorie sont interdits dans le camping.<\/p>\n\n\n\n<p class=\"ls-paragraph\"><strong>Let op:<\/strong><\/p>\n\n\n\n<ul class=\"ls-list wp-block-list\">\n\n<li>Minderjarigen die niet worden begeleid door hun ouders mogen het landgoed niet op.<\/li>\n\n\n<li>Een huurstructuur wordt op naam verhuurd en mag in geen geval worden onderverhuurd. Elke persoon die niet is ingeschreven op het huurcontract wordt beschouwd als een toeslag op het pakket (zie de huidige prijslijst van de camping).<\/li>\n\n<\/ul>\n<\/div>\n<\/div>\n\n\r\n    <\/div>\r\n<\/section>","protected":false},"excerpt":{"rendered":"","protected":false},"author":1,"featured_media":2826,"parent":0,"menu_order":0,"comment_status":"closed","ping_status":"closed","template":"","meta":{"_acf_changed":false,"inline_featured_image":false,"footnotes":""},"sujet":[],"class_list":["post-2825","page","type-page","status-publish","has-post-thumbnail","hentry"],"acf":[],"yoast_head":"<!-- This site is optimized with the Yoast SEO plugin v23.4 - https:\/\/yoast.com\/wordpress\/plugins\/seo\/ -->\n<title>Neem contact met ons op | Hoe kom ik bij Les Cottages de Perpignan?<\/title>\n<meta name=\"robots\" content=\"index, follow, max-snippet:-1, max-image-preview:large, max-video-preview:-1\" \/>\n<link rel=\"canonical\" href=\"https:\/\/www.cottagesdeperpignan.com\/nl\/contact-met-ons-opnemen\/\" \/>\n<meta property=\"og:locale\" content=\"nl_NL\" \/>\n<meta property=\"og:type\" content=\"article\" \/>\n<meta property=\"og:title\" content=\"Neem contact met ons op | Hoe kom ik bij Les Cottages de Perpignan?\" \/>\n<meta property=\"og:url\" content=\"https:\/\/www.cottagesdeperpignan.com\/nl\/contact-met-ons-opnemen\/\" \/>\n<meta property=\"og:site_name\" content=\"Les Cottages de Perpignan\" \/>\n<meta property=\"article:modified_time\" content=\"2024-08-13T08:33:37+00:00\" \/>\n<meta property=\"og:image\" content=\"https:\/\/www.cottagesdeperpignan.com\/wp-content\/uploads\/2023\/11\/equipe-les-cottages-perpignan.webp\" \/>\n\t<meta property=\"og:image:width\" content=\"2000\" \/>\n\t<meta property=\"og:image:height\" content=\"1331\" \/>\n\t<meta property=\"og:image:type\" content=\"image\/webp\" \/>\n<meta name=\"twitter:card\" content=\"summary_large_image\" \/>\n<meta name=\"twitter:label1\" content=\"Geschatte leestijd\" \/>\n\t<meta name=\"twitter:data1\" content=\"3 minuten\" \/>\n<script type=\"application\/ld+json\" class=\"yoast-schema-graph\">{\"@context\":\"https:\/\/schema.org\",\"@graph\":[{\"@type\":\"WebPage\",\"@id\":\"https:\/\/www.cottagesdeperpignan.com\/nl\/contact-met-ons-opnemen\/\",\"url\":\"https:\/\/www.cottagesdeperpignan.com\/nl\/contact-met-ons-opnemen\/\",\"name\":\"Neem contact met ons op | Hoe kom ik bij Les Cottages de Perpignan?\",\"isPartOf\":{\"@id\":\"https:\/\/www.cottagesdeperpignan.com\/nl\/#website\"},\"primaryImageOfPage\":{\"@id\":\"https:\/\/www.cottagesdeperpignan.com\/nl\/contact-met-ons-opnemen\/#primaryimage\"},\"image\":{\"@id\":\"https:\/\/www.cottagesdeperpignan.com\/nl\/contact-met-ons-opnemen\/#primaryimage\"},\"thumbnailUrl\":\"https:\/\/www.cottagesdeperpignan.com\/wp-content\/uploads\/2023\/11\/equipe-les-cottages-perpignan.webp\",\"datePublished\":\"2023-11-02T12:37:00+00:00\",\"dateModified\":\"2024-08-13T08:33:37+00:00\",\"breadcrumb\":{\"@id\":\"https:\/\/www.cottagesdeperpignan.com\/nl\/contact-met-ons-opnemen\/#breadcrumb\"},\"inLanguage\":\"nl-NL\",\"potentialAction\":[{\"@type\":\"ReadAction\",\"target\":[\"https:\/\/www.cottagesdeperpignan.com\/nl\/contact-met-ons-opnemen\/\"]}]},{\"@type\":\"ImageObject\",\"inLanguage\":\"nl-NL\",\"@id\":\"https:\/\/www.cottagesdeperpignan.com\/nl\/contact-met-ons-opnemen\/#primaryimage\",\"url\":\"https:\/\/www.cottagesdeperpignan.com\/wp-content\/uploads\/2023\/11\/equipe-les-cottages-perpignan.webp\",\"contentUrl\":\"https:\/\/www.cottagesdeperpignan.com\/wp-content\/uploads\/2023\/11\/equipe-les-cottages-perpignan.webp\",\"width\":2000,\"height\":1331,\"caption\":\"team les cottages perpignan\"},{\"@type\":\"BreadcrumbList\",\"@id\":\"https:\/\/www.cottagesdeperpignan.com\/nl\/contact-met-ons-opnemen\/#breadcrumb\",\"itemListElement\":[{\"@type\":\"ListItem\",\"position\":1,\"name\":\"Camping Perpignan\",\"item\":\"https:\/\/www.cottagesdeperpignan.com\/nl\/\"},{\"@type\":\"ListItem\",\"position\":2,\"name\":\"Contact &amp; Info\"}]},{\"@type\":\"WebSite\",\"@id\":\"https:\/\/www.cottagesdeperpignan.com\/nl\/#website\",\"url\":\"https:\/\/www.cottagesdeperpignan.com\/nl\/\",\"name\":\"Les Cottages de Perpignan\",\"description\":\"\",\"publisher\":{\"@id\":\"https:\/\/www.cottagesdeperpignan.com\/nl\/#organization\"},\"potentialAction\":[{\"@type\":\"SearchAction\",\"target\":{\"@type\":\"EntryPoint\",\"urlTemplate\":\"https:\/\/www.cottagesdeperpignan.com\/nl\/?s={search_term_string}\"},\"query-input\":{\"@type\":\"PropertyValueSpecification\",\"valueRequired\":true,\"valueName\":\"search_term_string\"}}],\"inLanguage\":\"nl-NL\"},{\"@type\":\"Organization\",\"@id\":\"https:\/\/www.cottagesdeperpignan.com\/nl\/#organization\",\"name\":\"Les Cottages de Perpignan\",\"url\":\"https:\/\/www.cottagesdeperpignan.com\/nl\/\",\"logo\":{\"@type\":\"ImageObject\",\"inLanguage\":\"nl-NL\",\"@id\":\"https:\/\/www.cottagesdeperpignan.com\/nl\/#\/schema\/logo\/image\/\",\"url\":\"https:\/\/www.cottagesdeperpignan.com\/wp-content\/uploads\/2023\/11\/logo-cottages-perpignan.png\",\"contentUrl\":\"https:\/\/www.cottagesdeperpignan.com\/wp-content\/uploads\/2023\/11\/logo-cottages-perpignan.png\",\"width\":2560,\"height\":1418,\"caption\":\"Les Cottages de Perpignan\"},\"image\":{\"@id\":\"https:\/\/www.cottagesdeperpignan.com\/nl\/#\/schema\/logo\/image\/\"}}]}<\/script>\n<!-- \/ Yoast SEO plugin. -->","yoast_head_json":{"title":"Neem contact met ons op | Hoe kom ik bij Les Cottages de Perpignan?","robots":{"index":"index","follow":"follow","max-snippet":"max-snippet:-1","max-image-preview":"max-image-preview:large","max-video-preview":"max-video-preview:-1"},"canonical":"https:\/\/www.cottagesdeperpignan.com\/nl\/contact-met-ons-opnemen\/","og_locale":"nl_NL","og_type":"article","og_title":"Neem contact met ons op | Hoe kom ik bij Les Cottages de Perpignan?","og_url":"https:\/\/www.cottagesdeperpignan.com\/nl\/contact-met-ons-opnemen\/","og_site_name":"Les Cottages de Perpignan","article_modified_time":"2024-08-13T08:33:37+00:00","og_image":[{"width":2000,"height":1331,"url":"https:\/\/www.cottagesdeperpignan.com\/wp-content\/uploads\/2023\/11\/equipe-les-cottages-perpignan.webp","type":"image\/webp"}],"twitter_card":"summary_large_image","twitter_misc":{"Geschatte leestijd":"3 minuten"},"schema":{"@context":"https:\/\/schema.org","@graph":[{"@type":"WebPage","@id":"https:\/\/www.cottagesdeperpignan.com\/nl\/contact-met-ons-opnemen\/","url":"https:\/\/www.cottagesdeperpignan.com\/nl\/contact-met-ons-opnemen\/","name":"Neem contact met ons op | Hoe kom ik bij Les Cottages de Perpignan?","isPartOf":{"@id":"https:\/\/www.cottagesdeperpignan.com\/nl\/#website"},"primaryImageOfPage":{"@id":"https:\/\/www.cottagesdeperpignan.com\/nl\/contact-met-ons-opnemen\/#primaryimage"},"image":{"@id":"https:\/\/www.cottagesdeperpignan.com\/nl\/contact-met-ons-opnemen\/#primaryimage"},"thumbnailUrl":"https:\/\/www.cottagesdeperpignan.com\/wp-content\/uploads\/2023\/11\/equipe-les-cottages-perpignan.webp","datePublished":"2023-11-02T12:37:00+00:00","dateModified":"2024-08-13T08:33:37+00:00","breadcrumb":{"@id":"https:\/\/www.cottagesdeperpignan.com\/nl\/contact-met-ons-opnemen\/#breadcrumb"},"inLanguage":"nl-NL","potentialAction":[{"@type":"ReadAction","target":["https:\/\/www.cottagesdeperpignan.com\/nl\/contact-met-ons-opnemen\/"]}]},{"@type":"ImageObject","inLanguage":"nl-NL","@id":"https:\/\/www.cottagesdeperpignan.com\/nl\/contact-met-ons-opnemen\/#primaryimage","url":"https:\/\/www.cottagesdeperpignan.com\/wp-content\/uploads\/2023\/11\/equipe-les-cottages-perpignan.webp","contentUrl":"https:\/\/www.cottagesdeperpignan.com\/wp-content\/uploads\/2023\/11\/equipe-les-cottages-perpignan.webp","width":2000,"height":1331,"caption":"team les cottages perpignan"},{"@type":"BreadcrumbList","@id":"https:\/\/www.cottagesdeperpignan.com\/nl\/contact-met-ons-opnemen\/#breadcrumb","itemListElement":[{"@type":"ListItem","position":1,"name":"Camping Perpignan","item":"https:\/\/www.cottagesdeperpignan.com\/nl\/"},{"@type":"ListItem","position":2,"name":"Contact &amp; Info"}]},{"@type":"WebSite","@id":"https:\/\/www.cottagesdeperpignan.com\/nl\/#website","url":"https:\/\/www.cottagesdeperpignan.com\/nl\/","name":"Les Cottages de Perpignan","description":"","publisher":{"@id":"https:\/\/www.cottagesdeperpignan.com\/nl\/#organization"},"potentialAction":[{"@type":"SearchAction","target":{"@type":"EntryPoint","urlTemplate":"https:\/\/www.cottagesdeperpignan.com\/nl\/?s={search_term_string}"},"query-input":{"@type":"PropertyValueSpecification","valueRequired":true,"valueName":"search_term_string"}}],"inLanguage":"nl-NL"},{"@type":"Organization","@id":"https:\/\/www.cottagesdeperpignan.com\/nl\/#organization","name":"Les Cottages de Perpignan","url":"https:\/\/www.cottagesdeperpignan.com\/nl\/","logo":{"@type":"ImageObject","inLanguage":"nl-NL","@id":"https:\/\/www.cottagesdeperpignan.com\/nl\/#\/schema\/logo\/image\/","url":"https:\/\/www.cottagesdeperpignan.com\/wp-content\/uploads\/2023\/11\/logo-cottages-perpignan.png","contentUrl":"https:\/\/www.cottagesdeperpignan.com\/wp-content\/uploads\/2023\/11\/logo-cottages-perpignan.png","width":2560,"height":1418,"caption":"Les Cottages de Perpignan"},"image":{"@id":"https:\/\/www.cottagesdeperpignan.com\/nl\/#\/schema\/logo\/image\/"}}]}},"_links":{"self":[{"href":"https:\/\/www.cottagesdeperpignan.com\/nl\/wp-json\/wp\/v2\/pages\/2825","targetHints":{"allow":["GET"]}}],"collection":[{"href":"https:\/\/www.cottagesdeperpignan.com\/nl\/wp-json\/wp\/v2\/pages"}],"about":[{"href":"https:\/\/www.cottagesdeperpignan.com\/nl\/wp-json\/wp\/v2\/types\/page"}],"author":[{"embeddable":true,"href":"https:\/\/www.cottagesdeperpignan.com\/nl\/wp-json\/wp\/v2\/users\/1"}],"replies":[{"embeddable":true,"href":"https:\/\/www.cottagesdeperpignan.com\/nl\/wp-json\/wp\/v2\/comments?post=2825"}],"version-history":[{"count":9,"href":"https:\/\/www.cottagesdeperpignan.com\/nl\/wp-json\/wp\/v2\/pages\/2825\/revisions"}],"predecessor-version":[{"id":14577,"href":"https:\/\/www.cottagesdeperpignan.com\/nl\/wp-json\/wp\/v2\/pages\/2825\/revisions\/14577"}],"wp:featuredmedia":[{"embeddable":true,"href":"https:\/\/www.cottagesdeperpignan.com\/nl\/wp-json\/wp\/v2\/media\/2826"}],"wp:attachment":[{"href":"https:\/\/www.cottagesdeperpignan.com\/nl\/wp-json\/wp\/v2\/media?parent=2825"}],"wp:term":[{"taxonomy":"sujet","embeddable":true,"href":"https:\/\/www.cottagesdeperpignan.com\/nl\/wp-json\/wp\/v2\/sujet?post=2825"}],"curies":[{"name":"wp","href":"https:\/\/api.w.org\/{rel}","templated":true}]}}