{"id":3795,"date":"2023-11-02T13:32:40","date_gmt":"2023-11-02T12:32:40","guid":{"rendered":"https:\/\/www.cottagesdeperpignan.com\/camping\/"},"modified":"2023-12-04T09:58:53","modified_gmt":"2023-12-04T08:58:53","slug":"de-camping","status":"publish","type":"page","link":"https:\/\/www.cottagesdeperpignan.com\/nl\/de-camping\/","title":{"rendered":"Presentatie"},"content":{"rendered":"<section id=\"ls-section-block_e430df2ce4163d29fca1d6bac3c49355\" class=\"ls-section  page-intro\" >\r\n        <div class=\"container \">\r\n        \n\n<div class=\"wp-block-columns is-layout-flex wp-container-core-columns-is-layout-9d6595d7 wp-block-columns-is-layout-flex\">\n<div class=\"wp-block-column is-layout-flow wp-block-column-is-layout-flow\">\n<h1 class=\"ls__heading wp-block-heading has-text-align-center\">De camping<\/h1>\n<\/div>\n<\/div>\n\n\r\n    <\/div>\r\n<\/section>\n\n<section id=\"ls-section-block_bec7fc429ac94aa84ed03b90a6d77859\" class=\"ls-section  page-one has-p-t p-t-0\" >\r\n        <div class=\"container container--wide\">\r\n        \n\n<div class=\"wp-block-columns is-layout-flex wp-container-core-columns-is-layout-9d6595d7 wp-block-columns-is-layout-flex\">\n<div class=\"wp-block-column first is-layout-flow wp-block-column-is-layout-flow\" style=\"flex-basis:66.66%\">\n<figure class=\"wp-block-gallery has-nested-images columns-default is-cropped gallery-slider wp-block-gallery-1 is-layout-flex wp-block-gallery-is-layout-flex\">\n<figure class=\"wp-block-image size-full\"><a href=\"https:\/\/www.cottagesdeperpignan.com\/wp-content\/uploads\/2023\/11\/location-camping-1.webp\"><img decoding=\"async\" width=\"1920\" height=\"1280\" data-id=\"1752\" src=\"https:\/\/www.cottagesdeperpignan.com\/wp-content\/uploads\/2023\/11\/location-camping-1.webp\" alt=\"camping verhuur\" class=\"wp-image-1752\" srcset=\"https:\/\/www.cottagesdeperpignan.com\/wp-content\/uploads\/2023\/11\/location-camping-1.webp 1920w, https:\/\/www.cottagesdeperpignan.com\/wp-content\/uploads\/2023\/11\/location-camping-1-300x200.webp 300w, https:\/\/www.cottagesdeperpignan.com\/wp-content\/uploads\/2023\/11\/location-camping-1-1024x683.webp 1024w, https:\/\/www.cottagesdeperpignan.com\/wp-content\/uploads\/2023\/11\/location-camping-1-768x512.webp 768w, https:\/\/www.cottagesdeperpignan.com\/wp-content\/uploads\/2023\/11\/location-camping-1-1536x1024.webp 1536w\" sizes=\"(max-width: 1920px) 100vw, 1920px\" \/><\/a><\/figure>\n\n\n\n<figure class=\"wp-block-image size-full\"><a href=\"https:\/\/www.cottagesdeperpignan.com\/wp-content\/uploads\/2023\/11\/mobil-home-les-cottages-camping.webp\"><img decoding=\"async\" width=\"1920\" height=\"1280\" data-id=\"1576\" src=\"https:\/\/www.cottagesdeperpignan.com\/wp-content\/uploads\/2023\/11\/mobil-home-les-cottages-camping.webp\" alt=\"stacaravan les cottages camping\" class=\"wp-image-1576\" srcset=\"https:\/\/www.cottagesdeperpignan.com\/wp-content\/uploads\/2023\/11\/mobil-home-les-cottages-camping.webp 1920w, https:\/\/www.cottagesdeperpignan.com\/wp-content\/uploads\/2023\/11\/mobil-home-les-cottages-camping-300x200.webp 300w, https:\/\/www.cottagesdeperpignan.com\/wp-content\/uploads\/2023\/11\/mobil-home-les-cottages-camping-1024x683.webp 1024w, https:\/\/www.cottagesdeperpignan.com\/wp-content\/uploads\/2023\/11\/mobil-home-les-cottages-camping-768x512.webp 768w, https:\/\/www.cottagesdeperpignan.com\/wp-content\/uploads\/2023\/11\/mobil-home-les-cottages-camping-1536x1024.webp 1536w\" sizes=\"(max-width: 1920px) 100vw, 1920px\" \/><\/a><\/figure>\n\n\n\n<figure class=\"wp-block-image size-full\"><a href=\"https:\/\/www.cottagesdeperpignan.com\/wp-content\/uploads\/2023\/11\/les-cottages-camping-accueil.webp\"><img decoding=\"async\" width=\"1920\" height=\"1280\" data-id=\"1594\" src=\"https:\/\/www.cottagesdeperpignan.com\/wp-content\/uploads\/2023\/11\/les-cottages-camping-accueil.webp\" alt=\"les cottages camping accueil\" class=\"wp-image-1594\" srcset=\"https:\/\/www.cottagesdeperpignan.com\/wp-content\/uploads\/2023\/11\/les-cottages-camping-accueil.webp 1920w, https:\/\/www.cottagesdeperpignan.com\/wp-content\/uploads\/2023\/11\/les-cottages-camping-accueil-300x200.webp 300w, https:\/\/www.cottagesdeperpignan.com\/wp-content\/uploads\/2023\/11\/les-cottages-camping-accueil-1024x683.webp 1024w, https:\/\/www.cottagesdeperpignan.com\/wp-content\/uploads\/2023\/11\/les-cottages-camping-accueil-768x512.webp 768w, https:\/\/www.cottagesdeperpignan.com\/wp-content\/uploads\/2023\/11\/les-cottages-camping-accueil-1536x1024.webp 1536w\" sizes=\"(max-width: 1920px) 100vw, 1920px\" \/><\/a><\/figure>\n\n\n\n<figure class=\"wp-block-image size-full\"><a href=\"https:\/\/www.cottagesdeperpignan.com\/wp-content\/uploads\/2023\/11\/parc-air-de-jeu-perpignan-camping-les-cottages.webp\"><img decoding=\"async\" width=\"1920\" height=\"1280\" data-id=\"1558\" src=\"https:\/\/www.cottagesdeperpignan.com\/wp-content\/uploads\/2023\/11\/parc-air-de-jeu-perpignan-camping-les-cottages.webp\" alt=\"parc air de jeu perpignan camping les cottages\" class=\"wp-image-1558\" srcset=\"https:\/\/www.cottagesdeperpignan.com\/wp-content\/uploads\/2023\/11\/parc-air-de-jeu-perpignan-camping-les-cottages.webp 1920w, https:\/\/www.cottagesdeperpignan.com\/wp-content\/uploads\/2023\/11\/parc-air-de-jeu-perpignan-camping-les-cottages-300x200.webp 300w, https:\/\/www.cottagesdeperpignan.com\/wp-content\/uploads\/2023\/11\/parc-air-de-jeu-perpignan-camping-les-cottages-1024x683.webp 1024w, https:\/\/www.cottagesdeperpignan.com\/wp-content\/uploads\/2023\/11\/parc-air-de-jeu-perpignan-camping-les-cottages-768x512.webp 768w, https:\/\/www.cottagesdeperpignan.com\/wp-content\/uploads\/2023\/11\/parc-air-de-jeu-perpignan-camping-les-cottages-1536x1024.webp 1536w\" sizes=\"(max-width: 1920px) 100vw, 1920px\" \/><\/a><\/figure>\n<\/figure>\n<\/div>\n\n\n\n<div class=\"wp-block-column is-vertically-aligned-center second is-layout-flow wp-block-column-is-layout-flow\" style=\"flex-basis:33.33%\">\n<h2 class=\"ls__heading wp-block-heading\">Welkom op Camping Maeva Escapades <strong>Les cottages de Perpignan **** !<\/strong><\/h2>\n\n\n\n<h3 class=\"ls__heading wp-block-heading\">Een <strong>flexibel<\/strong> accommodatiepakket !<\/h3>\n\n\n\n<p class=\"ls-paragraph\">De <a href=\"https:\/\/www.cottagesdeperpignan.com\/nl\/\">camping Maeva Escapades Les Cottages in Perpignan<\/a>, ideaal gelegen aan de rand van het centrum van Perpignan, verwelkomt je in een sobere, verfijnde en functionele omgeving en biedt accommodatie die aan je behoeften kan worden aangepast, of je nu student bent, op zakenreis of op vakantie in de regio.<\/p>\n\n\n\n<p class=\"ls-paragraph\">Ons team van Smile Generators garandeert je een comfortabel verblijf en diensten die perfect zijn afgestemd op jouw persoonlijke situatie.<\/p>\n<\/div>\n<\/div>\n\n\r\n    <\/div>\r\n<\/section>\n\n<section id=\"ls-section-block_9194cc30030bccb0555f3cc6ce548a35\" class=\"ls-section  page-one has-background has-color-6-background-color has-p-t p-t-14 has-p-b p-b-14\" >\r\n        <div class=\"container container--wide\">\r\n        \n\n<h2 class=\"ls__heading wp-block-heading has-text-align-center deco-top-center\">Tank bij op <strong>onze camping!<\/strong><\/h2>\n\n\n\n<div class=\"wp-block-columns is-layout-flex wp-container-core-columns-is-layout-9d6595d7 wp-block-columns-is-layout-flex\">\n<div class=\"wp-block-column is-vertically-aligned-center is-layout-flow wp-block-column-is-layout-flow\" style=\"flex-basis:33.33%\">\n<p class=\"ls-paragraph\">Onze  <a href=\"https:\/\/www.cottagesdeperpignan.com\/nl\/aansluiting-maeva\/\">camping maeva Escapades<\/a> heeft veel diensten beschikbaar op locatie, zoals onze <a href=\"https:\/\/www.cottagesdeperpignan.com\/nl\/camping-vijver-perpignan\/\">verwarmd buitenzwembad.<\/a>Er is ook een kinderspeelplaats, een beachvolleybalveld en een strandvoetbalveld, een bar\/restaurant, een brooddepot en nog veel meer!<\/p>\n<\/div>\n\n\n\n<div class=\"wp-block-column is-layout-flow wp-block-column-is-layout-flow\" style=\"flex-basis:66.66%\">\n<figure class=\"wp-block-image size-full\"><img decoding=\"async\" width=\"1920\" height=\"1280\" src=\"https:\/\/www.cottagesdeperpignan.com\/wp-content\/uploads\/2023\/11\/camping-cottage-2023_les-cottages-de-perpignan_animations_56_0.webp\" alt=\"les cottages de perpignan animations\" class=\"wp-image-670\" srcset=\"https:\/\/www.cottagesdeperpignan.com\/wp-content\/uploads\/2023\/11\/camping-cottage-2023_les-cottages-de-perpignan_animations_56_0.webp 1920w, https:\/\/www.cottagesdeperpignan.com\/wp-content\/uploads\/2023\/11\/camping-cottage-2023_les-cottages-de-perpignan_animations_56_0-300x200.webp 300w, https:\/\/www.cottagesdeperpignan.com\/wp-content\/uploads\/2023\/11\/camping-cottage-2023_les-cottages-de-perpignan_animations_56_0-1024x683.webp 1024w, https:\/\/www.cottagesdeperpignan.com\/wp-content\/uploads\/2023\/11\/camping-cottage-2023_les-cottages-de-perpignan_animations_56_0-768x512.webp 768w, https:\/\/www.cottagesdeperpignan.com\/wp-content\/uploads\/2023\/11\/camping-cottage-2023_les-cottages-de-perpignan_animations_56_0-1536x1024.webp 1536w\" sizes=\"(max-width: 1920px) 100vw, 1920px\" \/><\/figure>\n<\/div>\n<\/div>\n\n\r\n    <\/div>\r\n<\/section>\n\n<section id=\"ls-section-block_bda7ba0196975e7d8e1c6231edf6422d\" class=\"ls-section  page-one has-background has-color-white-background-color has-p-t p-t-14 has-p-b p-b-14\" >\r\n        <div class=\"container container--wide\">\r\n        \n\n<div class=\"wp-block-columns is-layout-flex wp-container-core-columns-is-layout-9d6595d7 wp-block-columns-is-layout-flex\">\n<div class=\"wp-block-column first is-layout-flow wp-block-column-is-layout-flow\" style=\"flex-basis:66.66%\">\n<figure class=\"wp-block-gallery has-nested-images columns-default is-cropped gallery-slider wp-block-gallery-2 is-layout-flex wp-block-gallery-is-layout-flex\">\n<figure class=\"wp-block-image size-full\"><a href=\"https:\/\/www.cottagesdeperpignan.com\/wp-content\/uploads\/2023\/11\/collioure.webp\"><img decoding=\"async\" width=\"2000\" height=\"1126\" data-id=\"1931\" src=\"https:\/\/www.cottagesdeperpignan.com\/wp-content\/uploads\/2023\/11\/collioure.webp\" alt=\"collioure\" class=\"wp-image-1931\" srcset=\"https:\/\/www.cottagesdeperpignan.com\/wp-content\/uploads\/2023\/11\/collioure.webp 2000w, https:\/\/www.cottagesdeperpignan.com\/wp-content\/uploads\/2023\/11\/collioure-300x169.webp 300w, https:\/\/www.cottagesdeperpignan.com\/wp-content\/uploads\/2023\/11\/collioure-1024x577.webp 1024w, https:\/\/www.cottagesdeperpignan.com\/wp-content\/uploads\/2023\/11\/collioure-768x432.webp 768w, https:\/\/www.cottagesdeperpignan.com\/wp-content\/uploads\/2023\/11\/collioure-1536x865.webp 1536w\" sizes=\"(max-width: 2000px) 100vw, 2000px\" \/><\/a><\/figure>\n\n\n\n<figure class=\"wp-block-image size-full\"><a href=\"https:\/\/www.cottagesdeperpignan.com\/wp-content\/uploads\/2023\/11\/lac-bouillousse.webp\"><img decoding=\"async\" width=\"2048\" height=\"1365\" data-id=\"1950\" src=\"https:\/\/www.cottagesdeperpignan.com\/wp-content\/uploads\/2023\/11\/lac-bouillousse.webp\" alt=\"meer bouillousse\" class=\"wp-image-1950\" srcset=\"https:\/\/www.cottagesdeperpignan.com\/wp-content\/uploads\/2023\/11\/lac-bouillousse.webp 2048w, https:\/\/www.cottagesdeperpignan.com\/wp-content\/uploads\/2023\/11\/lac-bouillousse-300x200.webp 300w, https:\/\/www.cottagesdeperpignan.com\/wp-content\/uploads\/2023\/11\/lac-bouillousse-1024x683.webp 1024w, https:\/\/www.cottagesdeperpignan.com\/wp-content\/uploads\/2023\/11\/lac-bouillousse-768x512.webp 768w, https:\/\/www.cottagesdeperpignan.com\/wp-content\/uploads\/2023\/11\/lac-bouillousse-1536x1024.webp 1536w\" sizes=\"(max-width: 2048px) 100vw, 2048px\" \/><\/a><\/figure>\n<\/figure>\n<\/div>\n\n\n\n<div class=\"wp-block-column is-vertically-aligned-center second is-layout-flow wp-block-column-is-layout-flow\" style=\"flex-basis:33.33%\">\n<h3 class=\"ls__heading wp-block-heading\">Een uitzonderlijke toeristische omgeving, voor <strong>een serene en verrijkende vakantie<\/strong><\/h3>\n\n\n\n<p class=\"ls-paragraph\">Onze goedkope camping in Perpignan ligt op de perfecte locatie om je een snelle toegang tot het centrum van Perpignan te garanderen, evenals tot de wegen die leiden naar de vele bezienswaardigheden en toeristische attracties in de Pyr\u00e9n\u00e9es-Orientales.<\/p>\n\n\n\n<p class=\"ls-paragraph\">Ontdek Collioures, de kathedraal Saint Jean Baptiste, het paleis van de koningen van Mallorca, de Orgues d&#8217;Ille-sur-T\u00eat of het fort van Salses&#8230; ze wachten allemaal op je!<\/p>\n<\/div>\n<\/div>\n\n\r\n    <\/div>\r\n<\/section>\n\n<section id=\"ls-section-block_9194cc30030bccb0555f3cc6ce548a35\" class=\"ls-section  page-one has-background has-color-6-background-color has-p-t p-t-14 has-p-b p-b-14\" >\r\n        <div class=\"container container--wide\">\r\n        \n\n<div class=\"wp-block-columns is-layout-flex wp-container-core-columns-is-layout-9d6595d7 wp-block-columns-is-layout-flex\">\n<div class=\"wp-block-column is-vertically-aligned-center is-layout-flow wp-block-column-is-layout-flow\" style=\"flex-basis:33.33%\">\n<h3 class=\"ls__heading wp-block-heading\">Voor een accommodatie die perfect aan uw behoeften voldoet, of u nu een professional, een student of een vakantieganger bent, in een <strong>uitzonderlijke toeristische omgeving<\/strong>.<\/h3>\n\n\n\n<p class=\"ls-paragraph\">Reserveer nu uw <a href=\"https:\/\/www.cottagesdeperpignan.com\/nl\/onze-accommodaties\/\">stacaravan<\/a> op Camping maeva Escapades Les cottages in Perpignan ***** ! Met ons accommodatiepakket kun je de accommodatie vinden die je nodig hebt, met onze aan jou aangepaste service, zoals <a href=\"https:\/\/www.cottagesdeperpignan.com\/nl\/appartement-hotel-perpignan\/\">appartement-hotelverhuur in Perpignan<\/a>.<\/p>\n\n\n\n<p class=\"ls-paragraph\"><\/p>\n<\/div>\n\n\n\n<div class=\"wp-block-column is-layout-flow wp-block-column-is-layout-flow\" style=\"flex-basis:66.66%\">\n<figure class=\"wp-block-image size-full\"><img decoding=\"async\" width=\"1920\" height=\"1280\" src=\"https:\/\/www.cottagesdeperpignan.com\/wp-content\/uploads\/2023\/11\/location-interieur-camping.webp\" alt=\"camping interieur huren\" class=\"wp-image-1767\" srcset=\"https:\/\/www.cottagesdeperpignan.com\/wp-content\/uploads\/2023\/11\/location-interieur-camping.webp 1920w, https:\/\/www.cottagesdeperpignan.com\/wp-content\/uploads\/2023\/11\/location-interieur-camping-300x200.webp 300w, https:\/\/www.cottagesdeperpignan.com\/wp-content\/uploads\/2023\/11\/location-interieur-camping-1024x683.webp 1024w, https:\/\/www.cottagesdeperpignan.com\/wp-content\/uploads\/2023\/11\/location-interieur-camping-768x512.webp 768w, https:\/\/www.cottagesdeperpignan.com\/wp-content\/uploads\/2023\/11\/location-interieur-camping-1536x1024.webp 1536w\" sizes=\"(max-width: 1920px) 100vw, 1920px\" \/><\/figure>\n<\/div>\n<\/div>\n\n\r\n    <\/div>\r\n<\/section>\n\n<section id=\"ls-section-block_d05c4f9d03eceda52edad8d8fc18bafe\" class=\"ls-section  page-maillage has-p-b p-b-14\" >\r\n        <div class=\"container container--wide\">\r\n        \n\n<div id=\"ls-heading ls-titre-div-block_04237c0b79267ea9ebae31cff63b9d56\" class=\"ls-titre-div deco h2-like\" >\n    <strong>Lees meer over onze diensten, <\/strong> <\/br> evenementen en accommodatie!<\/div>\n\n\n<div id=\"ls-maillage-block_12e673b05acfa8bd91f5f2c596c33393\" class=\"ls-maillage cta-style-normal\" data-rows=\"3\">\n    <div class=\"wp-block-columns\"><div class=\"wp-block-column\"><div class=\"ls-cta \">\n\n<a href=\"https:\/\/www.cottagesdeperpignan.com\/nl\/activiteiten-en-uitrusting\/\" target=\"\" rel=\"noopener\" class=\"ls-cta__link\">\n\n\t<div class=\"ls-cta__image\"><img decoding=\"async\" src=\"https:\/\/www.cottagesdeperpignan.com\/wp-content\/uploads\/2023\/11\/camping-cottage-2023_les-cottages-de-perpignan_animations_42_0.webp\" alt=\"les cottages de perpignan volleybal\"><\/div>\n\t<div class=\"ls-cta__title\">\n\t\tAmusement\t<\/div>\n\n\t<div class=\"ls-button ls-button--cta\"><span>Ontdek<\/span><i class='lagon-fleche-vers-le-haut'><\/i><\/div>\n\n\t<pre>NULL\n<\/pre>\n\t\t\n<\/a>\n\n\n<\/div><\/div><div class=\"wp-block-column\"><div class=\"ls-cta \">\n\n<a href=\"https:\/\/www.cottagesdeperpignan.com\/nl\/onze-accommodaties\/\" target=\"\" rel=\"noopener\" class=\"ls-cta__link\">\n\n\t<div class=\"ls-cta__image\"><img decoding=\"async\" src=\"https:\/\/www.cottagesdeperpignan.com\/wp-content\/uploads\/2023\/11\/location-mobil-home-perpignan.webp\" alt=\"verhuur stacaravan perpignan\"><\/div>\n\t<div class=\"ls-cta__title\">\n\t\tStacaravans\t<\/div>\n\n\t<div class=\"ls-button ls-button--cta\"><span>Ontdek<\/span><i class='lagon-fleche-vers-le-haut'><\/i><\/div>\n\n\t<pre>NULL\n<\/pre>\n\t\t\n<\/a>\n\n\n<\/div><\/div><div class=\"wp-block-column\"><div class=\"ls-cta \">\n\n<a href=\"https:\/\/www.cottagesdeperpignan.com\/nl\/ondersteunende-diensten\/\" target=\"\" rel=\"noopener\" class=\"ls-cta__link\">\n\n\t<div class=\"ls-cta__image\"><img decoding=\"async\" src=\"https:\/\/www.cottagesdeperpignan.com\/wp-content\/uploads\/2023\/11\/laverie.webp\" alt=\"was\"><\/div>\n\t<div class=\"ls-cta__title\">\n\t\tDiensten\t<\/div>\n\n\t<div class=\"ls-button ls-button--cta\"><span>Ontdek<\/span><i class='lagon-fleche-vers-le-haut'><\/i><\/div>\n\n\t<pre>NULL\n<\/pre>\n\t\t\n<\/a>\n\n\n<\/div><\/div><\/div><\/div>\n\r\n    <\/div>\r\n<\/section>","protected":false},"excerpt":{"rendered":"","protected":false},"author":1,"featured_media":3796,"parent":0,"menu_order":0,"comment_status":"closed","ping_status":"closed","template":"","meta":{"_acf_changed":false,"inline_featured_image":false,"footnotes":""},"sujet":[],"class_list":["post-3795","page","type-page","status-publish","has-post-thumbnail","hentry"],"acf":[],"yoast_head":"<!-- This site is optimized with the Yoast SEO plugin v23.4 - https:\/\/yoast.com\/wordpress\/plugins\/seo\/ -->\n<title>Camping Pyr\u00e9n\u00e9es-Orientales : uw vakantie op onze 4-sterren camping in de Pyr\u00e9n\u00e9es Orientales<\/title>\n<meta name=\"robots\" content=\"index, follow, max-snippet:-1, max-image-preview:large, max-video-preview:-1\" \/>\n<link rel=\"canonical\" href=\"https:\/\/www.cottagesdeperpignan.com\/nl\/de-camping\/\" \/>\n<meta property=\"og:locale\" content=\"nl_NL\" \/>\n<meta property=\"og:type\" content=\"article\" \/>\n<meta property=\"og:title\" content=\"Camping Pyr\u00e9n\u00e9es-Orientales : uw vakantie op onze 4-sterren camping in de Pyr\u00e9n\u00e9es Orientales\" \/>\n<meta property=\"og:url\" content=\"https:\/\/www.cottagesdeperpignan.com\/nl\/de-camping\/\" \/>\n<meta property=\"og:site_name\" content=\"Les Cottages de Perpignan\" \/>\n<meta property=\"article:modified_time\" content=\"2023-12-04T08:58:53+00:00\" \/>\n<meta property=\"og:image\" content=\"https:\/\/www.cottagesdeperpignan.com\/wp-content\/uploads\/2023\/11\/camping-cottage-perpignan.webp\" \/>\n\t<meta property=\"og:image:width\" content=\"1920\" \/>\n\t<meta property=\"og:image:height\" content=\"1280\" \/>\n\t<meta property=\"og:image:type\" content=\"image\/webp\" \/>\n<meta name=\"twitter:card\" content=\"summary_large_image\" \/>\n<meta name=\"twitter:label1\" content=\"Geschatte leestijd\" \/>\n\t<meta name=\"twitter:data1\" content=\"3 minuten\" \/>\n<script type=\"application\/ld+json\" class=\"yoast-schema-graph\">{\"@context\":\"https:\/\/schema.org\",\"@graph\":[{\"@type\":\"WebPage\",\"@id\":\"https:\/\/www.cottagesdeperpignan.com\/nl\/de-camping\/\",\"url\":\"https:\/\/www.cottagesdeperpignan.com\/nl\/de-camping\/\",\"name\":\"Camping Pyr\u00e9n\u00e9es-Orientales : uw vakantie op onze 4-sterren camping in de Pyr\u00e9n\u00e9es Orientales\",\"isPartOf\":{\"@id\":\"https:\/\/www.cottagesdeperpignan.com\/nl\/#website\"},\"primaryImageOfPage\":{\"@id\":\"https:\/\/www.cottagesdeperpignan.com\/nl\/de-camping\/#primaryimage\"},\"image\":{\"@id\":\"https:\/\/www.cottagesdeperpignan.com\/nl\/de-camping\/#primaryimage\"},\"thumbnailUrl\":\"https:\/\/www.cottagesdeperpignan.com\/wp-content\/uploads\/2023\/11\/camping-cottage-perpignan.webp\",\"datePublished\":\"2023-11-02T12:32:40+00:00\",\"dateModified\":\"2023-12-04T08:58:53+00:00\",\"breadcrumb\":{\"@id\":\"https:\/\/www.cottagesdeperpignan.com\/nl\/de-camping\/#breadcrumb\"},\"inLanguage\":\"nl-NL\",\"potentialAction\":[{\"@type\":\"ReadAction\",\"target\":[\"https:\/\/www.cottagesdeperpignan.com\/nl\/de-camping\/\"]}]},{\"@type\":\"ImageObject\",\"inLanguage\":\"nl-NL\",\"@id\":\"https:\/\/www.cottagesdeperpignan.com\/nl\/de-camping\/#primaryimage\",\"url\":\"https:\/\/www.cottagesdeperpignan.com\/wp-content\/uploads\/2023\/11\/camping-cottage-perpignan.webp\",\"contentUrl\":\"https:\/\/www.cottagesdeperpignan.com\/wp-content\/uploads\/2023\/11\/camping-cottage-perpignan.webp\",\"width\":1920,\"height\":1280,\"caption\":\"vakantiehuis camping perpignan\"},{\"@type\":\"BreadcrumbList\",\"@id\":\"https:\/\/www.cottagesdeperpignan.com\/nl\/de-camping\/#breadcrumb\",\"itemListElement\":[{\"@type\":\"ListItem\",\"position\":1,\"name\":\"Camping Perpignan\",\"item\":\"https:\/\/www.cottagesdeperpignan.com\/nl\/\"},{\"@type\":\"ListItem\",\"position\":2,\"name\":\"Presentatie\"}]},{\"@type\":\"WebSite\",\"@id\":\"https:\/\/www.cottagesdeperpignan.com\/nl\/#website\",\"url\":\"https:\/\/www.cottagesdeperpignan.com\/nl\/\",\"name\":\"Les Cottages de Perpignan\",\"description\":\"\",\"publisher\":{\"@id\":\"https:\/\/www.cottagesdeperpignan.com\/nl\/#organization\"},\"potentialAction\":[{\"@type\":\"SearchAction\",\"target\":{\"@type\":\"EntryPoint\",\"urlTemplate\":\"https:\/\/www.cottagesdeperpignan.com\/nl\/?s={search_term_string}\"},\"query-input\":{\"@type\":\"PropertyValueSpecification\",\"valueRequired\":true,\"valueName\":\"search_term_string\"}}],\"inLanguage\":\"nl-NL\"},{\"@type\":\"Organization\",\"@id\":\"https:\/\/www.cottagesdeperpignan.com\/nl\/#organization\",\"name\":\"Les Cottages de Perpignan\",\"url\":\"https:\/\/www.cottagesdeperpignan.com\/nl\/\",\"logo\":{\"@type\":\"ImageObject\",\"inLanguage\":\"nl-NL\",\"@id\":\"https:\/\/www.cottagesdeperpignan.com\/nl\/#\/schema\/logo\/image\/\",\"url\":\"https:\/\/www.cottagesdeperpignan.com\/wp-content\/uploads\/2023\/11\/logo-cottages-perpignan.png\",\"contentUrl\":\"https:\/\/www.cottagesdeperpignan.com\/wp-content\/uploads\/2023\/11\/logo-cottages-perpignan.png\",\"width\":2560,\"height\":1418,\"caption\":\"Les Cottages de Perpignan\"},\"image\":{\"@id\":\"https:\/\/www.cottagesdeperpignan.com\/nl\/#\/schema\/logo\/image\/\"}}]}<\/script>\n<!-- \/ Yoast SEO plugin. -->","yoast_head_json":{"title":"Camping Pyr\u00e9n\u00e9es-Orientales : uw vakantie op onze 4-sterren camping in de Pyr\u00e9n\u00e9es Orientales","robots":{"index":"index","follow":"follow","max-snippet":"max-snippet:-1","max-image-preview":"max-image-preview:large","max-video-preview":"max-video-preview:-1"},"canonical":"https:\/\/www.cottagesdeperpignan.com\/nl\/de-camping\/","og_locale":"nl_NL","og_type":"article","og_title":"Camping Pyr\u00e9n\u00e9es-Orientales : uw vakantie op onze 4-sterren camping in de Pyr\u00e9n\u00e9es Orientales","og_url":"https:\/\/www.cottagesdeperpignan.com\/nl\/de-camping\/","og_site_name":"Les Cottages de Perpignan","article_modified_time":"2023-12-04T08:58:53+00:00","og_image":[{"width":1920,"height":1280,"url":"https:\/\/www.cottagesdeperpignan.com\/wp-content\/uploads\/2023\/11\/camping-cottage-perpignan.webp","type":"image\/webp"}],"twitter_card":"summary_large_image","twitter_misc":{"Geschatte leestijd":"3 minuten"},"schema":{"@context":"https:\/\/schema.org","@graph":[{"@type":"WebPage","@id":"https:\/\/www.cottagesdeperpignan.com\/nl\/de-camping\/","url":"https:\/\/www.cottagesdeperpignan.com\/nl\/de-camping\/","name":"Camping Pyr\u00e9n\u00e9es-Orientales : uw vakantie op onze 4-sterren camping in de Pyr\u00e9n\u00e9es Orientales","isPartOf":{"@id":"https:\/\/www.cottagesdeperpignan.com\/nl\/#website"},"primaryImageOfPage":{"@id":"https:\/\/www.cottagesdeperpignan.com\/nl\/de-camping\/#primaryimage"},"image":{"@id":"https:\/\/www.cottagesdeperpignan.com\/nl\/de-camping\/#primaryimage"},"thumbnailUrl":"https:\/\/www.cottagesdeperpignan.com\/wp-content\/uploads\/2023\/11\/camping-cottage-perpignan.webp","datePublished":"2023-11-02T12:32:40+00:00","dateModified":"2023-12-04T08:58:53+00:00","breadcrumb":{"@id":"https:\/\/www.cottagesdeperpignan.com\/nl\/de-camping\/#breadcrumb"},"inLanguage":"nl-NL","potentialAction":[{"@type":"ReadAction","target":["https:\/\/www.cottagesdeperpignan.com\/nl\/de-camping\/"]}]},{"@type":"ImageObject","inLanguage":"nl-NL","@id":"https:\/\/www.cottagesdeperpignan.com\/nl\/de-camping\/#primaryimage","url":"https:\/\/www.cottagesdeperpignan.com\/wp-content\/uploads\/2023\/11\/camping-cottage-perpignan.webp","contentUrl":"https:\/\/www.cottagesdeperpignan.com\/wp-content\/uploads\/2023\/11\/camping-cottage-perpignan.webp","width":1920,"height":1280,"caption":"vakantiehuis camping perpignan"},{"@type":"BreadcrumbList","@id":"https:\/\/www.cottagesdeperpignan.com\/nl\/de-camping\/#breadcrumb","itemListElement":[{"@type":"ListItem","position":1,"name":"Camping Perpignan","item":"https:\/\/www.cottagesdeperpignan.com\/nl\/"},{"@type":"ListItem","position":2,"name":"Presentatie"}]},{"@type":"WebSite","@id":"https:\/\/www.cottagesdeperpignan.com\/nl\/#website","url":"https:\/\/www.cottagesdeperpignan.com\/nl\/","name":"Les Cottages de Perpignan","description":"","publisher":{"@id":"https:\/\/www.cottagesdeperpignan.com\/nl\/#organization"},"potentialAction":[{"@type":"SearchAction","target":{"@type":"EntryPoint","urlTemplate":"https:\/\/www.cottagesdeperpignan.com\/nl\/?s={search_term_string}"},"query-input":{"@type":"PropertyValueSpecification","valueRequired":true,"valueName":"search_term_string"}}],"inLanguage":"nl-NL"},{"@type":"Organization","@id":"https:\/\/www.cottagesdeperpignan.com\/nl\/#organization","name":"Les Cottages de Perpignan","url":"https:\/\/www.cottagesdeperpignan.com\/nl\/","logo":{"@type":"ImageObject","inLanguage":"nl-NL","@id":"https:\/\/www.cottagesdeperpignan.com\/nl\/#\/schema\/logo\/image\/","url":"https:\/\/www.cottagesdeperpignan.com\/wp-content\/uploads\/2023\/11\/logo-cottages-perpignan.png","contentUrl":"https:\/\/www.cottagesdeperpignan.com\/wp-content\/uploads\/2023\/11\/logo-cottages-perpignan.png","width":2560,"height":1418,"caption":"Les Cottages de Perpignan"},"image":{"@id":"https:\/\/www.cottagesdeperpignan.com\/nl\/#\/schema\/logo\/image\/"}}]}},"_links":{"self":[{"href":"https:\/\/www.cottagesdeperpignan.com\/nl\/wp-json\/wp\/v2\/pages\/3795","targetHints":{"allow":["GET"]}}],"collection":[{"href":"https:\/\/www.cottagesdeperpignan.com\/nl\/wp-json\/wp\/v2\/pages"}],"about":[{"href":"https:\/\/www.cottagesdeperpignan.com\/nl\/wp-json\/wp\/v2\/types\/page"}],"author":[{"embeddable":true,"href":"https:\/\/www.cottagesdeperpignan.com\/nl\/wp-json\/wp\/v2\/users\/1"}],"replies":[{"embeddable":true,"href":"https:\/\/www.cottagesdeperpignan.com\/nl\/wp-json\/wp\/v2\/comments?post=3795"}],"version-history":[{"count":18,"href":"https:\/\/www.cottagesdeperpignan.com\/nl\/wp-json\/wp\/v2\/pages\/3795\/revisions"}],"predecessor-version":[{"id":4719,"href":"https:\/\/www.cottagesdeperpignan.com\/nl\/wp-json\/wp\/v2\/pages\/3795\/revisions\/4719"}],"wp:featuredmedia":[{"embeddable":true,"href":"https:\/\/www.cottagesdeperpignan.com\/nl\/wp-json\/wp\/v2\/media\/3796"}],"wp:attachment":[{"href":"https:\/\/www.cottagesdeperpignan.com\/nl\/wp-json\/wp\/v2\/media?parent=3795"}],"wp:term":[{"taxonomy":"sujet","embeddable":true,"href":"https:\/\/www.cottagesdeperpignan.com\/nl\/wp-json\/wp\/v2\/sujet?post=3795"}],"curies":[{"name":"wp","href":"https:\/\/api.w.org\/{rel}","templated":true}]}}